{"id":22799,"date":"2023-03-22T18:31:22","date_gmt":"2023-03-22T18:31:22","guid":{"rendered":"https:\/\/chilimag.hu\/webshop\/?post_type=product&#038;p=22799"},"modified":"2026-03-08T18:50:25","modified_gmt":"2026-03-08T18:50:25","slug":"tarajos-celozia-z-s-sl","status":"publish","type":"product","link":"https:\/\/chilimag.hu\/webshop\/termek\/tarajos-celozia-z-s-sl\/","title":{"rendered":"Tarajos cel\u00f3zia(Toreodor) Z.S SL"},"content":{"rendered":"","protected":false},"excerpt":{"rendered":"<p><img decoding=\"async\" class=\"active-logo\" src=\"https:\/\/b2b.seklos.lt\/themes\/warehouse\/img\/logo_en.png\" alt=\"Agrofirma S\u0117klos, UAB\" width=\"280\" height=\"95\" \/><\/p>\n<p>Egyny\u00e1ri 60-70 cm magas vir\u00e1gok. A vir\u00e1gok kakasf\u00e9s\u0171re eml\u00e9keztet\u0151, vil\u00e1gos f\u00fcrt\u00f6kben n\u0151nek. A vir\u00e1gokat csokorba szedik, sz\u00e1rad\u00e1skor nem fakulnak ki a sz\u00edn\u00fck, vir\u00e1gkompoz\u00edci\u00f3khoz haszn\u00e1lj\u00e1k. Laza, term\u00e9keny talajban j\u00f3l fejl\u0151dik. Mint egy napos \u00e9s meleg hely. Vir\u00e1goskertekben, padl\u00f3cser\u00e9pben, k\u00fcl\u00f6n\u00e1ll\u00f3 n\u00f6v\u00e9nyekben termesztik. Fagy\u00e9rz\u00e9keny. A mag +18-20 \u00b0C h\u0151m\u00e9rs\u00e9kleten 10-14 napon bel\u00fcl kics\u00edr\u00e1zik.<br \/>\nB \u00e1rcsoport<br \/>\nKiszerel\u00e9s egy csomagban 0,2 g<br \/>\nA magok sz\u00e1ma grammonk\u00e9nt ~ 1100-1200<br \/>\nTranszplant\u00e1ci\u00f3 V<br \/>\n\u00dcltet\u00e9si t\u00e1vols\u00e1gok 15 x 20 cm<br \/>\nVir\u00e1gz\u00e1si id\u0151, magass\u00e1g VI\u2013IX, 60-70 cm<br \/>\nNapos hely Igen<br \/>\nPiros sz\u00edn<br \/>\nGy\u00e1rt\u00f3 \u017dalia stotel\u0117<br \/>\nVeget\u00e1ci\u00f3 Egyny\u00e1ri<br \/>\nVir\u00e1goskertekben termeszthet\u0151<br \/>\nNapos \u00e9ghajlat<br \/>\nVir\u00e1gz\u00e1si id\u0151szak III-VI<br \/>\nN\u00f6v\u00e9nymagass\u00e1g, cm 60-70 cm<\/p>\n","protected":false},"featured_media":22800,"comment_status":"closed","ping_status":"closed","template":"","meta":[],"product_brand":[],"product_cat":[363],"product_tag":[],"class_list":{"0":"post-22799","1":"product","2":"type-product","3":"status-publish","4":"has-post-thumbnail","6":"product_cat-virag-vetomagok-zalia-stotele","8":"first","9":"instock","10":"taxable","11":"shipping-taxable","12":"purchasable","13":"product-type-simple"},"_links":{"self":[{"href":"https:\/\/chilimag.hu\/webshop\/wp-json\/wp\/v2\/product\/22799","targetHints":{"allow":["GET"]}}],"collection":[{"href":"https:\/\/chilimag.hu\/webshop\/wp-json\/wp\/v2\/product"}],"about":[{"href":"https:\/\/chilimag.hu\/webshop\/wp-json\/wp\/v2\/types\/product"}],"replies":[{"embeddable":true,"href":"https:\/\/chilimag.hu\/webshop\/wp-json\/wp\/v2\/comments?post=22799"}],"wp:featuredmedia":[{"embeddable":true,"href":"https:\/\/chilimag.hu\/webshop\/wp-json\/wp\/v2\/media\/22800"}],"wp:attachment":[{"href":"https:\/\/chilimag.hu\/webshop\/wp-json\/wp\/v2\/media?parent=22799"}],"wp:term":[{"taxonomy":"product_brand","embeddable":true,"href":"https:\/\/chilimag.hu\/webshop\/wp-json\/wp\/v2\/product_brand?post=22799"},{"taxonomy":"product_cat","embeddable":true,"href":"https:\/\/chilimag.hu\/webshop\/wp-json\/wp\/v2\/product_cat?post=22799"},{"taxonomy":"product_tag","embeddable":true,"href":"https:\/\/chilimag.hu\/webshop\/wp-json\/wp\/v2\/product_tag?post=22799"}],"curies":[{"name":"wp","href":"https:\/\/api.w.org\/{rel}","templated":true}]}}