{"id":22791,"date":"2023-03-22T18:15:15","date_gmt":"2023-03-22T18:15:15","guid":{"rendered":"https:\/\/chilimag.hu\/webshop\/?post_type=product&#038;p=22791"},"modified":"2026-03-08T18:50:25","modified_gmt":"2026-03-08T18:50:25","slug":"havasi-oszirozsa-z-s-sl","status":"publish","type":"product","link":"https:\/\/chilimag.hu\/webshop\/termek\/havasi-oszirozsa-z-s-sl\/","title":{"rendered":"Havasi \u0151szir\u00f3zsa Alpina STER Z.S SL"},"content":{"rendered":"","protected":false},"excerpt":{"rendered":"<p><img decoding=\"async\" class=\"active-logo\" src=\"https:\/\/b2b.seklos.lt\/themes\/warehouse\/img\/logo_en.png\" alt=\"Agrofirma S\u0117klos, UAB\" width=\"280\" height=\"95\" \/><\/p>\n<p>\u00c9vel\u0151, 25-30 cm magas vir\u00e1gok. Vir\u00e1gai 4-5 cm \u00e1tm\u00e9r\u0151j\u0171ek, f\u00e9nyesek, nektariferek \u2013 m\u00e9hek, lepk\u00e9k l\u00e1togatj\u00e1k. N\u00f6vekszik \u00e9s vir\u00e1gzik napos \u00e9s \u00e1rny\u00e9kos helyen is, nem ig\u00e9nyes a talajra. Az \u00e1rny\u00e9kos, p\u00e1r\u00e1s, vizes ter\u00fcletek nem alkalmasak. \u00dcltet\u0151knek, vir\u00e1goskerteknek, sziklakerteknek, csokroknak. A vir\u00e1gokat csokorba szedik, v\u00e1gva nem hervadnak sok\u00e1ig. Egy helyen 3-4 \u00e9vig is n\u0151het.<br \/>\nMennyis\u00e9g kiszerel\u00e9sben 0,5g<br \/>\nMagok sz\u00e1ma grammonk\u00e9nt K\u00f6r\u00fclbel\u00fcl 700-800 mag<br \/>\n\u00dcltet\u00e9si t\u00e1vols\u00e1gok 20 x 40 cm<br \/>\nVir\u00e1gz\u00e1si id\u0151, magass\u00e1g VI \u2013 VII, 25-30 cm<br \/>\nNapos hely Igen<br \/>\nSz\u00edn Sz\u00ednek kever\u00e9ke<br \/>\nVet\u00e9sid\u0151 a talajban V \u2013 VII<br \/>\nA pal\u00e1nt\u00e1k vet\u00e9si ideje III-IV<br \/>\nGy\u00e1rt\u00f3 \u017dalia stotel\u0117<br \/>\nVeget\u00e1ci\u00f3 \u00e9vel\u0151<br \/>\nVir\u00e1goskertekben, Alpinariumokban termeszthet\u0151<br \/>\nNapos \u00e9ghajlat<\/p>\n","protected":false},"featured_media":22792,"comment_status":"closed","ping_status":"closed","template":"","meta":[],"product_brand":[],"product_cat":[363],"product_tag":[],"class_list":{"0":"post-22791","1":"product","2":"type-product","3":"status-publish","4":"has-post-thumbnail","6":"product_cat-virag-vetomagok-zalia-stotele","8":"first","9":"instock","10":"taxable","11":"shipping-taxable","12":"purchasable","13":"product-type-simple"},"_links":{"self":[{"href":"https:\/\/chilimag.hu\/webshop\/wp-json\/wp\/v2\/product\/22791","targetHints":{"allow":["GET"]}}],"collection":[{"href":"https:\/\/chilimag.hu\/webshop\/wp-json\/wp\/v2\/product"}],"about":[{"href":"https:\/\/chilimag.hu\/webshop\/wp-json\/wp\/v2\/types\/product"}],"replies":[{"embeddable":true,"href":"https:\/\/chilimag.hu\/webshop\/wp-json\/wp\/v2\/comments?post=22791"}],"wp:featuredmedia":[{"embeddable":true,"href":"https:\/\/chilimag.hu\/webshop\/wp-json\/wp\/v2\/media\/22792"}],"wp:attachment":[{"href":"https:\/\/chilimag.hu\/webshop\/wp-json\/wp\/v2\/media?parent=22791"}],"wp:term":[{"taxonomy":"product_brand","embeddable":true,"href":"https:\/\/chilimag.hu\/webshop\/wp-json\/wp\/v2\/product_brand?post=22791"},{"taxonomy":"product_cat","embeddable":true,"href":"https:\/\/chilimag.hu\/webshop\/wp-json\/wp\/v2\/product_cat?post=22791"},{"taxonomy":"product_tag","embeddable":true,"href":"https:\/\/chilimag.hu\/webshop\/wp-json\/wp\/v2\/product_tag?post=22791"}],"curies":[{"name":"wp","href":"https:\/\/api.w.org\/{rel}","templated":true}]}}