{"id":22788,"date":"2023-03-22T18:09:17","date_gmt":"2023-03-22T18:09:17","guid":{"rendered":"https:\/\/chilimag.hu\/webshop\/?post_type=product&#038;p=22788"},"modified":"2026-02-20T01:15:03","modified_gmt":"2026-02-20T01:15:03","slug":"pazsitviola-z-s-sl","status":"publish","type":"product","link":"https:\/\/chilimag.hu\/webshop\/termek\/pazsitviola-z-s-sl\/","title":{"rendered":"P\u00e1zsitviola (Cascade purple) Z.S SL"},"content":{"rendered":"","protected":false},"excerpt":{"rendered":"<p><img decoding=\"async\" class=\"active-logo\" src=\"https:\/\/b2b.seklos.lt\/themes\/warehouse\/img\/logo_en.png\" alt=\"Agrofirma S\u0117klos, UAB\" width=\"280\" height=\"95\" \/><\/p>\n<p>\u00c9vel\u0151, 10 cm magas, sz\u0151nyegpadl\u00f3s, hossz\u00fa vir\u00e1gz\u00e1s\u00fa vir\u00e1gok. A vir\u00e1gok kicsik, 1 cm \u00e1tm\u00e9r\u0151j\u0171ek, b\u0151s\u00e9gesen vir\u00e1goznak. \u00dcltetett temet\u0151kbe \u00e9s sziklakertekbe, erk\u00e9lyekre. Sz\u00e1raz talajban, napos helyen fejl\u0151dik a legjobban. A magok +15 \u00b0C h\u0151m\u00e9rs\u00e9kleten 18-22 napon bel\u00fcl cs\u00edr\u00e1znak. Az Aubrieta t\u00e9len nem ig\u00e9nyel takar\u00e1st, sok \u00e9ven \u00e1t n\u0151het an\u00e9lk\u00fcl, hogy kicser\u00e9ln\u00e9k. K\u00f6nnyen szapor\u00edthat\u00f3. Nagyon alkalmas \u00e9l\u00e9nks\u00e1rga alissum k\u00f6zeli \u00fcltet\u00e9sre.<br \/>\nMennyis\u00e9g egy csomagban 0,1 g<br \/>\nTranszplant\u00e1ci\u00f3 V<br \/>\n\u00dcltet\u00e9si t\u00e1vols\u00e1gok 20 x 20 cm<br \/>\nVir\u00e1gz\u00e1si id\u0151, magass\u00e1g V-VI, 10 cm<br \/>\nNapos hely Igen<br \/>\n\u00c9vel\u0151 Igen<br \/>\nSz\u00edn Lila<br \/>\nGy\u00e1rt\u00f3 \u017dalia stotel\u0117<br \/>\nVeget\u00e1ci\u00f3 \u00e9vel\u0151<br \/>\nSziklakertekben, vir\u00e1goskertekben termeszthet\u0151<br \/>\nNapos \u00e9ghajlat<\/p>\n","protected":false},"featured_media":22789,"comment_status":"closed","ping_status":"closed","template":"","meta":[],"product_brand":[],"product_cat":[363],"product_tag":[],"class_list":{"0":"post-22788","1":"product","2":"type-product","3":"status-publish","4":"has-post-thumbnail","6":"product_cat-virag-vetomagok-zalia-stotele","8":"first","9":"instock","10":"taxable","11":"shipping-taxable","12":"purchasable","13":"product-type-simple"},"_links":{"self":[{"href":"https:\/\/chilimag.hu\/webshop\/wp-json\/wp\/v2\/product\/22788","targetHints":{"allow":["GET"]}}],"collection":[{"href":"https:\/\/chilimag.hu\/webshop\/wp-json\/wp\/v2\/product"}],"about":[{"href":"https:\/\/chilimag.hu\/webshop\/wp-json\/wp\/v2\/types\/product"}],"replies":[{"embeddable":true,"href":"https:\/\/chilimag.hu\/webshop\/wp-json\/wp\/v2\/comments?post=22788"}],"wp:featuredmedia":[{"embeddable":true,"href":"https:\/\/chilimag.hu\/webshop\/wp-json\/wp\/v2\/media\/22789"}],"wp:attachment":[{"href":"https:\/\/chilimag.hu\/webshop\/wp-json\/wp\/v2\/media?parent=22788"}],"wp:term":[{"taxonomy":"product_brand","embeddable":true,"href":"https:\/\/chilimag.hu\/webshop\/wp-json\/wp\/v2\/product_brand?post=22788"},{"taxonomy":"product_cat","embeddable":true,"href":"https:\/\/chilimag.hu\/webshop\/wp-json\/wp\/v2\/product_cat?post=22788"},{"taxonomy":"product_tag","embeddable":true,"href":"https:\/\/chilimag.hu\/webshop\/wp-json\/wp\/v2\/product_tag?post=22788"}],"curies":[{"name":"wp","href":"https:\/\/api.w.org\/{rel}","templated":true}]}}