{"id":22768,"date":"2023-03-21T19:16:55","date_gmt":"2023-03-21T19:16:55","guid":{"rendered":"https:\/\/chilimag.hu\/webshop\/?post_type=product&#038;p=22768"},"modified":"2026-03-23T09:33:40","modified_gmt":"2026-03-23T09:33:40","slug":"salata-lollo-rossa-sl-agr","status":"publish","type":"product","link":"https:\/\/chilimag.hu\/webshop\/termek\/salata-lollo-rossa-sl-agr\/","title":{"rendered":"Sal\u00e1ta Lollo Rossa SL AGR"},"content":{"rendered":"","protected":false},"excerpt":{"rendered":"<p><img decoding=\"async\" class=\"logo\" src=\"https:\/\/b2b.seklos.lt\/themes\/warehouse\/img\/logo_en.png\" alt=\"Agrofirma S\u0117klos, UAB\" \/><\/p>\n<p>K\u00f6z\u00e9pkorai laza level\u0171 sal\u00e1ta fajta. A cs\u00edr\u00e1z\u00e1s ut\u00e1n 45-50 napon bel\u00fcl betakar\u00edthat\u00f3. A n\u00f6v\u00e9ny k\u00f6zepes m\u00e9ret\u0171, levelei g\u00f6nd\u00f6r, vil\u00e1gosz\u00f6ld, v\u00f6r\u00f6ses sz\u00e9l\u0171. A lev\u00e1gott levelek \u00fajra n\u0151nek. Szabadf\u00f6ldre \u00e9s \u00fcvegh\u00e1zakba is vethet\u0151.<br \/>\nEgy csomagban l\u00e9v\u0151 mennyis\u00e9g 1 g<br \/>\nMagok sz\u00e1ma grammonk\u00e9nt 800-1100<br \/>\nSz\u00fcret IV\u2013IX<br \/>\nVet\u00e9sid\u0151 a talajban III-IV, 0,5 \u0441m<br \/>\nGy\u00e1rt\u00f3 Agronom<\/p>\n","protected":false},"featured_media":22769,"comment_status":"closed","ping_status":"closed","template":"","meta":[],"product_brand":[],"product_cat":[403],"product_tag":[],"class_list":{"0":"post-22768","1":"product","2":"type-product","3":"status-publish","4":"has-post-thumbnail","6":"product_cat-retek-salata-es-leveles-zoldsegek-vetomagok","8":"first","9":"instock","10":"taxable","11":"shipping-taxable","12":"purchasable","13":"product-type-simple"},"_links":{"self":[{"href":"https:\/\/chilimag.hu\/webshop\/wp-json\/wp\/v2\/product\/22768","targetHints":{"allow":["GET"]}}],"collection":[{"href":"https:\/\/chilimag.hu\/webshop\/wp-json\/wp\/v2\/product"}],"about":[{"href":"https:\/\/chilimag.hu\/webshop\/wp-json\/wp\/v2\/types\/product"}],"replies":[{"embeddable":true,"href":"https:\/\/chilimag.hu\/webshop\/wp-json\/wp\/v2\/comments?post=22768"}],"wp:featuredmedia":[{"embeddable":true,"href":"https:\/\/chilimag.hu\/webshop\/wp-json\/wp\/v2\/media\/22769"}],"wp:attachment":[{"href":"https:\/\/chilimag.hu\/webshop\/wp-json\/wp\/v2\/media?parent=22768"}],"wp:term":[{"taxonomy":"product_brand","embeddable":true,"href":"https:\/\/chilimag.hu\/webshop\/wp-json\/wp\/v2\/product_brand?post=22768"},{"taxonomy":"product_cat","embeddable":true,"href":"https:\/\/chilimag.hu\/webshop\/wp-json\/wp\/v2\/product_cat?post=22768"},{"taxonomy":"product_tag","embeddable":true,"href":"https:\/\/chilimag.hu\/webshop\/wp-json\/wp\/v2\/product_tag?post=22768"}],"curies":[{"name":"wp","href":"https:\/\/api.w.org\/{rel}","templated":true}]}}