{"id":22760,"date":"2023-03-21T19:04:58","date_gmt":"2023-03-21T19:04:58","guid":{"rendered":"https:\/\/chilimag.hu\/webshop\/?post_type=product&#038;p=22760"},"modified":"2026-01-23T12:00:09","modified_gmt":"2026-01-23T12:00:09","slug":"zeller-albin-sl-agr","status":"publish","type":"product","link":"https:\/\/chilimag.hu\/webshop\/termek\/zeller-albin-sl-agr\/","title":{"rendered":"Zeller Albin SL AGR"},"content":{"rendered":"","protected":false},"excerpt":{"rendered":"<p><img decoding=\"async\" class=\"logo\" src=\"https:\/\/b2b.seklos.lt\/themes\/warehouse\/img\/logo_en.png\" alt=\"Agrofirma S\u0117klos, UAB\" \/><\/p>\n<p>&nbsp;<\/p>\n<p>Betegs\u00e9gekkel szemben ellen\u00e1ll\u00f3, k\u00f6z\u00e9pkorai fajta. A gy\u00f6kerek nagyok, kerekek, nem el\u00e1gaz\u00f3ak. A h\u00fas feh\u00e9r, \u00e9s fagyaszt\u00e1s vagy feldolgoz\u00e1s ut\u00e1n is ilyen marad. K\u00f6z\u00e9pneh\u00e9z, humuszban gazdag, j\u00f3l m\u0171velt, nem nedves talajban fejl\u0151dik a legjobban.<br \/>\nMennyis\u00e9g egy csomagban 0,2g<br \/>\nMagok sz\u00e1ma grammonk\u00e9nt 1800-2500<br \/>\nSz\u00fcret IX-X<br \/>\nVet\u00e9sid\u0151 a talajban III, 0 cm<br \/>\nGy\u00e1rt\u00f3 Agronom<\/p>\n","protected":false},"featured_media":22761,"comment_status":"closed","ping_status":"closed","template":"","meta":[],"product_brand":[],"product_cat":[406],"product_tag":[],"class_list":{"0":"post-22760","1":"product","2":"type-product","3":"status-publish","4":"has-post-thumbnail","6":"product_cat-zeller-karalabe-cekla-vetomagok-agronom","8":"first","9":"instock","10":"taxable","11":"shipping-taxable","12":"purchasable","13":"product-type-simple"},"_links":{"self":[{"href":"https:\/\/chilimag.hu\/webshop\/wp-json\/wp\/v2\/product\/22760","targetHints":{"allow":["GET"]}}],"collection":[{"href":"https:\/\/chilimag.hu\/webshop\/wp-json\/wp\/v2\/product"}],"about":[{"href":"https:\/\/chilimag.hu\/webshop\/wp-json\/wp\/v2\/types\/product"}],"replies":[{"embeddable":true,"href":"https:\/\/chilimag.hu\/webshop\/wp-json\/wp\/v2\/comments?post=22760"}],"wp:featuredmedia":[{"embeddable":true,"href":"https:\/\/chilimag.hu\/webshop\/wp-json\/wp\/v2\/media\/22761"}],"wp:attachment":[{"href":"https:\/\/chilimag.hu\/webshop\/wp-json\/wp\/v2\/media?parent=22760"}],"wp:term":[{"taxonomy":"product_brand","embeddable":true,"href":"https:\/\/chilimag.hu\/webshop\/wp-json\/wp\/v2\/product_brand?post=22760"},{"taxonomy":"product_cat","embeddable":true,"href":"https:\/\/chilimag.hu\/webshop\/wp-json\/wp\/v2\/product_cat?post=22760"},{"taxonomy":"product_tag","embeddable":true,"href":"https:\/\/chilimag.hu\/webshop\/wp-json\/wp\/v2\/product_tag?post=22760"}],"curies":[{"name":"wp","href":"https:\/\/api.w.org\/{rel}","templated":true}]}}