{"id":22746,"date":"2023-03-21T18:45:36","date_gmt":"2023-03-21T18:45:36","guid":{"rendered":"https:\/\/chilimag.hu\/webshop\/?post_type=product&#038;p=22746"},"modified":"2026-02-11T13:42:05","modified_gmt":"2026-02-11T13:42:05","slug":"retek-cherry-belle-sl-agr","status":"publish","type":"product","link":"https:\/\/chilimag.hu\/webshop\/termek\/retek-cherry-belle-sl-agr\/","title":{"rendered":"Retek Cherry Belle SL AGR"},"content":{"rendered":"","protected":false},"excerpt":{"rendered":"<p><img decoding=\"async\" class=\"logo\" src=\"https:\/\/b2b.seklos.lt\/themes\/warehouse\/img\/logo_en.png\" alt=\"Agrofirma S\u0117klos, UAB\" \/><\/p>\n<p>Korai fajta. A veget\u00e1ci\u00f3s id\u0151szak 25-30 nap. A retek \u00e9l\u00e9nkpiros, feh\u00e9r h\u00fas\u00fa, ropog\u00f3s. Szabadf\u00f6ld\u00f6n vagy \u00fcvegh\u00e1zakban termeszthet\u0151. Az \u0151szi betakar\u00edt\u00e1shoz a retket augusztus m\u00e1sodik fel\u00e9ben kell elvetni.<br \/>\nKiszerel\u00e9s egy csomagban 4 g<br \/>\nMagok sz\u00e1ma grammonk\u00e9nt 70-130<br \/>\nSz\u00fcret IV\u2013VI, IX<br \/>\nVet\u00e9sid\u0151 a talajban III\u2013IV, 2 cm<br \/>\nGy\u00e1rt\u00f3 Agronom<\/p>\n","protected":false},"featured_media":22747,"comment_status":"closed","ping_status":"closed","template":"","meta":[],"product_brand":[],"product_cat":[403],"product_tag":[],"class_list":{"0":"post-22746","1":"product","2":"type-product","3":"status-publish","4":"has-post-thumbnail","6":"product_cat-retek-salata-es-leveles-zoldsegek-vetomagok","8":"first","9":"instock","10":"taxable","11":"shipping-taxable","12":"purchasable","13":"product-type-simple"},"_links":{"self":[{"href":"https:\/\/chilimag.hu\/webshop\/wp-json\/wp\/v2\/product\/22746","targetHints":{"allow":["GET"]}}],"collection":[{"href":"https:\/\/chilimag.hu\/webshop\/wp-json\/wp\/v2\/product"}],"about":[{"href":"https:\/\/chilimag.hu\/webshop\/wp-json\/wp\/v2\/types\/product"}],"replies":[{"embeddable":true,"href":"https:\/\/chilimag.hu\/webshop\/wp-json\/wp\/v2\/comments?post=22746"}],"wp:featuredmedia":[{"embeddable":true,"href":"https:\/\/chilimag.hu\/webshop\/wp-json\/wp\/v2\/media\/22747"}],"wp:attachment":[{"href":"https:\/\/chilimag.hu\/webshop\/wp-json\/wp\/v2\/media?parent=22746"}],"wp:term":[{"taxonomy":"product_brand","embeddable":true,"href":"https:\/\/chilimag.hu\/webshop\/wp-json\/wp\/v2\/product_brand?post=22746"},{"taxonomy":"product_cat","embeddable":true,"href":"https:\/\/chilimag.hu\/webshop\/wp-json\/wp\/v2\/product_cat?post=22746"},{"taxonomy":"product_tag","embeddable":true,"href":"https:\/\/chilimag.hu\/webshop\/wp-json\/wp\/v2\/product_tag?post=22746"}],"curies":[{"name":"wp","href":"https:\/\/api.w.org\/{rel}","templated":true}]}}