{"id":22742,"date":"2023-03-21T18:40:28","date_gmt":"2023-03-21T18:40:28","guid":{"rendered":"https:\/\/chilimag.hu\/webshop\/?post_type=product&#038;p=22742"},"modified":"2025-08-20T13:44:54","modified_gmt":"2025-08-20T13:44:54","slug":"retek-murzynka-fekete-retek-sl-agr","status":"publish","type":"product","link":"https:\/\/chilimag.hu\/webshop\/termek\/retek-murzynka-fekete-retek-sl-agr\/","title":{"rendered":"Retek Murzynka (Fekete retek) SL AGR"},"content":{"rendered":"","protected":false},"excerpt":{"rendered":"<p>K\u00f6z\u00e9pkorai t\u00e9li retek fajta. A betakar\u00edt\u00e1s a magvak cs\u00edr\u00e1z\u00e1sa ut\u00e1n 68-75 napon bel\u00fcl megn\u0151. A gy\u00f6kerek feket\u00e9k, kerekek, s\u00falyuk k\u00f6r\u00fclbel\u00fcl 250-400 g. H\u00fasa feh\u00e9r, l\u00e9d\u00fas, f\u0171szeres \u00edz\u0171. T\u00e9li t\u00e1rol\u00e1sra alkalmas.<br \/>\nKiszerel\u00e9s egy csomagban 2 g<br \/>\nMagok sz\u00e1ma grammonk\u00e9nt 70-80<br \/>\nSz\u00fcret IX\u2013X<br \/>\nGy\u00e1rt\u00f3 Agronom<\/p>\n","protected":false},"featured_media":22743,"comment_status":"closed","ping_status":"closed","template":"","meta":[],"product_brand":[],"product_cat":[403],"product_tag":[],"class_list":{"0":"post-22742","1":"product","2":"type-product","3":"status-publish","4":"has-post-thumbnail","6":"product_cat-retek-salata-es-leveles-zoldsegek-vetomagok","8":"first","9":"instock","10":"taxable","11":"shipping-taxable","12":"purchasable","13":"product-type-simple"},"_links":{"self":[{"href":"https:\/\/chilimag.hu\/webshop\/wp-json\/wp\/v2\/product\/22742","targetHints":{"allow":["GET"]}}],"collection":[{"href":"https:\/\/chilimag.hu\/webshop\/wp-json\/wp\/v2\/product"}],"about":[{"href":"https:\/\/chilimag.hu\/webshop\/wp-json\/wp\/v2\/types\/product"}],"replies":[{"embeddable":true,"href":"https:\/\/chilimag.hu\/webshop\/wp-json\/wp\/v2\/comments?post=22742"}],"wp:featuredmedia":[{"embeddable":true,"href":"https:\/\/chilimag.hu\/webshop\/wp-json\/wp\/v2\/media\/22743"}],"wp:attachment":[{"href":"https:\/\/chilimag.hu\/webshop\/wp-json\/wp\/v2\/media?parent=22742"}],"wp:term":[{"taxonomy":"product_brand","embeddable":true,"href":"https:\/\/chilimag.hu\/webshop\/wp-json\/wp\/v2\/product_brand?post=22742"},{"taxonomy":"product_cat","embeddable":true,"href":"https:\/\/chilimag.hu\/webshop\/wp-json\/wp\/v2\/product_cat?post=22742"},{"taxonomy":"product_tag","embeddable":true,"href":"https:\/\/chilimag.hu\/webshop\/wp-json\/wp\/v2\/product_tag?post=22742"}],"curies":[{"name":"wp","href":"https:\/\/api.w.org\/{rel}","templated":true}]}}