{"id":22736,"date":"2023-03-21T18:11:34","date_gmt":"2023-03-21T18:11:34","guid":{"rendered":"https:\/\/chilimag.hu\/webshop\/?post_type=product&#038;p=22736"},"modified":"2026-04-01T19:34:30","modified_gmt":"2026-04-01T19:34:30","slug":"paradicsom-black-cherry-sl-agr","status":"publish","type":"product","link":"https:\/\/chilimag.hu\/webshop\/termek\/paradicsom-black-cherry-sl-agr\/","title":{"rendered":"Paradicsom Black Cherry ELN SL"},"content":{"rendered":"","protected":false},"excerpt":{"rendered":"<p><img decoding=\"async\" class=\"active-logo\" src=\"https:\/\/b2b.seklos.lt\/themes\/warehouse\/img\/logo_en.png\" alt=\"Agrofirma S\u0117klos, UAB\" width=\"280\" height=\"95\" \/><\/p>\n<p>Erk\u00e9lyen termesztett korai, magas fajta. Gy\u00fcm\u00f6lcse kerek, kicsi, nagyon \u00edzletes, 15-20 grammos. Erk\u00e9lyeken, t\u00e9likertekben \u00e9s \u00fcvegh\u00e1zakban termesztik. Ezt a fajt\u00e1t k\u00f6nny\u0171 termeszteni. A kis paradicsom alkalmas sal\u00e1t\u00e1khoz, \u00e9s p\u00f3tolhatatlan \u00e9telek d\u00edsz\u00edt\u00e9s\u00e9re. A magokat m\u00e1rciusban vetik el. A magvak gyors \u00e9s egyenletes cs\u00edr\u00e1z\u00e1sa \u00e9rdek\u00e9ben a vet\u0151magot \u00fcveggel vagy f\u00f3li\u00e1val fedj\u00fck le. Az aljzat h\u0151m\u00e9rs\u00e9klete a vet\u00e9shez legal\u00e1bb +21-26 \u00b0C, a szobah\u0151m\u00e9rs\u00e9klet pedig nem lehet +23 \u00b0C-n\u00e1l alacsonyabb. Az \u00e9trendben l\u00e9v\u0151 paradicsom cs\u00f6kkenti a r\u00e1k \u00e9s a sz\u00edvbetegs\u00e9gek kialakul\u00e1s\u00e1nak kock\u00e1zat\u00e1t.<br \/>\n0,2 gramm k\u00f6r\u00fclbel\u00fcl 40-60 magot tartalmaz.<br \/>\n0,2 g mag elegend\u0151 8-10 m2-es ter\u00fclet vagy 1 n\u00f6v\u00e9ny 30 cser\u00e9phez.<br \/>\nK \u00e1rcsoport<br \/>\nMennyis\u00e9g egy csomagban 0,2g<br \/>\nSz\u00fcret VI-VIII<br \/>\nFekete sz\u00edn<br \/>\nVet\u00e9sid\u0151 \u00fcvegh\u00e1zban III-IV<br \/>\nN\u00f6v\u00e9nymagass\u00e1g Magas<br \/>\nGy\u00e1rt\u00f3: Lucia Elite<br \/>\nS\u0117jos gylis, cm 1 cm<br \/>\nT\u00e1vols\u00e1gok, cm 60&#215;40 cm<\/p>\n","protected":false},"featured_media":22737,"comment_status":"closed","ping_status":"closed","template":"","meta":[],"product_brand":[],"product_cat":[368],"product_tag":[],"class_list":{"0":"post-22736","1":"product","2":"type-product","3":"status-publish","4":"has-post-thumbnail","6":"product_cat-zoldseg-vetomagok","8":"first","9":"instock","10":"taxable","11":"shipping-taxable","12":"purchasable","13":"product-type-simple"},"_links":{"self":[{"href":"https:\/\/chilimag.hu\/webshop\/wp-json\/wp\/v2\/product\/22736","targetHints":{"allow":["GET"]}}],"collection":[{"href":"https:\/\/chilimag.hu\/webshop\/wp-json\/wp\/v2\/product"}],"about":[{"href":"https:\/\/chilimag.hu\/webshop\/wp-json\/wp\/v2\/types\/product"}],"replies":[{"embeddable":true,"href":"https:\/\/chilimag.hu\/webshop\/wp-json\/wp\/v2\/comments?post=22736"}],"wp:featuredmedia":[{"embeddable":true,"href":"https:\/\/chilimag.hu\/webshop\/wp-json\/wp\/v2\/media\/22737"}],"wp:attachment":[{"href":"https:\/\/chilimag.hu\/webshop\/wp-json\/wp\/v2\/media?parent=22736"}],"wp:term":[{"taxonomy":"product_brand","embeddable":true,"href":"https:\/\/chilimag.hu\/webshop\/wp-json\/wp\/v2\/product_brand?post=22736"},{"taxonomy":"product_cat","embeddable":true,"href":"https:\/\/chilimag.hu\/webshop\/wp-json\/wp\/v2\/product_cat?post=22736"},{"taxonomy":"product_tag","embeddable":true,"href":"https:\/\/chilimag.hu\/webshop\/wp-json\/wp\/v2\/product_tag?post=22736"}],"curies":[{"name":"wp","href":"https:\/\/api.w.org\/{rel}","templated":true}]}}