{"id":22730,"date":"2023-03-21T17:56:46","date_gmt":"2023-03-21T17:56:46","guid":{"rendered":"https:\/\/chilimag.hu\/webshop\/?post_type=product&#038;p=22730"},"modified":"2026-02-20T12:43:22","modified_gmt":"2026-02-20T12:43:22","slug":"petrezselyem-level-moss-curled-2-sl-agr","status":"publish","type":"product","link":"https:\/\/chilimag.hu\/webshop\/termek\/petrezselyem-level-moss-curled-2-sl-agr\/","title":{"rendered":"Petrezselyem lev\u00e9l Moss Curled 2 SL AGR"},"content":{"rendered":"","protected":false},"excerpt":{"rendered":"<p><img decoding=\"async\" class=\"active-logo\" src=\"https:\/\/b2b.seklos.lt\/themes\/warehouse\/img\/logo_en.png\" alt=\"Agrofirma S\u0117klos, UAB\" width=\"280\" height=\"95\" \/><\/p>\n<p>Leveles fodros petrezselyem. A veget\u00e1ci\u00f3s id\u0151szak 80-90 nap (tavaszi\/ny\u00e1ri term\u00e9s) \u00e9s 150-180 nap (\u0151szi betakar\u00edt\u00e1s). A levelek s\u00f6t\u00e9tz\u00f6ldek, fagyaszthat\u00f3k vagy sz\u00e1r\u00edthat\u00f3k. A legjobban fejl\u0151dik homokos v\u00e1lyog talajon.<br \/>\nKiszerel\u00e9s egy csomagban 2 g<br \/>\nMagok sz\u00e1ma grammonk\u00e9nt 500-1000<br \/>\nSz\u00fcret VI\u2013X<br \/>\nVet\u00e9sid\u0151 a talajban III, 1-2 cm<br \/>\nGy\u00e1rt\u00f3 Agronom<\/p>\n","protected":false},"featured_media":22731,"comment_status":"closed","ping_status":"closed","template":"","meta":[],"product_brand":[],"product_cat":[396],"product_tag":[],"class_list":{"0":"post-22730","1":"product","2":"type-product","3":"status-publish","4":"has-post-thumbnail","6":"product_cat-fuszer-es-gyogynovenyek","8":"first","9":"instock","10":"taxable","11":"shipping-taxable","12":"purchasable","13":"product-type-simple"},"_links":{"self":[{"href":"https:\/\/chilimag.hu\/webshop\/wp-json\/wp\/v2\/product\/22730","targetHints":{"allow":["GET"]}}],"collection":[{"href":"https:\/\/chilimag.hu\/webshop\/wp-json\/wp\/v2\/product"}],"about":[{"href":"https:\/\/chilimag.hu\/webshop\/wp-json\/wp\/v2\/types\/product"}],"replies":[{"embeddable":true,"href":"https:\/\/chilimag.hu\/webshop\/wp-json\/wp\/v2\/comments?post=22730"}],"wp:featuredmedia":[{"embeddable":true,"href":"https:\/\/chilimag.hu\/webshop\/wp-json\/wp\/v2\/media\/22731"}],"wp:attachment":[{"href":"https:\/\/chilimag.hu\/webshop\/wp-json\/wp\/v2\/media?parent=22730"}],"wp:term":[{"taxonomy":"product_brand","embeddable":true,"href":"https:\/\/chilimag.hu\/webshop\/wp-json\/wp\/v2\/product_brand?post=22730"},{"taxonomy":"product_cat","embeddable":true,"href":"https:\/\/chilimag.hu\/webshop\/wp-json\/wp\/v2\/product_cat?post=22730"},{"taxonomy":"product_tag","embeddable":true,"href":"https:\/\/chilimag.hu\/webshop\/wp-json\/wp\/v2\/product_tag?post=22730"}],"curies":[{"name":"wp","href":"https:\/\/api.w.org\/{rel}","templated":true}]}}