{"id":22697,"date":"2023-03-20T18:52:02","date_gmt":"2023-03-20T18:52:02","guid":{"rendered":"https:\/\/chilimag.hu\/webshop\/?post_type=product&#038;p=22697"},"modified":"2026-01-17T20:40:23","modified_gmt":"2026-01-17T20:40:23","slug":"tok-melonowa-zolta-sutotok-sl-agr","status":"publish","type":"product","link":"https:\/\/chilimag.hu\/webshop\/termek\/tok-melonowa-zolta-sutotok-sl-agr\/","title":{"rendered":"S\u00fct\u0151t\u00f6k MELONOWA \u017d\u00d3\u0141TA  SL AGR"},"content":{"rendered":"","protected":false},"excerpt":{"rendered":"<p><img decoding=\"async\" class=\"active-logo\" src=\"https:\/\/b2b.seklos.lt\/themes\/warehouse\/img\/logo_en.png\" alt=\"Agrofirma S\u0117klos, UAB\" width=\"280\" height=\"95\" \/><\/p>\n<p>K\u00f6zepesen korai, nagy hozam\u00fa fajta. A veget\u00e1ci\u00f3s id\u0151szak 88 nap. A gy\u00fcm\u00f6lcs s\u00falya k\u00f6r\u00fclbel\u00fcl 20-25 kg. H\u00fasa k\u00f6zepesen vastag, s\u00e1rga, kiv\u00e1l\u00f3 \u00edz\u0171. A legjobban a sz\u00e9lt\u0151l v\u00e9dett homokos vagy k\u00f6nny\u0171 agyagos talajban fejl\u0151dnek.<br \/>\nMennyis\u00e9g egy csomagban 1,5g<br \/>\nMagok sz\u00e1ma grammonk\u00e9nt 2-5<br \/>\nSz\u00fcret VIII-IX<br \/>\nVet\u00e9sid\u0151 a talajban IV, 4 cm<br \/>\nGy\u00e1rt\u00f3 Agronom<\/p>\n<p>A csomag 1,5 gr magot tartalmaz<\/p>\n","protected":false},"featured_media":22698,"comment_status":"closed","ping_status":"closed","template":"","meta":[],"product_brand":[],"product_cat":[395],"product_tag":[],"class_list":{"0":"post-22697","1":"product","2":"type-product","3":"status-publish","4":"has-post-thumbnail","6":"product_cat-dinnye-es-tok-vetomagok","8":"first","9":"instock","10":"taxable","11":"shipping-taxable","12":"purchasable","13":"product-type-simple"},"_links":{"self":[{"href":"https:\/\/chilimag.hu\/webshop\/wp-json\/wp\/v2\/product\/22697","targetHints":{"allow":["GET"]}}],"collection":[{"href":"https:\/\/chilimag.hu\/webshop\/wp-json\/wp\/v2\/product"}],"about":[{"href":"https:\/\/chilimag.hu\/webshop\/wp-json\/wp\/v2\/types\/product"}],"replies":[{"embeddable":true,"href":"https:\/\/chilimag.hu\/webshop\/wp-json\/wp\/v2\/comments?post=22697"}],"wp:featuredmedia":[{"embeddable":true,"href":"https:\/\/chilimag.hu\/webshop\/wp-json\/wp\/v2\/media\/22698"}],"wp:attachment":[{"href":"https:\/\/chilimag.hu\/webshop\/wp-json\/wp\/v2\/media?parent=22697"}],"wp:term":[{"taxonomy":"product_brand","embeddable":true,"href":"https:\/\/chilimag.hu\/webshop\/wp-json\/wp\/v2\/product_brand?post=22697"},{"taxonomy":"product_cat","embeddable":true,"href":"https:\/\/chilimag.hu\/webshop\/wp-json\/wp\/v2\/product_cat?post=22697"},{"taxonomy":"product_tag","embeddable":true,"href":"https:\/\/chilimag.hu\/webshop\/wp-json\/wp\/v2\/product_tag?post=22697"}],"curies":[{"name":"wp","href":"https:\/\/api.w.org\/{rel}","templated":true}]}}