{"id":22693,"date":"2023-03-20T18:46:34","date_gmt":"2023-03-20T18:46:34","guid":{"rendered":"https:\/\/chilimag.hu\/webshop\/?post_type=product&#038;p=22693"},"modified":"2026-02-15T11:12:06","modified_gmt":"2026-02-15T11:12:06","slug":"kapor-superdukat-sl-agr","status":"publish","type":"product","link":"https:\/\/chilimag.hu\/webshop\/termek\/kapor-superdukat-sl-agr\/","title":{"rendered":"Kapor Superdukat SL AGR"},"content":{"rendered":"","protected":false},"excerpt":{"rendered":"<p><img decoding=\"async\" class=\"active-logo\" src=\"https:\/\/b2b.seklos.lt\/themes\/warehouse\/img\/logo_en.png\" alt=\"Agrofirma S\u0117klos, UAB\" width=\"280\" height=\"95\" \/><\/p>\n<p>Magas hozam\u00fa, lassan sz\u00e1rad\u00f3 fajta, m\u00e9lyz\u00f6ld, illatos levelekkel. A vet\u00e9s ut\u00e1n 85 napon bel\u00fcl \u00e9rik. \u00c9lelmiszerk\u00e9nt friss (vagy ritk\u00e1bban sz\u00e1r\u00edtott) leveleket, vir\u00e1gokat, sz\u00e1rakat haszn\u00e1lnak fel. A friss kapor nagy mennyis\u00e9gben tartalmaz C-vitamint, B-csoport vitaminokat \u00e9s \u00e1sv\u00e1nyi anyagokat.<br \/>\nKiszerel\u00e9s egy csomagban 4 g<br \/>\nMagok sz\u00e1ma grammonk\u00e9nt 590-650<br \/>\nSz\u00fcret IV\u2013X<br \/>\nF\u00e9l\u00e1rny\u00e9k Igen<br \/>\nVet\u00e9sid\u0151 a talajban II-IV, 2-3 cm<br \/>\nGy\u00e1rt\u00f3 Agronom<\/p>\n","protected":false},"featured_media":22694,"comment_status":"closed","ping_status":"closed","template":"","meta":[],"product_brand":[],"product_cat":[396],"product_tag":[],"class_list":{"0":"post-22693","1":"product","2":"type-product","3":"status-publish","4":"has-post-thumbnail","6":"product_cat-fuszer-es-gyogynovenyek","8":"first","9":"instock","10":"taxable","11":"shipping-taxable","12":"purchasable","13":"product-type-simple"},"_links":{"self":[{"href":"https:\/\/chilimag.hu\/webshop\/wp-json\/wp\/v2\/product\/22693","targetHints":{"allow":["GET"]}}],"collection":[{"href":"https:\/\/chilimag.hu\/webshop\/wp-json\/wp\/v2\/product"}],"about":[{"href":"https:\/\/chilimag.hu\/webshop\/wp-json\/wp\/v2\/types\/product"}],"replies":[{"embeddable":true,"href":"https:\/\/chilimag.hu\/webshop\/wp-json\/wp\/v2\/comments?post=22693"}],"wp:featuredmedia":[{"embeddable":true,"href":"https:\/\/chilimag.hu\/webshop\/wp-json\/wp\/v2\/media\/22694"}],"wp:attachment":[{"href":"https:\/\/chilimag.hu\/webshop\/wp-json\/wp\/v2\/media?parent=22693"}],"wp:term":[{"taxonomy":"product_brand","embeddable":true,"href":"https:\/\/chilimag.hu\/webshop\/wp-json\/wp\/v2\/product_brand?post=22693"},{"taxonomy":"product_cat","embeddable":true,"href":"https:\/\/chilimag.hu\/webshop\/wp-json\/wp\/v2\/product_cat?post=22693"},{"taxonomy":"product_tag","embeddable":true,"href":"https:\/\/chilimag.hu\/webshop\/wp-json\/wp\/v2\/product_tag?post=22693"}],"curies":[{"name":"wp","href":"https:\/\/api.w.org\/{rel}","templated":true}]}}