{"id":22685,"date":"2023-03-20T18:35:06","date_gmt":"2023-03-20T18:35:06","guid":{"rendered":"https:\/\/chilimag.hu\/webshop\/?post_type=product&#038;p=22685"},"modified":"2025-11-30T13:43:35","modified_gmt":"2025-11-30T13:43:35","slug":"kaposzta-rufus-voroskaposzta-sl-agr","status":"publish","type":"product","link":"https:\/\/chilimag.hu\/webshop\/termek\/kaposzta-rufus-voroskaposzta-sl-agr\/","title":{"rendered":"K\u00e1poszta Rufus (V\u00f6r\u00f6s k\u00e1poszta) SL AGR"},"content":{"rendered":"","protected":false},"excerpt":{"rendered":"<p><img decoding=\"async\" class=\"active-logo\" src=\"https:\/\/b2b.seklos.lt\/themes\/warehouse\/img\/logo_en.png\" alt=\"Agrofirma S\u0117klos, UAB\" width=\"280\" height=\"95\" \/><\/p>\n<p>A veget\u00e1ci\u00f3s id\u0151szak a hajt\u00e1sok ki\u00fcltet\u00e9se ut\u00e1n 95-105 nap. A fejek kerekek, reped\u00e9s\u00e1ll\u00f3ak, 1,3-2 kg k\u00f6r\u00fcliek. Ennek a fajt\u00e1nak a k\u00e1poszt\u00e1j\u00e1t frissen fogyasztj\u00e1k, erjeszt\u00e9sre, vagy febru\u00e1rig t\u00e1rol\u00e1sra alkalmasak.<\/p>\n<p>Egy csomagban l\u00e9v\u0151 mennyis\u00e9g 1 g<br \/>\nMagok sz\u00e1ma grammonk\u00e9nt 250-300<br \/>\nSz\u00fcret VII-IX<br \/>\nVet\u00e9sid\u0151 a talajban IV, 1-2 cm<br \/>\nGy\u00e1rt\u00f3 Agronom<\/p>\n","protected":false},"featured_media":22686,"comment_status":"closed","ping_status":"closed","template":"","meta":[],"product_brand":[],"product_cat":[400],"product_tag":[],"class_list":{"0":"post-22685","1":"product","2":"type-product","3":"status-publish","4":"has-post-thumbnail","6":"product_cat-kaposzta-es-karfiol-vetomagok-agronom","8":"first","9":"instock","10":"taxable","11":"shipping-taxable","12":"purchasable","13":"product-type-simple"},"_links":{"self":[{"href":"https:\/\/chilimag.hu\/webshop\/wp-json\/wp\/v2\/product\/22685","targetHints":{"allow":["GET"]}}],"collection":[{"href":"https:\/\/chilimag.hu\/webshop\/wp-json\/wp\/v2\/product"}],"about":[{"href":"https:\/\/chilimag.hu\/webshop\/wp-json\/wp\/v2\/types\/product"}],"replies":[{"embeddable":true,"href":"https:\/\/chilimag.hu\/webshop\/wp-json\/wp\/v2\/comments?post=22685"}],"wp:featuredmedia":[{"embeddable":true,"href":"https:\/\/chilimag.hu\/webshop\/wp-json\/wp\/v2\/media\/22686"}],"wp:attachment":[{"href":"https:\/\/chilimag.hu\/webshop\/wp-json\/wp\/v2\/media?parent=22685"}],"wp:term":[{"taxonomy":"product_brand","embeddable":true,"href":"https:\/\/chilimag.hu\/webshop\/wp-json\/wp\/v2\/product_brand?post=22685"},{"taxonomy":"product_cat","embeddable":true,"href":"https:\/\/chilimag.hu\/webshop\/wp-json\/wp\/v2\/product_cat?post=22685"},{"taxonomy":"product_tag","embeddable":true,"href":"https:\/\/chilimag.hu\/webshop\/wp-json\/wp\/v2\/product_tag?post=22685"}],"curies":[{"name":"wp","href":"https:\/\/api.w.org\/{rel}","templated":true}]}}