{"id":22674,"date":"2023-03-20T18:05:06","date_gmt":"2023-03-20T18:05:06","guid":{"rendered":"https:\/\/chilimag.hu\/webshop\/?post_type=product&#038;p=22674"},"modified":"2026-02-06T10:29:29","modified_gmt":"2026-02-06T10:29:29","slug":"cekla-degypte-sl-agr","status":"publish","type":"product","link":"https:\/\/chilimag.hu\/webshop\/termek\/cekla-degypte-sl-agr\/","title":{"rendered":"C\u00e9kla D&#8217;Egypte SL AGR"},"content":{"rendered":"","protected":false},"excerpt":{"rendered":"<p><img decoding=\"async\" class=\"active-logo\" src=\"https:\/\/b2b.seklos.lt\/themes\/warehouse\/img\/logo_en.png\" alt=\"Agrofirma S\u0117klos, UAB\" width=\"280\" height=\"95\" \/><\/p>\n<p>Korai, nagy hozam\u00fa fajta. A magok cs\u00edr\u00e1z\u00e1sa ut\u00e1n 90-120 nappal betakar\u00edtj\u00e1k. A gy\u00f6kerek kereken laposak, s\u00f6t\u00e9tv\u00f6r\u00f6sek. Friss fogyaszt\u00e1sra, tart\u00f3s\u00edt\u00e1sra \u00e9s t\u00e9li t\u00e1rol\u00e1sra alkalmas.<\/p>\n<p>Mennyis\u00e9g egy csomagban 5 g<br \/>\nMagok sz\u00e1ma grammonk\u00e9nt 40-55<br \/>\nSz\u00fcret VII\u2013IX<br \/>\nGy\u00e1rt\u00f3 Agronom<\/p>\n","protected":false},"featured_media":22675,"comment_status":"closed","ping_status":"closed","template":"","meta":[],"product_brand":[],"product_cat":[406],"product_tag":[],"class_list":{"0":"post-22674","1":"product","2":"type-product","3":"status-publish","4":"has-post-thumbnail","6":"product_cat-zeller-karalabe-cekla-vetomagok-agronom","8":"first","9":"instock","10":"taxable","11":"shipping-taxable","12":"purchasable","13":"product-type-simple"},"_links":{"self":[{"href":"https:\/\/chilimag.hu\/webshop\/wp-json\/wp\/v2\/product\/22674","targetHints":{"allow":["GET"]}}],"collection":[{"href":"https:\/\/chilimag.hu\/webshop\/wp-json\/wp\/v2\/product"}],"about":[{"href":"https:\/\/chilimag.hu\/webshop\/wp-json\/wp\/v2\/types\/product"}],"replies":[{"embeddable":true,"href":"https:\/\/chilimag.hu\/webshop\/wp-json\/wp\/v2\/comments?post=22674"}],"wp:featuredmedia":[{"embeddable":true,"href":"https:\/\/chilimag.hu\/webshop\/wp-json\/wp\/v2\/media\/22675"}],"wp:attachment":[{"href":"https:\/\/chilimag.hu\/webshop\/wp-json\/wp\/v2\/media?parent=22674"}],"wp:term":[{"taxonomy":"product_brand","embeddable":true,"href":"https:\/\/chilimag.hu\/webshop\/wp-json\/wp\/v2\/product_brand?post=22674"},{"taxonomy":"product_cat","embeddable":true,"href":"https:\/\/chilimag.hu\/webshop\/wp-json\/wp\/v2\/product_cat?post=22674"},{"taxonomy":"product_tag","embeddable":true,"href":"https:\/\/chilimag.hu\/webshop\/wp-json\/wp\/v2\/product_tag?post=22674"}],"curies":[{"name":"wp","href":"https:\/\/api.w.org\/{rel}","templated":true}]}}