{"id":22665,"date":"2023-03-20T17:29:20","date_gmt":"2023-03-20T17:29:20","guid":{"rendered":"https:\/\/chilimag.hu\/webshop\/?post_type=product&#038;p=22665"},"modified":"2026-01-25T12:14:42","modified_gmt":"2026-01-25T12:14:42","slug":"uborka-cornichon-de-paris-sl-agr","status":"publish","type":"product","link":"https:\/\/chilimag.hu\/webshop\/termek\/uborka-cornichon-de-paris-sl-agr\/","title":{"rendered":"Uborka Cornischon De Paris SL AGR"},"content":{"rendered":"","protected":false},"excerpt":{"rendered":"<p><img decoding=\"async\" class=\"active-logo\" src=\"https:\/\/b2b.seklos.lt\/themes\/warehouse\/img\/logo_en.png\" alt=\"Agrofirma S\u0117klos, UAB\" width=\"280\" height=\"95\" \/><\/p>\n<p>K\u00f6z\u00e9pkorai, nagy hozam\u00fa, szabadf\u00f6ldi termeszt\u00e9s\u0171 fajta. Az uborka kicsi, nem s\u00e1rgul. Naponta aj\u00e1nlott szedni \u0151ket. Frissen, bef\u0151z\u00e9shez vagy savany\u00edt\u00e1shoz haszn\u00e1lj\u00e1k.<br \/>\nEgy csomagban l\u00e9v\u0151 mennyis\u00e9g 1 g<br \/>\nMagok sz\u00e1ma grammonk\u00e9nt 35-50<br \/>\nSz\u00fcret VII-VIII<br \/>\nVet\u00e9sid\u0151 a talajban IV, 1-2 cm<br \/>\nGy\u00e1rt\u00f3 Agronom<\/p>\n","protected":false},"featured_media":22666,"comment_status":"closed","ping_status":"closed","template":"","meta":[],"product_brand":[],"product_cat":[404],"product_tag":[],"class_list":{"0":"post-22665","1":"product","2":"type-product","3":"status-publish","4":"has-post-thumbnail","6":"product_cat-uborka-es-padlizsan-vetomagok-agronom","8":"first","9":"instock","10":"taxable","11":"shipping-taxable","12":"purchasable","13":"product-type-simple"},"_links":{"self":[{"href":"https:\/\/chilimag.hu\/webshop\/wp-json\/wp\/v2\/product\/22665","targetHints":{"allow":["GET"]}}],"collection":[{"href":"https:\/\/chilimag.hu\/webshop\/wp-json\/wp\/v2\/product"}],"about":[{"href":"https:\/\/chilimag.hu\/webshop\/wp-json\/wp\/v2\/types\/product"}],"replies":[{"embeddable":true,"href":"https:\/\/chilimag.hu\/webshop\/wp-json\/wp\/v2\/comments?post=22665"}],"wp:featuredmedia":[{"embeddable":true,"href":"https:\/\/chilimag.hu\/webshop\/wp-json\/wp\/v2\/media\/22666"}],"wp:attachment":[{"href":"https:\/\/chilimag.hu\/webshop\/wp-json\/wp\/v2\/media?parent=22665"}],"wp:term":[{"taxonomy":"product_brand","embeddable":true,"href":"https:\/\/chilimag.hu\/webshop\/wp-json\/wp\/v2\/product_brand?post=22665"},{"taxonomy":"product_cat","embeddable":true,"href":"https:\/\/chilimag.hu\/webshop\/wp-json\/wp\/v2\/product_cat?post=22665"},{"taxonomy":"product_tag","embeddable":true,"href":"https:\/\/chilimag.hu\/webshop\/wp-json\/wp\/v2\/product_tag?post=22665"}],"curies":[{"name":"wp","href":"https:\/\/api.w.org\/{rel}","templated":true}]}}