{"id":22572,"date":"2023-03-14T18:19:01","date_gmt":"2023-03-14T18:19:01","guid":{"rendered":"https:\/\/chilimag.hu\/webshop\/?post_type=product&#038;p=22572"},"modified":"2026-03-11T11:28:09","modified_gmt":"2026-03-11T11:28:09","slug":"paradicsom-cherven-gradinski-florian-profy-bg","status":"publish","type":"product","link":"https:\/\/chilimag.hu\/webshop\/termek\/paradicsom-cherven-gradinski-florian-profy-bg\/","title":{"rendered":"Paradicsom Cherven Gradinski Profi Floria Bg"},"content":{"rendered":"","protected":false},"excerpt":{"rendered":"<p><img decoding=\"async\" class=\"img-inline\" src=\"https:\/\/brcci.eu\/cache\/thumbnails\/12ecd0e6e419f1b9b1484ef02ad361979dd8e054\/1a6c5e1406ad462ca86d17b2800862d7f837862c-829875ad0a268b741b7edd818ffce098.png\" alt=\"FLORIAN OOD\" \/><\/p>\n<p>Kiv\u00e1l\u00f3 zs\u00edros, r\u00e9gim\u00f3di \u00edz\u0171, hat\u00e1rozatlan, direkt, k\u00f6z\u00e9pkorait\u00f3l k\u00e9s\u0151iig terjed\u0151 fajta. \u00d3ri\u00e1s bolg\u00e1r paradicsomfajta. A n\u00f6v\u00e9nyek er\u0151sen fejlettek, vastag \u00e9s neh\u00e9z sz\u00e1rral. A term\u00e9sek \u00e9retten intenz\u00edv v\u00f6r\u00f6s sz\u00edn\u0171ek, lap\u00edtottt\u00f3l kerek laposig, cs\u00edkozottak, nagyon nagyok, 400-800 gramm t\u00f6meg\u0171ek, n\u00e9melyik 1-1,5 kg-ot is el\u00e9r, k\u00f6zepes er\u0151ss\u00e9g\u0171, h\u00fasos, jellegzetes arom\u00e1j\u00fa, \u00e1llag\u00fa \u00e9s autentikus. k\u00f3stolja meg az \u00d3ri\u00e1s bolg\u00e1r paradicsomot. A fajta szabadf\u00f6ldi termeszt\u00e9sre alkalmas, de polietil\u00e9n \u00fcvegh\u00e1zakban is ugyanolyan j\u00f3l mutat<\/p>\n<p>M\u0171szaki adatok:<\/p>\n<p>M\u00e9lys\u00e9ge 1-1,5 cm, 2-3 cm<br \/>\nVet\u00e9s: janu\u00e1r 20-febru\u00e1r 25., m\u00e1rcius 1-30, \u00e1prilis 25-m\u00e1jus 10.<br \/>\nA magvakb\u00f3l, pal\u00e1nt\u00e1kb\u00f3l t\u00f6rt\u00e9n\u0151 el\u0151\u00e1ll\u00edt\u00e1s fajt\u00e1i<br \/>\n\u00c1ltal\u00e1noss\u00e1gok:<\/p>\n<p>\u00dcltet\u00e9s m\u00e1rcius-j\u00fanius<br \/>\nSz\u00fcret j\u00fanius-szeptember<br \/>\nVeget\u00e1ci\u00f3ja 120-140 nap<\/p>\n<p>0,3 gram \/ csomag<\/p>\n","protected":false},"featured_media":23422,"comment_status":"closed","ping_status":"closed","template":"","meta":[],"product_brand":[],"product_cat":[381],"product_tag":[],"class_list":{"0":"post-22572","1":"product","2":"type-product","3":"status-publish","4":"has-post-thumbnail","6":"product_cat-paradicsom-vetomagok-bolgar-florian-vetomagok","8":"first","9":"instock","10":"taxable","11":"shipping-taxable","12":"purchasable","13":"product-type-simple"},"_links":{"self":[{"href":"https:\/\/chilimag.hu\/webshop\/wp-json\/wp\/v2\/product\/22572","targetHints":{"allow":["GET"]}}],"collection":[{"href":"https:\/\/chilimag.hu\/webshop\/wp-json\/wp\/v2\/product"}],"about":[{"href":"https:\/\/chilimag.hu\/webshop\/wp-json\/wp\/v2\/types\/product"}],"replies":[{"embeddable":true,"href":"https:\/\/chilimag.hu\/webshop\/wp-json\/wp\/v2\/comments?post=22572"}],"wp:featuredmedia":[{"embeddable":true,"href":"https:\/\/chilimag.hu\/webshop\/wp-json\/wp\/v2\/media\/23422"}],"wp:attachment":[{"href":"https:\/\/chilimag.hu\/webshop\/wp-json\/wp\/v2\/media?parent=22572"}],"wp:term":[{"taxonomy":"product_brand","embeddable":true,"href":"https:\/\/chilimag.hu\/webshop\/wp-json\/wp\/v2\/product_brand?post=22572"},{"taxonomy":"product_cat","embeddable":true,"href":"https:\/\/chilimag.hu\/webshop\/wp-json\/wp\/v2\/product_cat?post=22572"},{"taxonomy":"product_tag","embeddable":true,"href":"https:\/\/chilimag.hu\/webshop\/wp-json\/wp\/v2\/product_tag?post=22572"}],"curies":[{"name":"wp","href":"https:\/\/api.w.org\/{rel}","templated":true}]}}