{"id":22570,"date":"2023-03-14T18:12:33","date_gmt":"2023-03-14T18:12:33","guid":{"rendered":"https:\/\/chilimag.hu\/webshop\/?post_type=product&#038;p=22570"},"modified":"2026-01-06T20:53:00","modified_gmt":"2026-01-06T20:53:00","slug":"paradicsom-rozomax-florian-profy-bg","status":"publish","type":"product","link":"https:\/\/chilimag.hu\/webshop\/termek\/paradicsom-rozomax-florian-profy-bg\/","title":{"rendered":"Paradicsom Rozamax  Profi Florian Bg"},"content":{"rendered":"","protected":false},"excerpt":{"rendered":"<p><img decoding=\"async\" class=\"img-inline\" src=\"https:\/\/brcci.eu\/cache\/thumbnails\/12ecd0e6e419f1b9b1484ef02ad361979dd8e054\/1a6c5e1406ad462ca86d17b2800862d7f837862c-829875ad0a268b741b7edd818ffce098.png\" alt=\"FLORIAN OOD\" \/><\/p>\n<p>A Rozamax egy \u00faj, direkt, nagy hozam\u00fa, f\u00e9lkorait\u00f3l k\u00e9s\u0151iig terjed\u0151, nagy r\u00f3zsasz\u00edn gy\u00fcm\u00f6lcs\u0171 bolg\u00e1r paradicsomfajta a bulg\u00e1riai Fl\u00f3ri\u00e1nb\u00f3l. A n\u00f6v\u00e9nyek hat\u00e1rozatlanok, nagyon er\u0151sek, j\u00f3 level\u0171ek, vastag sz\u00e1r\u00faak, az emeletek k\u00f6z\u00f6tt egyenl\u0151 hossz\u00faak. Vir\u00e1gzata a k\u00f6zep\u00e9ig egyszer\u0171, \u00e9r\u00e9s el\u0151tt a term\u00e9sek z\u00f6ld gy\u0171r\u0171vel rendelkeznek, ami \u00e9r\u00e9s ut\u00e1n elt\u0171nik, r\u00f3zsasz\u00edn, egys\u00e9ges, lapos kerek, a farok k\u00f6r\u00fcl finom bord\u00e1kkal, 350-500 gramm t\u00f6meg\u0171, m\u00e9g nagyobb, h\u00fasos \u00e9s kiv\u00e1l\u00f3. \u00edzmin\u0151s\u00e9gek. A Rozamax szol\u00e1ris \u00e9s szabadf\u00f6ldi korai termeszt\u00e9sre alkalmas fajta. A Rozamax friss fogyaszt\u00e1sra szolg\u00e1l.<\/p>\n<p>0,3 gram \/ csomag<\/p>\n","protected":false},"featured_media":23432,"comment_status":"closed","ping_status":"closed","template":"","meta":[],"product_brand":[],"product_cat":[381],"product_tag":[],"class_list":{"0":"post-22570","1":"product","2":"type-product","3":"status-publish","4":"has-post-thumbnail","6":"product_cat-paradicsom-vetomagok-bolgar-florian-vetomagok","8":"first","9":"instock","10":"taxable","11":"shipping-taxable","12":"purchasable","13":"product-type-simple"},"_links":{"self":[{"href":"https:\/\/chilimag.hu\/webshop\/wp-json\/wp\/v2\/product\/22570","targetHints":{"allow":["GET"]}}],"collection":[{"href":"https:\/\/chilimag.hu\/webshop\/wp-json\/wp\/v2\/product"}],"about":[{"href":"https:\/\/chilimag.hu\/webshop\/wp-json\/wp\/v2\/types\/product"}],"replies":[{"embeddable":true,"href":"https:\/\/chilimag.hu\/webshop\/wp-json\/wp\/v2\/comments?post=22570"}],"wp:featuredmedia":[{"embeddable":true,"href":"https:\/\/chilimag.hu\/webshop\/wp-json\/wp\/v2\/media\/23432"}],"wp:attachment":[{"href":"https:\/\/chilimag.hu\/webshop\/wp-json\/wp\/v2\/media?parent=22570"}],"wp:term":[{"taxonomy":"product_brand","embeddable":true,"href":"https:\/\/chilimag.hu\/webshop\/wp-json\/wp\/v2\/product_brand?post=22570"},{"taxonomy":"product_cat","embeddable":true,"href":"https:\/\/chilimag.hu\/webshop\/wp-json\/wp\/v2\/product_cat?post=22570"},{"taxonomy":"product_tag","embeddable":true,"href":"https:\/\/chilimag.hu\/webshop\/wp-json\/wp\/v2\/product_tag?post=22570"}],"curies":[{"name":"wp","href":"https:\/\/api.w.org\/{rel}","templated":true}]}}