{"id":22564,"date":"2023-03-14T18:01:09","date_gmt":"2023-03-14T18:01:09","guid":{"rendered":"https:\/\/chilimag.hu\/webshop\/?post_type=product&#038;p=22564"},"modified":"2026-02-25T10:09:38","modified_gmt":"2026-02-25T10:09:38","slug":"paradicsom-homestead-florian-bg","status":"publish","type":"product","link":"https:\/\/chilimag.hu\/webshop\/termek\/paradicsom-homestead-florian-bg\/","title":{"rendered":"Paradicsom Homestead Florian Bg"},"content":{"rendered":"","protected":false},"excerpt":{"rendered":"<p><img decoding=\"async\" class=\"img-inline\" src=\"https:\/\/brcci.eu\/cache\/thumbnails\/12ecd0e6e419f1b9b1484ef02ad361979dd8e054\/1a6c5e1406ad462ca86d17b2800862d7f837862c-829875ad0a268b741b7edd818ffce098.png\" alt=\"FLORIAN OOD\" \/><\/p>\n<p>Vet\u00e9s ideje:<\/p>\n<p>korai gy\u00e1rt\u00e1sra janu\u00e1r 20-febru\u00e1r 25<br \/>\nf\u00e9lkorai gy\u00e1rt\u00e1sra m\u00e1rcius 1-30<br \/>\nk\u00e9s\u0151i gy\u00e1rt\u00e1sra \u00e1prilis 25-m\u00e1jus 10.<br \/>\nVet\u00e9sm\u00e9lys\u00e9g 1-3 cm.<br \/>\nM\u0171szaki adatok:<\/p>\n<p>M\u00e9lys\u00e9ge 1-3 cm<br \/>\nVet\u00e9s: janu\u00e1r 20-febru\u00e1r 25., m\u00e1rcius 1-30, \u00e1prilis 25-m\u00e1jus 10.<br \/>\nVet\u00e9smennyis\u00e9g 25-30 gramm\/hekt\u00e1r<br \/>\nA magvakb\u00f3l, pal\u00e1nt\u00e1kb\u00f3l t\u00f6rt\u00e9n\u0151 el\u0151\u00e1ll\u00edt\u00e1s fajt\u00e1i<br \/>\n\u00c1ltal\u00e1noss\u00e1gok:<\/p>\n<p>250-350 magot tartalmaz grammonk\u00e9nt<br \/>\nS\u00falya 0,3 gramm<br \/>\n\u00dcltet\u00e9s m\u00e1rcius-j\u00fanius<br \/>\nSz\u00fcret j\u00fanius-szeptember<br \/>\nVeget\u00e1ci\u00f3ja 80-90 nap<br \/>\nA Homestead az Egyes\u00fclt \u00c1llamokb\u00f3l sz\u00e1rmaz\u00f3 paradicsom, amelyet D\u00e9l-Karolin\u00e1ban (Charleston) fejlesztettek ki, hogy megbirk\u00f3zzanak a meleg \u00e9ghajlattal.<\/p>\n<p>A tanya f\u00e9lig hat\u00e1rozott n\u00f6veked\u00e9s\u0171 \u00e9s f\u00e9lk\u00e9s\u0151i \u00e9r\u00e9s\u0171. \u00c9rett gy\u00fcm\u00f6lcse v\u00f6r\u00f6s, enyh\u00e9n lap\u00edtott, a kocs\u00e1ny ter\u00fclet\u00e9n kis m\u00e9lyed\u00e9s tal\u00e1lhat\u00f3. M\u00e9ret\u00e9t tekintve a gy\u00fcm\u00f6lcs a k\u00f6zepest\u0151l a nagyig sorolhat\u00f3, s\u00falya 150-300 gramm, \u00e1tm\u00e9r\u0151je 6-8 centim\u00e9ter. A mag v\u00f6r\u00f6s, j\u00f3l egy\u00e9nre szabott \u00fcregekkel \u00e9s norm\u00e1lis sz\u00e1m\u00fa maggal. Az \u00edze j\u00f3, a fogyaszt\u00f3k \u00e9rt\u00e9kelik. Friss fogyaszt\u00e1sra, f\u0151leg sal\u00e1t\u00e1kra alkalmas.<br \/>\nparadicsom magvak<br \/>\nA tanya er\u0151teljes bokrot fejleszt, norm\u00e1l m\u00e9ret\u0171, nagy levelekkel, amelyek magass\u00e1ga el\u00e9rheti a 2,0 m\u00e9tert is (elsz\u00e1nt paradicsomn\u00e1l kiss\u00e9 szokatlan). E fajta term\u0151k\u00e9pess\u00e9ge \u00e1tlagon fel\u00fcli, helyenk\u00e9nt n\u00f6v\u00e9nyenk\u00e9nt 6-7 kilogrammos mennyis\u00e9get is eml\u00edtenek. A n\u00f6v\u00e9ny magass\u00e1ga \u00e9s term\u0151k\u00e9pess\u00e9ge felh\u00edvja a figyelmet a szil\u00e1rd t\u00e1maszt\u00e9k sz\u00fcks\u00e9gess\u00e9g\u00e9re<\/p>\n<p>A tanya ellen\u00e1ll a fuz\u00e1riumnak, amely a meleg \u00e9s p\u00e1r\u00e1s k\u00f6rnyezetben el\u0151fordul\u00f3 betegs\u00e9g<\/p>\n<p>A csomag 0,2 grammot tartalmaz<\/p>\n","protected":false},"featured_media":23729,"comment_status":"closed","ping_status":"closed","template":"","meta":[],"product_brand":[],"product_cat":[381],"product_tag":[],"class_list":{"0":"post-22564","1":"product","2":"type-product","3":"status-publish","4":"has-post-thumbnail","6":"product_cat-paradicsom-vetomagok-bolgar-florian-vetomagok","8":"first","9":"instock","10":"taxable","11":"shipping-taxable","12":"purchasable","13":"product-type-simple"},"_links":{"self":[{"href":"https:\/\/chilimag.hu\/webshop\/wp-json\/wp\/v2\/product\/22564","targetHints":{"allow":["GET"]}}],"collection":[{"href":"https:\/\/chilimag.hu\/webshop\/wp-json\/wp\/v2\/product"}],"about":[{"href":"https:\/\/chilimag.hu\/webshop\/wp-json\/wp\/v2\/types\/product"}],"replies":[{"embeddable":true,"href":"https:\/\/chilimag.hu\/webshop\/wp-json\/wp\/v2\/comments?post=22564"}],"wp:featuredmedia":[{"embeddable":true,"href":"https:\/\/chilimag.hu\/webshop\/wp-json\/wp\/v2\/media\/23729"}],"wp:attachment":[{"href":"https:\/\/chilimag.hu\/webshop\/wp-json\/wp\/v2\/media?parent=22564"}],"wp:term":[{"taxonomy":"product_brand","embeddable":true,"href":"https:\/\/chilimag.hu\/webshop\/wp-json\/wp\/v2\/product_brand?post=22564"},{"taxonomy":"product_cat","embeddable":true,"href":"https:\/\/chilimag.hu\/webshop\/wp-json\/wp\/v2\/product_cat?post=22564"},{"taxonomy":"product_tag","embeddable":true,"href":"https:\/\/chilimag.hu\/webshop\/wp-json\/wp\/v2\/product_tag?post=22564"}],"curies":[{"name":"wp","href":"https:\/\/api.w.org\/{rel}","templated":true}]}}