{"id":22558,"date":"2023-03-14T17:30:45","date_gmt":"2023-03-14T17:30:45","guid":{"rendered":"https:\/\/chilimag.hu\/webshop\/?post_type=product&#038;p=22558"},"modified":"2026-03-14T05:48:18","modified_gmt":"2026-03-14T05:48:18","slug":"paradicsom-momini-salzi-florian-profy-bg","status":"publish","type":"product","link":"https:\/\/chilimag.hu\/webshop\/termek\/paradicsom-momini-salzi-florian-profy-bg\/","title":{"rendered":"Paradicsom Momini Salzi Profy Line Gold Florian Bg"},"content":{"rendered":"","protected":false},"excerpt":{"rendered":"<p><img decoding=\"async\" class=\"img-inline\" src=\"https:\/\/brcci.eu\/cache\/thumbnails\/12ecd0e6e419f1b9b1484ef02ad361979dd8e054\/1a6c5e1406ad462ca86d17b2800862d7f837862c-829875ad0a268b741b7edd818ffce098.png\" alt=\"FLORIAN OOD\" \/><\/p>\n<p>A Momini Salzi paradicsom \u00a0egy hat\u00e1rozatlan, direkt, k\u00f6z\u00e9pkorai \u00e9s k\u00e9s\u0151i fajta, nagyon nagy term\u00e9ssel. A n\u00f6v\u00e9ny er\u0151s, fejlett, a cs\u00facsa hat\u00e1rozatlan n\u00f6veked\u00e9s\u0171. A gy\u00fcm\u00f6lcs\u00f6k hossz\u00fak\u00e1s sz\u00edv alak\u00faak, a farok k\u00f6zel\u00e9ben enyh\u00e9n l\u00e1that\u00f3 erekkel, pirosak, nagyon nagyok, \u00e1tlagos t\u00f6meg\u00fck 350-500 gramm, el\u00e9ri az 1 kilogrammot, k\u00f6zepes er\u0151ss\u00e9g\u0171, sima \u00e9s h\u00fasos, egyedi \u00edz\u0171, \u00f6sszehasonl\u00edtva nagyon j\u00f3l megk\u00fcl\u00f6nb\u00f6ztethet\u0151. m\u00e1s paradicsomra. K\u00f6zepesen korai termeszt\u00e9sre alkalmas szol\u00e1riumban, valamint szabadf\u00f6ld\u00f6n, friss fogyaszt\u00e1sra.<\/p>\n<p>A csomag 0,2 grammot tartalmaz<\/p>\n","protected":false},"featured_media":23451,"comment_status":"closed","ping_status":"closed","template":"","meta":[],"product_brand":[],"product_cat":[381],"product_tag":[],"class_list":{"0":"post-22558","1":"product","2":"type-product","3":"status-publish","4":"has-post-thumbnail","6":"product_cat-paradicsom-vetomagok-bolgar-florian-vetomagok","8":"first","9":"instock","10":"taxable","11":"shipping-taxable","12":"purchasable","13":"product-type-simple"},"_links":{"self":[{"href":"https:\/\/chilimag.hu\/webshop\/wp-json\/wp\/v2\/product\/22558","targetHints":{"allow":["GET"]}}],"collection":[{"href":"https:\/\/chilimag.hu\/webshop\/wp-json\/wp\/v2\/product"}],"about":[{"href":"https:\/\/chilimag.hu\/webshop\/wp-json\/wp\/v2\/types\/product"}],"replies":[{"embeddable":true,"href":"https:\/\/chilimag.hu\/webshop\/wp-json\/wp\/v2\/comments?post=22558"}],"wp:featuredmedia":[{"embeddable":true,"href":"https:\/\/chilimag.hu\/webshop\/wp-json\/wp\/v2\/media\/23451"}],"wp:attachment":[{"href":"https:\/\/chilimag.hu\/webshop\/wp-json\/wp\/v2\/media?parent=22558"}],"wp:term":[{"taxonomy":"product_brand","embeddable":true,"href":"https:\/\/chilimag.hu\/webshop\/wp-json\/wp\/v2\/product_brand?post=22558"},{"taxonomy":"product_cat","embeddable":true,"href":"https:\/\/chilimag.hu\/webshop\/wp-json\/wp\/v2\/product_cat?post=22558"},{"taxonomy":"product_tag","embeddable":true,"href":"https:\/\/chilimag.hu\/webshop\/wp-json\/wp\/v2\/product_tag?post=22558"}],"curies":[{"name":"wp","href":"https:\/\/api.w.org\/{rel}","templated":true}]}}