{"id":22548,"date":"2023-03-14T17:08:14","date_gmt":"2023-03-14T17:08:14","guid":{"rendered":"https:\/\/chilimag.hu\/webshop\/?post_type=product&#038;p=22548"},"modified":"2026-02-11T13:16:02","modified_gmt":"2026-02-11T13:16:02","slug":"paradicsom-ananas-florian-bg","status":"publish","type":"product","link":"https:\/\/chilimag.hu\/webshop\/termek\/paradicsom-ananas-florian-bg\/","title":{"rendered":"Paradicsom Ananas Florian Bg"},"content":{"rendered":"","protected":false},"excerpt":{"rendered":"<p><img decoding=\"async\" class=\"img-inline\" src=\"https:\/\/brcci.eu\/cache\/thumbnails\/12ecd0e6e419f1b9b1484ef02ad361979dd8e054\/1a6c5e1406ad462ca86d17b2800862d7f837862c-829875ad0a268b741b7edd818ffce098.png\" alt=\"FLORIAN OOD\" \/><\/p>\n<p>Hat\u00e1rozatlan n\u00f6veked\u00e9s\u0171, er\u0151teljes, sz\u00e1razs\u00e1gt\u0171r\u0151 n\u00f6v\u00e9ny. Gy\u00fcm\u00f6lcsei nagyok, k\u00f6zepesen l\u00e9d\u00fasak, illatosak, nem savasak, \u00e9desek \u00e9s \u00edzletesek. \u00d6nmag\u00e1ban sal\u00e1t\u00e1khoz, paradicsomsz\u00f3szhoz ide\u00e1lis, gy\u00fcm\u00f6lcs\u00f6k h\u00fasosak, er\u0151s gy\u00fcm\u00f6lcs\u00f6s \u00edz\u0171ek, \u00e9desek, 300-700 g k\u00f6z\u00f6tt k\u00e9sz\u00fclnek.<\/p>\n<p>A csomag 20 szemet tartalmaz<\/p>\n<p>&nbsp;<\/p>\n<p>&nbsp;<\/p>\n","protected":false},"featured_media":23524,"comment_status":"closed","ping_status":"closed","template":"","meta":[],"product_brand":[],"product_cat":[381],"product_tag":[],"class_list":{"0":"post-22548","1":"product","2":"type-product","3":"status-publish","4":"has-post-thumbnail","6":"product_cat-paradicsom-vetomagok-bolgar-florian-vetomagok","8":"first","9":"instock","10":"taxable","11":"shipping-taxable","12":"purchasable","13":"product-type-simple"},"_links":{"self":[{"href":"https:\/\/chilimag.hu\/webshop\/wp-json\/wp\/v2\/product\/22548","targetHints":{"allow":["GET"]}}],"collection":[{"href":"https:\/\/chilimag.hu\/webshop\/wp-json\/wp\/v2\/product"}],"about":[{"href":"https:\/\/chilimag.hu\/webshop\/wp-json\/wp\/v2\/types\/product"}],"replies":[{"embeddable":true,"href":"https:\/\/chilimag.hu\/webshop\/wp-json\/wp\/v2\/comments?post=22548"}],"wp:featuredmedia":[{"embeddable":true,"href":"https:\/\/chilimag.hu\/webshop\/wp-json\/wp\/v2\/media\/23524"}],"wp:attachment":[{"href":"https:\/\/chilimag.hu\/webshop\/wp-json\/wp\/v2\/media?parent=22548"}],"wp:term":[{"taxonomy":"product_brand","embeddable":true,"href":"https:\/\/chilimag.hu\/webshop\/wp-json\/wp\/v2\/product_brand?post=22548"},{"taxonomy":"product_cat","embeddable":true,"href":"https:\/\/chilimag.hu\/webshop\/wp-json\/wp\/v2\/product_cat?post=22548"},{"taxonomy":"product_tag","embeddable":true,"href":"https:\/\/chilimag.hu\/webshop\/wp-json\/wp\/v2\/product_tag?post=22548"}],"curies":[{"name":"wp","href":"https:\/\/api.w.org\/{rel}","templated":true}]}}