{"id":22546,"date":"2023-03-14T17:00:39","date_gmt":"2023-03-14T17:00:39","guid":{"rendered":"https:\/\/chilimag.hu\/webshop\/?post_type=product&#038;p=22546"},"modified":"2026-03-08T18:07:05","modified_gmt":"2026-03-08T18:07:05","slug":"paprika-oda-florian-bg","status":"publish","type":"product","link":"https:\/\/chilimag.hu\/webshop\/termek\/paprika-oda-florian-bg\/","title":{"rendered":"Paprika Oda Florian Bg"},"content":{"rendered":"","protected":false},"excerpt":{"rendered":"<p><img decoding=\"async\" class=\"img-inline\" src=\"https:\/\/brcci.eu\/cache\/thumbnails\/12ecd0e6e419f1b9b1484ef02ad361979dd8e054\/1a6c5e1406ad462ca86d17b2800862d7f837862c-829875ad0a268b741b7edd818ffce098.png\" alt=\"FLORIAN OOD\" \/><\/p>\n<p>ODA kaliforniai paprika &#8211; 1 gr. \u00dcvegh\u00e1zi \u00e9s szabadf\u00f6ldi termeszt\u00e9sre alkalmas korai paprikafajta. A n\u00f6v\u00e9nyek nagyon alacsonyak, f\u00fcgg\u0151leges n\u00f6veked\u00e9si helyzet\u0171ek, ellen\u00e1llnak a kedvez\u0151tlen id\u0151j\u00e1r\u00e1si viszonyoknak, term\u00e9sei k\u00f6zepes m\u00e9ret\u0171ek, 70-90 g, h\u00fasos, \u00edzletes h\u00fas\u00faak. A gy\u00fcm\u00f6lcs\u00f6k lila sz\u00edn\u0171ek.<\/p>\n<p>Magok sz\u00e1ma csomagonk\u00e9nt: \u00a0(1 gr)<\/p>\n<p>Vet\u00e9si id\u0151szak:<\/p>\n<p>&#8211; korai gy\u00e1rt\u00e1sra febru\u00e1r 1-15<\/p>\n<p>&#8211; k\u00f6z\u00e9p-korai gy\u00e1rt\u00e1shoz m\u00e1rcius 1-20.<\/p>\n<p>Vet\u00e9sm\u00e9lys\u00e9g: 0,5-1 cm.<\/p>\n<p>Magok mennyis\u00e9ge zs\u00e1konk\u00e9nt: 1 gramm<\/p>\n<p>M\u0171szaki adatok:<\/p>\n<p>M\u00e9lys\u00e9ge 0,5-3 cm<br \/>\nFebru\u00e1r 1-15-ig, m\u00e1rcius 1-20-ig vetik<br \/>\nVet\u00e9smennyis\u00e9g 0,150-0,200 Kg\/hekt\u00e1r<br \/>\nA magvakb\u00f3l, pal\u00e1nt\u00e1kb\u00f3l t\u00f6rt\u00e9n\u0151 el\u0151\u00e1ll\u00edt\u00e1s fajt\u00e1i<br \/>\n\u00c1ltal\u00e1noss\u00e1gok:<\/p>\n<p>130-150 magot tartalmaz grammonk\u00e9nt<br \/>\nS\u00falya 1 gramm<br \/>\n\u00dcltet\u00e9s febru\u00e1r-m\u00e1rcius<br \/>\nSz\u00fcret j\u00fanius-j\u00falius<br \/>\nVeget\u00e1ci\u00f3ja 130-145 nap<\/p>\n","protected":false},"featured_media":23924,"comment_status":"closed","ping_status":"closed","template":"","meta":[],"product_brand":[],"product_cat":[380],"product_tag":[],"class_list":{"0":"post-22546","1":"product","2":"type-product","3":"status-publish","4":"has-post-thumbnail","6":"product_cat-paprika-vetomagok-bolgar-florian-vetomagok","8":"first","9":"instock","10":"taxable","11":"shipping-taxable","12":"purchasable","13":"product-type-simple"},"_links":{"self":[{"href":"https:\/\/chilimag.hu\/webshop\/wp-json\/wp\/v2\/product\/22546","targetHints":{"allow":["GET"]}}],"collection":[{"href":"https:\/\/chilimag.hu\/webshop\/wp-json\/wp\/v2\/product"}],"about":[{"href":"https:\/\/chilimag.hu\/webshop\/wp-json\/wp\/v2\/types\/product"}],"replies":[{"embeddable":true,"href":"https:\/\/chilimag.hu\/webshop\/wp-json\/wp\/v2\/comments?post=22546"}],"wp:featuredmedia":[{"embeddable":true,"href":"https:\/\/chilimag.hu\/webshop\/wp-json\/wp\/v2\/media\/23924"}],"wp:attachment":[{"href":"https:\/\/chilimag.hu\/webshop\/wp-json\/wp\/v2\/media?parent=22546"}],"wp:term":[{"taxonomy":"product_brand","embeddable":true,"href":"https:\/\/chilimag.hu\/webshop\/wp-json\/wp\/v2\/product_brand?post=22546"},{"taxonomy":"product_cat","embeddable":true,"href":"https:\/\/chilimag.hu\/webshop\/wp-json\/wp\/v2\/product_cat?post=22546"},{"taxonomy":"product_tag","embeddable":true,"href":"https:\/\/chilimag.hu\/webshop\/wp-json\/wp\/v2\/product_tag?post=22546"}],"curies":[{"name":"wp","href":"https:\/\/api.w.org\/{rel}","templated":true}]}}