{"id":22530,"date":"2023-03-13T19:04:01","date_gmt":"2023-03-13T19:04:01","guid":{"rendered":"https:\/\/chilimag.hu\/webshop\/?post_type=product&#038;p=22530"},"modified":"2026-02-03T09:41:26","modified_gmt":"2026-02-03T09:41:26","slug":"paprika-sigaretta-di-lombardo-florian-bg","status":"publish","type":"product","link":"https:\/\/chilimag.hu\/webshop\/termek\/paprika-sigaretta-di-lombardo-florian-bg\/","title":{"rendered":"Paprika Sigaretta Di Lombardo Florian Bg"},"content":{"rendered":"","protected":false},"excerpt":{"rendered":"<p><img decoding=\"async\" class=\"img-inline\" src=\"https:\/\/brcci.eu\/cache\/thumbnails\/12ecd0e6e419f1b9b1484ef02ad361979dd8e054\/1a6c5e1406ad462ca86d17b2800862d7f837862c-829875ad0a268b741b7edd818ffce098.png\" alt=\"FLORIAN OOD\" \/><\/p>\n<p>Magas hozam\u00fa cs\u00edp\u0151s paprika fajta, friss fogyaszt\u00e1sra, s\u00fct\u00e9sre \u00e9s bef\u0151z\u00e9sre is alkalmas. A n\u00f6v\u00e9ny nagyon term\u0151, 70-90 cm magas. Term\u00e9sei v\u00e9konyak, 9-10 cm hossz\u00faak, h\u00fcvelyes vet\u00e9s\u0171ek, k\u00f6zepesek, h\u00fasosak, kiv\u00e1l\u00f3 \u00edz\u0171ek, z\u00f6ld sz\u00edn\u0171ek, \u00e9retten narancss\u00e1rg\u00e1k, veget\u00e1ci\u00f3s ideje 90 nap.<\/p>\n<p>Vet\u00e9sid\u0151: korai termeszt\u00e9sn\u00e9l febru\u00e1r 1-15, k\u00f6z\u00e9pkorai term\u00e9sn\u00e9l m\u00e1rcius 1-20.<\/p>\n<p>Magok sz\u00e1ma csomagonk\u00e9nt: \u00a0(1 gr)<\/p>\n<p>M\u0171szaki adatok:<\/p>\n<p>M\u00e9lys\u00e9ge 0,5-1 cm<br \/>\nFebru\u00e1r 1-15-ig, m\u00e1rcius 1-20-ig vetik<br \/>\nVet\u00e9smennyis\u00e9g 0,150-0,200 Kg\/hekt\u00e1r<br \/>\nA magvakb\u00f3l, pal\u00e1nt\u00e1kb\u00f3l t\u00f6rt\u00e9n\u0151 el\u0151\u00e1ll\u00edt\u00e1s fajt\u00e1i<br \/>\n\u00c1ltal\u00e1noss\u00e1gok:<\/p>\n<p>130-150 magot tartalmaz grammonk\u00e9nt<br \/>\nS\u00falya 1 gramm<br \/>\n\u00dcltet\u00e9s febru\u00e1r-m\u00e1rcius<br \/>\nSz\u00fcret m\u00e1jus-j\u00fanius<br \/>\nVeget\u00e1ci\u00f3ja 90-100 nap<\/p>\n<p>A csomag 1 grammot tartalmaz<\/p>\n","protected":false},"featured_media":23911,"comment_status":"closed","ping_status":"closed","template":"","meta":[],"product_brand":[],"product_cat":[380],"product_tag":[],"class_list":{"0":"post-22530","1":"product","2":"type-product","3":"status-publish","4":"has-post-thumbnail","6":"product_cat-paprika-vetomagok-bolgar-florian-vetomagok","8":"first","9":"outofstock","10":"taxable","11":"shipping-taxable","12":"purchasable","13":"product-type-simple"},"_links":{"self":[{"href":"https:\/\/chilimag.hu\/webshop\/wp-json\/wp\/v2\/product\/22530","targetHints":{"allow":["GET"]}}],"collection":[{"href":"https:\/\/chilimag.hu\/webshop\/wp-json\/wp\/v2\/product"}],"about":[{"href":"https:\/\/chilimag.hu\/webshop\/wp-json\/wp\/v2\/types\/product"}],"replies":[{"embeddable":true,"href":"https:\/\/chilimag.hu\/webshop\/wp-json\/wp\/v2\/comments?post=22530"}],"wp:featuredmedia":[{"embeddable":true,"href":"https:\/\/chilimag.hu\/webshop\/wp-json\/wp\/v2\/media\/23911"}],"wp:attachment":[{"href":"https:\/\/chilimag.hu\/webshop\/wp-json\/wp\/v2\/media?parent=22530"}],"wp:term":[{"taxonomy":"product_brand","embeddable":true,"href":"https:\/\/chilimag.hu\/webshop\/wp-json\/wp\/v2\/product_brand?post=22530"},{"taxonomy":"product_cat","embeddable":true,"href":"https:\/\/chilimag.hu\/webshop\/wp-json\/wp\/v2\/product_cat?post=22530"},{"taxonomy":"product_tag","embeddable":true,"href":"https:\/\/chilimag.hu\/webshop\/wp-json\/wp\/v2\/product_tag?post=22530"}],"curies":[{"name":"wp","href":"https:\/\/api.w.org\/{rel}","templated":true}]}}