{"id":22518,"date":"2023-03-13T18:20:17","date_gmt":"2023-03-13T18:20:17","guid":{"rendered":"https:\/\/chilimag.hu\/webshop\/?post_type=product&#038;p=22518"},"modified":"2026-02-25T09:37:34","modified_gmt":"2026-02-25T09:37:34","slug":"paradicsom-piramide-florian-bg","status":"publish","type":"product","link":"https:\/\/chilimag.hu\/webshop\/termek\/paradicsom-piramide-florian-bg\/","title":{"rendered":"Paradicsom Piramide Florian Bg"},"content":{"rendered":"","protected":false},"excerpt":{"rendered":"<p><img decoding=\"async\" class=\"img-inline\" src=\"https:\/\/brcci.eu\/cache\/thumbnails\/12ecd0e6e419f1b9b1484ef02ad361979dd8e054\/1a6c5e1406ad462ca86d17b2800862d7f837862c-829875ad0a268b741b7edd818ffce098.png\" alt=\"FLORIAN OOD\" \/><\/p>\n<p>F\u00e9lkorai paradicsom paprika form\u00e1j\u00fa, Florian<\/p>\n<p>A korai \u00e9s f\u00e9lkorai paradicsom \u00e1ltal meghat\u00e1rozott fajta, paprika form\u00e1j\u00e1ban, nagyon term\u0151. Term\u00e9sei nagyok, sima fel\u00fclet\u0171ek, intenz\u00edv v\u00f6r\u00f6s sz\u00edn\u0171ek, t\u00f6m\u00f6rek, a kalap nem k\u00e9pezi a farok k\u00f6r\u00fcli z\u00f6ldfel\u00fcletet, kiv\u00e1l\u00f3 \u00edz\u0171. Sz\u00e1ll\u00edt\u00e1snak ellen\u00e1ll\u00f3, kiv\u00e1l\u00f3 t\u00e1rol\u00e1si felt\u00e9telek.<\/p>\n<p>M\u0171szaki adatok:<\/p>\n<p>M\u00e9lys\u00e9ge 1-1,5 cm<br \/>\nVet\u00e9s janu\u00e1r 20-t\u00f3l<br \/>\nVet\u00e9smennyis\u00e9g 25-30 gramm\/hekt\u00e1r<br \/>\nA magvakb\u00f3l, pal\u00e1nt\u00e1kb\u00f3l t\u00f6rt\u00e9n\u0151 el\u0151\u00e1ll\u00edt\u00e1s fajt\u00e1i<br \/>\n\u00c1ltal\u00e1noss\u00e1gok:<\/p>\n<p>\u00dcltet\u00e9s janu\u00e1r-m\u00e1jus<br \/>\nSz\u00fcret j\u00fanius-szeptember<br \/>\nVeget\u00e1ci\u00f3 95 nap<\/p>\n<p>A csomag 0,3 grammot tartalmaz<\/p>\n","protected":false},"featured_media":23505,"comment_status":"closed","ping_status":"closed","template":"","meta":[],"product_brand":[],"product_cat":[381],"product_tag":[],"class_list":{"0":"post-22518","1":"product","2":"type-product","3":"status-publish","4":"has-post-thumbnail","6":"product_cat-paradicsom-vetomagok-bolgar-florian-vetomagok","8":"first","9":"instock","10":"taxable","11":"shipping-taxable","12":"purchasable","13":"product-type-simple"},"_links":{"self":[{"href":"https:\/\/chilimag.hu\/webshop\/wp-json\/wp\/v2\/product\/22518","targetHints":{"allow":["GET"]}}],"collection":[{"href":"https:\/\/chilimag.hu\/webshop\/wp-json\/wp\/v2\/product"}],"about":[{"href":"https:\/\/chilimag.hu\/webshop\/wp-json\/wp\/v2\/types\/product"}],"replies":[{"embeddable":true,"href":"https:\/\/chilimag.hu\/webshop\/wp-json\/wp\/v2\/comments?post=22518"}],"wp:featuredmedia":[{"embeddable":true,"href":"https:\/\/chilimag.hu\/webshop\/wp-json\/wp\/v2\/media\/23505"}],"wp:attachment":[{"href":"https:\/\/chilimag.hu\/webshop\/wp-json\/wp\/v2\/media?parent=22518"}],"wp:term":[{"taxonomy":"product_brand","embeddable":true,"href":"https:\/\/chilimag.hu\/webshop\/wp-json\/wp\/v2\/product_brand?post=22518"},{"taxonomy":"product_cat","embeddable":true,"href":"https:\/\/chilimag.hu\/webshop\/wp-json\/wp\/v2\/product_cat?post=22518"},{"taxonomy":"product_tag","embeddable":true,"href":"https:\/\/chilimag.hu\/webshop\/wp-json\/wp\/v2\/product_tag?post=22518"}],"curies":[{"name":"wp","href":"https:\/\/api.w.org\/{rel}","templated":true}]}}