{"id":22490,"date":"2023-03-12T19:16:02","date_gmt":"2023-03-12T19:16:02","guid":{"rendered":"https:\/\/chilimag.hu\/webshop\/?post_type=product&#038;p=22490"},"modified":"2026-03-11T07:04:53","modified_gmt":"2026-03-11T07:04:53","slug":"kokuszrost-szubsztrat","status":"publish","type":"product","link":"https:\/\/chilimag.hu\/webshop\/termek\/kokuszrost-szubsztrat\/","title":{"rendered":"K\u00f3kuszrost szubsztr\u00e1t 10l SL"},"content":{"rendered":"","protected":false},"excerpt":{"rendered":"<p>Felhaszn\u00e1l\u00e1s: univerz\u00e1lis k\u00f3kusz szubsztr\u00e1t vir\u00e1gok, szoban\u00f6v\u00e9nyek \u00fcltet\u00e9s\u00e9hez \u00e9s \u00e1t\u00fcltet\u00e9s\u00e9hez, hagymavir\u00e1gok \u00fcltet\u00e9s\u00e9hez \u00e9s magok vet\u00e9s\u00e9hez. Az aljzat egyenl\u0151 ar\u00e1nyban keverhet\u0151 a kerti talajjal, \u00e9s felhaszn\u00e1lhat\u00f3 n\u00f6v\u00e9nyek \u00e9s cserj\u00e9k mulcsoz\u00e1s\u00e1ra.<\/p>\n<p>Tan\u00e1cs: a brikettet \u00fcltet\u0151g\u00e9pbe tessz\u00fck \u00e9s fel\u00f6ntj\u00fck 3 liter langyos v\u00edzzel, v\u00e1runk kb. 15 perc. Haszn\u00e1lat el\u0151tt keverje meg.<\/p>\n<p>Biztons\u00e1g \u00e9s t\u00e1rol\u00e1s: a term\u00e9k kezel\u00e9sekor tartsa be az \u00e1ltal\u00e1nos higi\u00e9niai el\u0151\u00edr\u00e1sokat \u00e9s viseljen keszty\u0171t. Tartsa t\u00e1vol gyermekekt\u0151l! T\u00e1rolja sz\u00e1raz helyen, t\u00e1vol a k\u00f6zvetlen napf\u00e9nyt\u0151l, nedvess\u00e9gt\u0151l, esetleges szennyez\u0151d\u00e9sekt\u0151l \u00e9s a csomagol\u00e1s mechanikai s\u00e9r\u00fcl\u00e9s\u00e9t\u0151l.<\/p>\n<p>Teny\u00e9szt\u0151k\u00f6zeg, egy\u00e9b t\u00e1ptalaj: F.2.1.1.12 k\u00f3kuszrost.<\/p>\n<p>F\u0151 \u00f6sszetev\u0151k: 100% stabiliz\u00e1lt k\u00f3kuszrost por.<\/p>\n<p>\u00d6sszet\u00e9tel: savass\u00e1g pH (H\u2082O) \u2013 5,2-6,8; elektromos vezet\u0151k\u00e9pess\u00e9g (EC mS\/m) \u2013 1,2; frakci\u00f3 (sz\u00e1raz alapon) \u2013 0,5-1 mm; szervesanyag-tartalom (sz\u00e1razanyag) \u2013 92,3%; t\u00e9rfogats\u0171r\u0171s\u00e9g (sz\u00e1raz alapon) \u2013 92 g\/l; nedvess\u00e9g \u2013 &gt;15,2%; fizikai forma \u2013 t\u00f6m\u00f6r\u00edtett.<\/p>\n<p>Adal\u00e9kok: 5 g m\u0171tr\u00e1gya NPK 20:20:20 + TE<\/p>\n<p>K\u00e9miai \u00f6sszet\u00e9tel (sz\u00e1razanyag): \u00f6sszes nitrog\u00e9n (N) \u2013 0,30%; amm\u00f3ni\u00e1s nitrog\u00e9n \u2013 0,12%; nitrog\u00e9n \u2013 0,18%, oldhat\u00f3 foszf\u00e1t (P\u2082O5) \u2013 0,30%, oldhat\u00f3 k\u00e1lium (K\u2082O) \u2013 0,30%.<\/p>\n<p>K\u00e9miai \u00f6sszet\u00e9tel (nedves alapon): \u00f6sszes nitrog\u00e9n (N) \u2013 0,05%, amm\u00f3ni\u00e1s nitrog\u00e9n \u2013 0,02%; nitrog\u00e9n \u2013 0,03%; oldhat\u00f3 foszf\u00e1t (P2O5) \u2013 0,05%; oldhat\u00f3 k\u00e1lium (K\u2082O) \u2013 0,05%.<\/p>\n<p>Szennyez\u0151d\u00e9sek: kadmium (Cd) \u2013 0,05 mg\/kg, \u00f3lom (Pb) \u2013 &lt;2,5 mg\/kg, higany (Hg) \u2013 &lt;0,08 mg\/kg, kr\u00f3m (Cr) \u2013 &lt;15,3 mg\/kg; cink (Zn) \u2013 0,5 mg\/l; r\u00e9z (Cu) \u2013 0,2 mg\/l; arz\u00e9n (As) \u2013 1,3 mg\/kg; nikkel (Ni) \u2013 6,3 mg\/l; hat vegy\u00e9rt\u00e9k\u0171 kr\u00f3m (Cr VI) \u2013 &lt;1 mg\/kg.<\/p>\n<p>C\u00e9l z\u00f6lds\u00e9gekhez, Univerz\u00e1lis, Szoban\u00f6v\u00e9nyekhez, Pal\u00e1nt\u00e1khoz, Vir\u00e1gokhoz<br \/>\nK\u00f3kuszh\u00e9j term\u00e9kekhez<br \/>\nGy\u00e1rt\u00f3 PRODUCX<br \/>\nKiszerel\u00e9s 10l<\/p>\n<p>Csomagm\u00e9ret:19 x 2 x 19 cm<\/p>\n","protected":false},"featured_media":22491,"comment_status":"closed","ping_status":"closed","template":"","meta":[],"product_brand":[],"product_cat":[371,336],"product_tag":[],"class_list":{"0":"post-22490","1":"product","2":"type-product","3":"status-publish","4":"has-post-thumbnail","6":"product_cat-seklos-lt-tozegek","7":"product_cat-vetotalcak-ulteto-cserepek-es-palanta-nevelok","9":"first","10":"instock","11":"taxable","12":"shipping-taxable","13":"purchasable","14":"product-type-simple"},"_links":{"self":[{"href":"https:\/\/chilimag.hu\/webshop\/wp-json\/wp\/v2\/product\/22490","targetHints":{"allow":["GET"]}}],"collection":[{"href":"https:\/\/chilimag.hu\/webshop\/wp-json\/wp\/v2\/product"}],"about":[{"href":"https:\/\/chilimag.hu\/webshop\/wp-json\/wp\/v2\/types\/product"}],"replies":[{"embeddable":true,"href":"https:\/\/chilimag.hu\/webshop\/wp-json\/wp\/v2\/comments?post=22490"}],"wp:featuredmedia":[{"embeddable":true,"href":"https:\/\/chilimag.hu\/webshop\/wp-json\/wp\/v2\/media\/22491"}],"wp:attachment":[{"href":"https:\/\/chilimag.hu\/webshop\/wp-json\/wp\/v2\/media?parent=22490"}],"wp:term":[{"taxonomy":"product_brand","embeddable":true,"href":"https:\/\/chilimag.hu\/webshop\/wp-json\/wp\/v2\/product_brand?post=22490"},{"taxonomy":"product_cat","embeddable":true,"href":"https:\/\/chilimag.hu\/webshop\/wp-json\/wp\/v2\/product_cat?post=22490"},{"taxonomy":"product_tag","embeddable":true,"href":"https:\/\/chilimag.hu\/webshop\/wp-json\/wp\/v2\/product_tag?post=22490"}],"curies":[{"name":"wp","href":"https:\/\/api.w.org\/{rel}","templated":true}]}}