{"id":22488,"date":"2023-03-12T19:09:08","date_gmt":"2023-03-12T19:09:08","guid":{"rendered":"https:\/\/chilimag.hu\/webshop\/?post_type=product&#038;p=22488"},"modified":"2026-02-03T21:49:14","modified_gmt":"2026-02-03T21:49:14","slug":"levelzeller-jemny-z-s-sl","status":"publish","type":"product","link":"https:\/\/chilimag.hu\/webshop\/termek\/levelzeller-jemny-z-s-sl\/","title":{"rendered":"Lev\u00e9lzeller JEMN\u00dd Z.S SL"},"content":{"rendered":"","protected":false},"excerpt":{"rendered":"<p><img decoding=\"async\" class=\"logo\" src=\"https:\/\/b2b.seklos.lt\/themes\/warehouse\/img\/logo_en.png\" alt=\"Agrofirma S\u0117klos, UAB\" \/><\/p>\n<p>Korai, nagy hozam\u00fa fajta. Veget\u00e1ci\u00f3s id\u0151szak &#8211; 70-80 nap. Az illatos leveleket \u00e9tkez\u00e9sre haszn\u00e1lj\u00e1k. A leveleket frissen fogyasztj\u00e1k, \u00e9s ed\u00e9nyek d\u00edsz\u00edt\u00e9s\u00e9re haszn\u00e1lhat\u00f3k. A sz\u00e1raz leveleket k\u00fcl\u00f6nf\u00e9le \u00e9telek f\u0171szerez\u00e9s\u00e9re haszn\u00e1lj\u00e1k. A term\u00e9s t\u00f6bbsz\u00f6r is betakar\u00edthat\u00f3 az eg\u00e9sz n\u00f6v\u00e9ny lev\u00e1g\u00e1s\u00e1val. A n\u00f6v\u00e9nyeket nem szabad t\u00fal alacsonyra v\u00e1gni, mert el\u0151fordulhat, hogy nem n\u0151nek \u00fajra. Neh\u00e9z, humuszban gazdag, j\u00f3l m\u0171velt, nem t\u00fal nedves talajban fejl\u0151dik a legjobban.<\/p>\n<p>Mennyis\u00e9g egy csomagban 0,2g<br \/>\nMagok sz\u00e1ma grammonk\u00e9nt 2000-2600<br \/>\nSz\u00fcret VII-X<br \/>\nA pal\u00e1nt\u00e1k vet\u00e9si ideje II-III, 0,5 cm<br \/>\nGy\u00e1rt\u00f3 \u017dalia stotel\u0117<br \/>\nT\u00e1vols\u00e1gok, cm V, 30&#215;30 cm<\/p>\n","protected":false},"featured_media":22489,"comment_status":"closed","ping_status":"closed","template":"","meta":[],"product_brand":[],"product_cat":[419],"product_tag":[],"class_list":{"0":"post-22488","1":"product","2":"type-product","3":"status-publish","4":"has-post-thumbnail","6":"product_cat-fuszer-es-gyogynovenyek-zalia-stotele","8":"first","9":"instock","10":"taxable","11":"shipping-taxable","12":"purchasable","13":"product-type-simple"},"_links":{"self":[{"href":"https:\/\/chilimag.hu\/webshop\/wp-json\/wp\/v2\/product\/22488","targetHints":{"allow":["GET"]}}],"collection":[{"href":"https:\/\/chilimag.hu\/webshop\/wp-json\/wp\/v2\/product"}],"about":[{"href":"https:\/\/chilimag.hu\/webshop\/wp-json\/wp\/v2\/types\/product"}],"replies":[{"embeddable":true,"href":"https:\/\/chilimag.hu\/webshop\/wp-json\/wp\/v2\/comments?post=22488"}],"wp:featuredmedia":[{"embeddable":true,"href":"https:\/\/chilimag.hu\/webshop\/wp-json\/wp\/v2\/media\/22489"}],"wp:attachment":[{"href":"https:\/\/chilimag.hu\/webshop\/wp-json\/wp\/v2\/media?parent=22488"}],"wp:term":[{"taxonomy":"product_brand","embeddable":true,"href":"https:\/\/chilimag.hu\/webshop\/wp-json\/wp\/v2\/product_brand?post=22488"},{"taxonomy":"product_cat","embeddable":true,"href":"https:\/\/chilimag.hu\/webshop\/wp-json\/wp\/v2\/product_cat?post=22488"},{"taxonomy":"product_tag","embeddable":true,"href":"https:\/\/chilimag.hu\/webshop\/wp-json\/wp\/v2\/product_tag?post=22488"}],"curies":[{"name":"wp","href":"https:\/\/api.w.org\/{rel}","templated":true}]}}