{"id":22484,"date":"2023-03-12T19:05:03","date_gmt":"2023-03-12T19:05:03","guid":{"rendered":"https:\/\/chilimag.hu\/webshop\/?post_type=product&#038;p=22484"},"modified":"2026-03-31T22:31:41","modified_gmt":"2026-03-31T22:31:41","slug":"paradicsom-prune-noire-z-s-sl","status":"publish","type":"product","link":"https:\/\/chilimag.hu\/webshop\/termek\/paradicsom-prune-noire-z-s-sl\/","title":{"rendered":"Paradicsom Prune Noire Z.S SL"},"content":{"rendered":"","protected":false},"excerpt":{"rendered":"<p><img decoding=\"async\" class=\"logo\" src=\"https:\/\/b2b.seklos.lt\/themes\/warehouse\/img\/logo_en.png\" alt=\"Agrofirma S\u0117klos, UAB\" \/><\/p>\n<p>Korai, magas term\u0151k\u00e9pess\u00e9g\u0171, kis term\u00e9st hoz\u00f3 paradicsomfajta. Hossz\u00fa term\u0151k\u00e9pess\u00e9ggel t\u0171nik ki. A gy\u00fcm\u00f6lcs\u00f6k szilva alak\u00faak \u00e9s kb. 25-30 g. A h\u00fas kem\u00e9ny, \u00e9des \u00e9s l\u00e9d\u00fas. Frissen fogyasztva, bef\u0151zhet\u0151. A pal\u00e1nt\u00e1kat az els\u0151 val\u00f3di lev\u00e9l megjelen\u00e9sekor cser\u00e9pbe sz\u00farj\u00e1k ki. \u00dcvegh\u00e1zakban \u00e9s szabadban termesztik.<\/p>\n<p>Sz\u00fcret VII-IX<br \/>\nA pal\u00e1nt\u00e1k vet\u00e9si ideje III-IV, 0,5-1,5 cm<br \/>\nGy\u00e1rt\u00f3 \u017dalia stotel\u0117<br \/>\nT\u00e1vols\u00e1gok, cm IV-V, 90&#215;40 cm<br \/>\nMagok sz\u00e1ma a csomagban, db. 5<\/p>\n","protected":false},"featured_media":22485,"comment_status":"closed","ping_status":"closed","template":"","meta":[],"product_brand":[],"product_cat":[413],"product_tag":[],"class_list":{"0":"post-22484","1":"product","2":"type-product","3":"status-publish","4":"has-post-thumbnail","6":"product_cat-paradicsom-vetomagok-zalia-stotele","8":"first","9":"instock","10":"taxable","11":"shipping-taxable","12":"purchasable","13":"product-type-simple"},"_links":{"self":[{"href":"https:\/\/chilimag.hu\/webshop\/wp-json\/wp\/v2\/product\/22484","targetHints":{"allow":["GET"]}}],"collection":[{"href":"https:\/\/chilimag.hu\/webshop\/wp-json\/wp\/v2\/product"}],"about":[{"href":"https:\/\/chilimag.hu\/webshop\/wp-json\/wp\/v2\/types\/product"}],"replies":[{"embeddable":true,"href":"https:\/\/chilimag.hu\/webshop\/wp-json\/wp\/v2\/comments?post=22484"}],"wp:featuredmedia":[{"embeddable":true,"href":"https:\/\/chilimag.hu\/webshop\/wp-json\/wp\/v2\/media\/22485"}],"wp:attachment":[{"href":"https:\/\/chilimag.hu\/webshop\/wp-json\/wp\/v2\/media?parent=22484"}],"wp:term":[{"taxonomy":"product_brand","embeddable":true,"href":"https:\/\/chilimag.hu\/webshop\/wp-json\/wp\/v2\/product_brand?post=22484"},{"taxonomy":"product_cat","embeddable":true,"href":"https:\/\/chilimag.hu\/webshop\/wp-json\/wp\/v2\/product_cat?post=22484"},{"taxonomy":"product_tag","embeddable":true,"href":"https:\/\/chilimag.hu\/webshop\/wp-json\/wp\/v2\/product_tag?post=22484"}],"curies":[{"name":"wp","href":"https:\/\/api.w.org\/{rel}","templated":true}]}}