{"id":22482,"date":"2023-03-12T19:03:02","date_gmt":"2023-03-12T19:03:02","guid":{"rendered":"https:\/\/chilimag.hu\/webshop\/?post_type=product&#038;p=22482"},"modified":"2026-01-14T17:35:05","modified_gmt":"2026-01-14T17:35:05","slug":"paradicsom-ponderosa-z-s-sl","status":"publish","type":"product","link":"https:\/\/chilimag.hu\/webshop\/termek\/paradicsom-ponderosa-z-s-sl\/","title":{"rendered":"Paradicsom Ponderosa Z.S SL"},"content":{"rendered":"","protected":false},"excerpt":{"rendered":"<p><img decoding=\"async\" class=\"logo\" src=\"https:\/\/b2b.seklos.lt\/themes\/warehouse\/img\/logo_en.png\" alt=\"Agrofirma S\u0117klos, UAB\" \/><\/p>\n<p>K\u00f6z\u00e9pk\u00e9s\u0151, r\u00e9gi, magas fajta. R\u00f3zsasz\u00edn gy\u00fcm\u00f6lcs\u00f6ket hoz, z\u00f6ld folttal a kocs\u00e1nyon. Gy\u00fcm\u00f6lcse laposan kerek, enyh\u00e9n bord\u00e1zott, nagy, t\u00f6mege kb. 400 g. finom, h\u00fasos, nagyon kev\u00e9s maggal. Frissen fogyasztva, alkalmas szendvicsekhez vagy sal\u00e1t\u00e1khoz. Alkalmas szabadban \u00e9s \u00fcvegh\u00e1zban t\u00f6rt\u00e9n\u0151 termeszt\u00e9sre. Legjobban 22-24 \u00b0C h\u0151m\u00e9rs\u00e9kleten fejl\u0151dik.<\/p>\n<p>Mennyis\u00e9g egy csomagban 0,1g<br \/>\nMagok sz\u00e1ma grammonk\u00e9nt 200-300<br \/>\nSz\u00fcret VII-VIII<br \/>\nA pal\u00e1nt\u00e1k vet\u00e9si ideje III,0,5-1,5 cm<br \/>\nGy\u00e1rt\u00f3 \u017dalia stotel\u0117<br \/>\nT\u00e1vols\u00e1gok, cm IV-V, 90&#215;40 cm<\/p>\n","protected":false},"featured_media":22483,"comment_status":"closed","ping_status":"closed","template":"","meta":[],"product_brand":[],"product_cat":[413],"product_tag":[],"class_list":{"0":"post-22482","1":"product","2":"type-product","3":"status-publish","4":"has-post-thumbnail","6":"product_cat-paradicsom-vetomagok-zalia-stotele","8":"first","9":"instock","10":"taxable","11":"shipping-taxable","12":"purchasable","13":"product-type-simple"},"_links":{"self":[{"href":"https:\/\/chilimag.hu\/webshop\/wp-json\/wp\/v2\/product\/22482","targetHints":{"allow":["GET"]}}],"collection":[{"href":"https:\/\/chilimag.hu\/webshop\/wp-json\/wp\/v2\/product"}],"about":[{"href":"https:\/\/chilimag.hu\/webshop\/wp-json\/wp\/v2\/types\/product"}],"replies":[{"embeddable":true,"href":"https:\/\/chilimag.hu\/webshop\/wp-json\/wp\/v2\/comments?post=22482"}],"wp:featuredmedia":[{"embeddable":true,"href":"https:\/\/chilimag.hu\/webshop\/wp-json\/wp\/v2\/media\/22483"}],"wp:attachment":[{"href":"https:\/\/chilimag.hu\/webshop\/wp-json\/wp\/v2\/media?parent=22482"}],"wp:term":[{"taxonomy":"product_brand","embeddable":true,"href":"https:\/\/chilimag.hu\/webshop\/wp-json\/wp\/v2\/product_brand?post=22482"},{"taxonomy":"product_cat","embeddable":true,"href":"https:\/\/chilimag.hu\/webshop\/wp-json\/wp\/v2\/product_cat?post=22482"},{"taxonomy":"product_tag","embeddable":true,"href":"https:\/\/chilimag.hu\/webshop\/wp-json\/wp\/v2\/product_tag?post=22482"}],"curies":[{"name":"wp","href":"https:\/\/api.w.org\/{rel}","templated":true}]}}