{"id":22477,"date":"2023-03-12T18:58:55","date_gmt":"2023-03-12T18:58:55","guid":{"rendered":"https:\/\/chilimag.hu\/webshop\/?post_type=product&#038;p=22477"},"modified":"2025-08-26T11:44:14","modified_gmt":"2025-08-26T11:44:14","slug":"paradicsom-mama-rosa-z-s-sl","status":"publish","type":"product","link":"https:\/\/chilimag.hu\/webshop\/termek\/paradicsom-mama-rosa-z-s-sl\/","title":{"rendered":"Paradicsom Mama Rosa Hibrid Z.S SL"},"content":{"rendered":"","protected":false},"excerpt":{"rendered":"<p><img decoding=\"async\" class=\"active-logo\" src=\"https:\/\/b2b.seklos.lt\/themes\/warehouse\/img\/logo_en.png\" alt=\"Agrofirma S\u0117klos, UAB\" width=\"280\" height=\"95\" \/><\/p>\n<p>K\u00f6z\u00e9pkorai, nagy hozam\u00fa, magas marha t\u00edpus\u00fa hibrid. Gy\u00fcm\u00f6lcse kerek, m\u00e1lnaszer\u0171, nagy, s\u00falya kb. 200-250 g. J\u00f3 \u00edz\u0171, illatos, lassan t\u00fal\u00e9rik. Frissen fogyasztva, alkalmas szendvicsekhez vagy sal\u00e1t\u00e1khoz. \u00dcvegh\u00e1zakban termesztik. A vet\u0151mag cs\u00edr\u00e1ztat\u00e1s\u00e1nak legalkalmasabb h\u0151m\u00e9rs\u00e9klete 20-25 \u00b0C. A pal\u00e1nt\u00e1kat az els\u0151 val\u00f3di lev\u00e9l megjelen\u00e9sekor cser\u00e9pbe sz\u00farj\u00e1k ki.<\/p>\n<p>Sz\u00fcret VII-VIII<br \/>\nA pal\u00e1nt\u00e1k vet\u00e9si ideje III,0,5-1,5 cm<br \/>\nGy\u00e1rt\u00f3 \u017dalia stotel\u0117<br \/>\nT\u00e1vols\u00e1gok, cm IV-V, 60&#215;40 cm<br \/>\nMagok sz\u00e1ma a csomagban, db. 10<\/p>\n","protected":false},"featured_media":22478,"comment_status":"closed","ping_status":"closed","template":"","meta":[],"product_brand":[],"product_cat":[413],"product_tag":[],"class_list":{"0":"post-22477","1":"product","2":"type-product","3":"status-publish","4":"has-post-thumbnail","6":"product_cat-paradicsom-vetomagok-zalia-stotele","8":"first","9":"instock","10":"taxable","11":"shipping-taxable","12":"purchasable","13":"product-type-simple"},"_links":{"self":[{"href":"https:\/\/chilimag.hu\/webshop\/wp-json\/wp\/v2\/product\/22477","targetHints":{"allow":["GET"]}}],"collection":[{"href":"https:\/\/chilimag.hu\/webshop\/wp-json\/wp\/v2\/product"}],"about":[{"href":"https:\/\/chilimag.hu\/webshop\/wp-json\/wp\/v2\/types\/product"}],"replies":[{"embeddable":true,"href":"https:\/\/chilimag.hu\/webshop\/wp-json\/wp\/v2\/comments?post=22477"}],"wp:featuredmedia":[{"embeddable":true,"href":"https:\/\/chilimag.hu\/webshop\/wp-json\/wp\/v2\/media\/22478"}],"wp:attachment":[{"href":"https:\/\/chilimag.hu\/webshop\/wp-json\/wp\/v2\/media?parent=22477"}],"wp:term":[{"taxonomy":"product_brand","embeddable":true,"href":"https:\/\/chilimag.hu\/webshop\/wp-json\/wp\/v2\/product_brand?post=22477"},{"taxonomy":"product_cat","embeddable":true,"href":"https:\/\/chilimag.hu\/webshop\/wp-json\/wp\/v2\/product_cat?post=22477"},{"taxonomy":"product_tag","embeddable":true,"href":"https:\/\/chilimag.hu\/webshop\/wp-json\/wp\/v2\/product_tag?post=22477"}],"curies":[{"name":"wp","href":"https:\/\/api.w.org\/{rel}","templated":true}]}}