{"id":22475,"date":"2023-03-12T18:56:36","date_gmt":"2023-03-12T18:56:36","guid":{"rendered":"https:\/\/chilimag.hu\/webshop\/?post_type=product&#038;p=22475"},"modified":"2025-08-26T11:57:50","modified_gmt":"2025-08-26T11:57:50","slug":"paradicsom-yellow-river-z-s-sl","status":"publish","type":"product","link":"https:\/\/chilimag.hu\/webshop\/termek\/paradicsom-yellow-river-z-s-sl\/","title":{"rendered":"Paradicsom Yellow River Hibrid  Z.S SL"},"content":{"rendered":"","protected":false},"excerpt":{"rendered":"<p><img decoding=\"async\" class=\"logo\" src=\"https:\/\/b2b.seklos.lt\/themes\/warehouse\/img\/logo_en.png\" alt=\"Agrofirma S\u0117klos, UAB\" \/><\/p>\n<p>Korai, sal\u00e1ta t\u00edpus\u00fa, betegs\u00e9geknek ellen\u00e1ll\u00f3, t\u00f6rpe hibrid. Gy\u00fcm\u00f6lcse szilva alak\u00fa, \u00e9des, s\u00falya kb. 70-80 g, lassan t\u00fal\u00e9rik. Frissen fogyasztva, alkalmas bef\u0151z\u00e9sre, gy\u00fcm\u00f6lcslevek facsar\u00e1s\u00e1ra, f\u0171szerek, sz\u00f3szok k\u00e9sz\u00edt\u00e9s\u00e9re. \u00dcvegh\u00e1zakban \u00e9s szabadban termesztik. A vet\u0151mag cs\u00edr\u00e1ztat\u00e1s\u00e1nak legalkalmasabb h\u0151m\u00e9rs\u00e9klete 20-25 \u00b0C.<\/p>\n<p>Sz\u00fcret VII-IX<br \/>\nA pal\u00e1nt\u00e1k vet\u00e9si ideje III-IV,0,5-1,5 cm<br \/>\nGy\u00e1rt\u00f3 \u017dalia stotel\u0117<br \/>\nT\u00e1vols\u00e1gok, cm IV-V, 90&#215;40 cm<br \/>\nMagok sz\u00e1ma a csomagban, db. 12<\/p>\n","protected":false},"featured_media":22476,"comment_status":"closed","ping_status":"closed","template":"","meta":[],"product_brand":[],"product_cat":[413],"product_tag":[],"class_list":{"0":"post-22475","1":"product","2":"type-product","3":"status-publish","4":"has-post-thumbnail","6":"product_cat-paradicsom-vetomagok-zalia-stotele","8":"first","9":"instock","10":"taxable","11":"shipping-taxable","12":"purchasable","13":"product-type-simple"},"_links":{"self":[{"href":"https:\/\/chilimag.hu\/webshop\/wp-json\/wp\/v2\/product\/22475","targetHints":{"allow":["GET"]}}],"collection":[{"href":"https:\/\/chilimag.hu\/webshop\/wp-json\/wp\/v2\/product"}],"about":[{"href":"https:\/\/chilimag.hu\/webshop\/wp-json\/wp\/v2\/types\/product"}],"replies":[{"embeddable":true,"href":"https:\/\/chilimag.hu\/webshop\/wp-json\/wp\/v2\/comments?post=22475"}],"wp:featuredmedia":[{"embeddable":true,"href":"https:\/\/chilimag.hu\/webshop\/wp-json\/wp\/v2\/media\/22476"}],"wp:attachment":[{"href":"https:\/\/chilimag.hu\/webshop\/wp-json\/wp\/v2\/media?parent=22475"}],"wp:term":[{"taxonomy":"product_brand","embeddable":true,"href":"https:\/\/chilimag.hu\/webshop\/wp-json\/wp\/v2\/product_brand?post=22475"},{"taxonomy":"product_cat","embeddable":true,"href":"https:\/\/chilimag.hu\/webshop\/wp-json\/wp\/v2\/product_cat?post=22475"},{"taxonomy":"product_tag","embeddable":true,"href":"https:\/\/chilimag.hu\/webshop\/wp-json\/wp\/v2\/product_tag?post=22475"}],"curies":[{"name":"wp","href":"https:\/\/api.w.org\/{rel}","templated":true}]}}