{"id":22471,"date":"2023-03-12T18:52:42","date_gmt":"2023-03-12T18:52:42","guid":{"rendered":"https:\/\/chilimag.hu\/webshop\/?post_type=product&#038;p=22471"},"modified":"2026-03-21T20:21:03","modified_gmt":"2026-03-21T20:21:03","slug":"paradicsom-blackball-z-s-sl","status":"publish","type":"product","link":"https:\/\/chilimag.hu\/webshop\/termek\/paradicsom-blackball-z-s-sl\/","title":{"rendered":"Paradicsom BlackBall Z.S SL"},"content":{"rendered":"","protected":false},"excerpt":{"rendered":"<p><img decoding=\"async\" class=\"logo\" src=\"https:\/\/b2b.seklos.lt\/themes\/warehouse\/img\/logo_en.png\" alt=\"Agrofirma S\u0117klos, UAB\" \/><\/p>\n<p>K\u00f6z\u00e9pk\u00e9s\u0151, magas fajta. A gy\u00fcm\u00f6lcs\u00f6k finomak, l\u00e9d\u00fasak \u00e9s d\u00edszesek, szokatlan fekete b\u0151rrel \u00e9s \u00e9l\u00e9nkv\u00f6r\u00f6s h\u00fassal. Egy csokor 8-10 50-55 g s\u00faly\u00fa gy\u00fcm\u00f6lcs\u00f6t terem. Ez a fajta t\u00f6k\u00e9letes egyfalat\u00fa szendvicsekhez vagy sal\u00e1t\u00e1khoz, \u00e9s b\u00e1rmilyen harapnival\u00f3t d\u00edsz\u00edt. \u00dcvegh\u00e1zakban \u00e9s szabadban termesztik.<\/p>\n<p>Mennyis\u00e9g egy csomagban 0,2g<br \/>\nMagok sz\u00e1ma grammonk\u00e9nt 200-300<br \/>\nSz\u00fcret VII-IX<br \/>\nA pal\u00e1nt\u00e1k vet\u00e9si ideje III-IV,0,5-1,5 cm<br \/>\nGy\u00e1rt\u00f3 \u017dalia stotel\u0117<br \/>\nT\u00e1vols\u00e1gok, cm IV-V, 90&#215;40 cm<\/p>\n","protected":false},"featured_media":22472,"comment_status":"closed","ping_status":"closed","template":"","meta":[],"product_brand":[],"product_cat":[413],"product_tag":[],"class_list":{"0":"post-22471","1":"product","2":"type-product","3":"status-publish","4":"has-post-thumbnail","6":"product_cat-paradicsom-vetomagok-zalia-stotele","8":"first","9":"instock","10":"taxable","11":"shipping-taxable","12":"purchasable","13":"product-type-simple"},"_links":{"self":[{"href":"https:\/\/chilimag.hu\/webshop\/wp-json\/wp\/v2\/product\/22471","targetHints":{"allow":["GET"]}}],"collection":[{"href":"https:\/\/chilimag.hu\/webshop\/wp-json\/wp\/v2\/product"}],"about":[{"href":"https:\/\/chilimag.hu\/webshop\/wp-json\/wp\/v2\/types\/product"}],"replies":[{"embeddable":true,"href":"https:\/\/chilimag.hu\/webshop\/wp-json\/wp\/v2\/comments?post=22471"}],"wp:featuredmedia":[{"embeddable":true,"href":"https:\/\/chilimag.hu\/webshop\/wp-json\/wp\/v2\/media\/22472"}],"wp:attachment":[{"href":"https:\/\/chilimag.hu\/webshop\/wp-json\/wp\/v2\/media?parent=22471"}],"wp:term":[{"taxonomy":"product_brand","embeddable":true,"href":"https:\/\/chilimag.hu\/webshop\/wp-json\/wp\/v2\/product_brand?post=22471"},{"taxonomy":"product_cat","embeddable":true,"href":"https:\/\/chilimag.hu\/webshop\/wp-json\/wp\/v2\/product_cat?post=22471"},{"taxonomy":"product_tag","embeddable":true,"href":"https:\/\/chilimag.hu\/webshop\/wp-json\/wp\/v2\/product_tag?post=22471"}],"curies":[{"name":"wp","href":"https:\/\/api.w.org\/{rel}","templated":true}]}}