{"id":22465,"date":"2023-03-12T18:44:39","date_gmt":"2023-03-12T18:44:39","guid":{"rendered":"https:\/\/chilimag.hu\/webshop\/?post_type=product&#038;p=22465"},"modified":"2025-08-26T11:04:57","modified_gmt":"2025-08-26T11:04:57","slug":"paprika-ardito-z-s-sl","status":"publish","type":"product","link":"https:\/\/chilimag.hu\/webshop\/termek\/paprika-ardito-z-s-sl\/","title":{"rendered":"Paprika Ardito Hibrid Z.S SL"},"content":{"rendered":"","protected":false},"excerpt":{"rendered":"<p><img decoding=\"async\" class=\"active-logo\" src=\"https:\/\/b2b.seklos.lt\/themes\/warehouse\/img\/logo_en.png\" alt=\"Agrofirma S\u0117klos, UAB\" width=\"280\" height=\"95\" \/><\/p>\n<p>Nagy hozam\u00fa, h\u0151t\u0171r\u0151, cayenne t\u00edpus\u00fa cs\u00edp\u0151s chili hibrid. Szabadban vagy \u00fcvegh\u00e1zban termesztik. Gy\u00fcm\u00f6lcsei hossz\u00fak\u00e1sak, keskenyek, k\u00faposak, 18 cm hossz\u00faak, s\u00falyuk kb. 40 g, \u00e9retten \u00e9l\u00e9nkpiross\u00e1 v\u00e1lik. F\u0171szerk\u00e9nt haszn\u00e1lhat\u00f3, eg\u00e9szben bef\u0151zhet\u0151 az \u00e9r\u00e9s b\u00e1rmely szakasz\u00e1ban. Az \u00e9des paprika magjainak optim\u00e1lis cs\u00edr\u00e1z\u00e1si h\u0151m\u00e9rs\u00e9klete 22-25 \u00b0C. A magok 14-22 napon bel\u00fcl cs\u00edr\u00e1znak.<\/p>\n<p>Mennyis\u00e9g egy csomagban 0,1g<br \/>\nMagok sz\u00e1ma grammonk\u00e9nt 120-160<br \/>\nSz\u00fcret VII\u2013IX<br \/>\nA pal\u00e1nt\u00e1k vet\u00e9si ideje II-IV, 0,5-1,5cm<br \/>\nGy\u00e1rt\u00f3 \u017dalia stotel\u0117<br \/>\nT\u00e1vols\u00e1gok, cm IV\u2013VI, 40&#215;30 cm<\/p>\n","protected":false},"featured_media":22466,"comment_status":"closed","ping_status":"closed","template":"","meta":[],"product_brand":[],"product_cat":[414],"product_tag":[],"class_list":{"0":"post-22465","1":"product","2":"type-product","3":"status-publish","4":"has-post-thumbnail","6":"product_cat-paprika-vetomagok-zalia-stotele","8":"first","9":"instock","10":"taxable","11":"shipping-taxable","12":"purchasable","13":"product-type-simple"},"_links":{"self":[{"href":"https:\/\/chilimag.hu\/webshop\/wp-json\/wp\/v2\/product\/22465","targetHints":{"allow":["GET"]}}],"collection":[{"href":"https:\/\/chilimag.hu\/webshop\/wp-json\/wp\/v2\/product"}],"about":[{"href":"https:\/\/chilimag.hu\/webshop\/wp-json\/wp\/v2\/types\/product"}],"replies":[{"embeddable":true,"href":"https:\/\/chilimag.hu\/webshop\/wp-json\/wp\/v2\/comments?post=22465"}],"wp:featuredmedia":[{"embeddable":true,"href":"https:\/\/chilimag.hu\/webshop\/wp-json\/wp\/v2\/media\/22466"}],"wp:attachment":[{"href":"https:\/\/chilimag.hu\/webshop\/wp-json\/wp\/v2\/media?parent=22465"}],"wp:term":[{"taxonomy":"product_brand","embeddable":true,"href":"https:\/\/chilimag.hu\/webshop\/wp-json\/wp\/v2\/product_brand?post=22465"},{"taxonomy":"product_cat","embeddable":true,"href":"https:\/\/chilimag.hu\/webshop\/wp-json\/wp\/v2\/product_cat?post=22465"},{"taxonomy":"product_tag","embeddable":true,"href":"https:\/\/chilimag.hu\/webshop\/wp-json\/wp\/v2\/product_tag?post=22465"}],"curies":[{"name":"wp","href":"https:\/\/api.w.org\/{rel}","templated":true}]}}