{"id":22463,"date":"2023-03-12T18:42:17","date_gmt":"2023-03-12T18:42:17","guid":{"rendered":"https:\/\/chilimag.hu\/webshop\/?post_type=product&#038;p=22463"},"modified":"2025-08-22T10:51:53","modified_gmt":"2025-08-22T10:51:53","slug":"sutotok-golias-z-s-sl","status":"publish","type":"product","link":"https:\/\/chilimag.hu\/webshop\/termek\/sutotok-golias-z-s-sl\/","title":{"rendered":"S\u00fct\u0151t\u00f6k GOLI\u00c1\u0160 Z.S SL"},"content":{"rendered":"","protected":false},"excerpt":{"rendered":"<p><img decoding=\"async\" class=\"logo\" src=\"https:\/\/b2b.seklos.lt\/themes\/warehouse\/img\/logo_en.png\" alt=\"Agrofirma S\u0117klos, UAB\" \/><\/p>\n<p>Magas hozam\u00fa s\u00fct\u0151t\u00f6k fajta. A gy\u00fcm\u00f6lcs\u00f6k ov\u00e1lisak, v\u00f6r\u00f6ses-narancss\u00e1rga h\u00e9j\u00faak. Nagy term\u00e9seket hoz, amelyek 18-30 kg s\u00faly\u00faak, k\u00fcl\u00f6n\u00f6sen kedvez\u0151 termeszt\u00e9si k\u00f6r\u00fclm\u00e9nyek k\u00f6z\u00f6tt ak\u00e1r 70 kg is lehet. A h\u00fas narancss\u00e1rga \u00e9s \u00e9des. Alkalmas p\u00f6rk\u00f6ltekhez, levesekhez, lekv\u00e1rokhoz, sz\u00f3szokhoz \u00e9s \u00e9des p\u00e9ks\u00fctem\u00e9nyekhez. A gy\u00fcm\u00f6lcs\u00f6k m\u00e1rciusig t\u00e1rolhat\u00f3k.<\/p>\n<p>Mennyis\u00e9g egy csomagban 2 g<br \/>\nMagok sz\u00e1ma grammonk\u00e9nt 3-8<br \/>\nSz\u00fcret VIII-IX<br \/>\nVet\u00e9sid\u0151 a talajban V-VI, 3-5 cm<br \/>\nA pal\u00e1nt\u00e1k vet\u00e9si ideje IV, 3-5 cm<br \/>\nGy\u00e1rt\u00f3 \u017dalia stotel\u0117<br \/>\nT\u00e1vols\u00e1gok, cm V-VI, 70&#215;60\u201370 cm<\/p>\n","protected":false},"featured_media":22464,"comment_status":"closed","ping_status":"closed","template":"","meta":[],"product_brand":[],"product_cat":[420],"product_tag":[],"class_list":{"0":"post-22463","1":"product","2":"type-product","3":"status-publish","4":"has-post-thumbnail","6":"product_cat-dinnye-es-tok-vetomagok-zalia-stotele","8":"first","9":"instock","10":"taxable","11":"shipping-taxable","12":"purchasable","13":"product-type-simple"},"_links":{"self":[{"href":"https:\/\/chilimag.hu\/webshop\/wp-json\/wp\/v2\/product\/22463","targetHints":{"allow":["GET"]}}],"collection":[{"href":"https:\/\/chilimag.hu\/webshop\/wp-json\/wp\/v2\/product"}],"about":[{"href":"https:\/\/chilimag.hu\/webshop\/wp-json\/wp\/v2\/types\/product"}],"replies":[{"embeddable":true,"href":"https:\/\/chilimag.hu\/webshop\/wp-json\/wp\/v2\/comments?post=22463"}],"wp:featuredmedia":[{"embeddable":true,"href":"https:\/\/chilimag.hu\/webshop\/wp-json\/wp\/v2\/media\/22464"}],"wp:attachment":[{"href":"https:\/\/chilimag.hu\/webshop\/wp-json\/wp\/v2\/media?parent=22463"}],"wp:term":[{"taxonomy":"product_brand","embeddable":true,"href":"https:\/\/chilimag.hu\/webshop\/wp-json\/wp\/v2\/product_brand?post=22463"},{"taxonomy":"product_cat","embeddable":true,"href":"https:\/\/chilimag.hu\/webshop\/wp-json\/wp\/v2\/product_cat?post=22463"},{"taxonomy":"product_tag","embeddable":true,"href":"https:\/\/chilimag.hu\/webshop\/wp-json\/wp\/v2\/product_tag?post=22463"}],"curies":[{"name":"wp","href":"https:\/\/api.w.org\/{rel}","templated":true}]}}