{"id":22458,"date":"2023-03-12T18:36:40","date_gmt":"2023-03-12T18:36:40","guid":{"rendered":"https:\/\/chilimag.hu\/webshop\/?post_type=product&#038;p=22458"},"modified":"2026-02-18T16:00:02","modified_gmt":"2026-02-18T16:00:02","slug":"kapor-compact-z-s-sl","status":"publish","type":"product","link":"https:\/\/chilimag.hu\/webshop\/termek\/kapor-compact-z-s-sl\/","title":{"rendered":"Kapor Compact Z.S SL"},"content":{"rendered":"","protected":false},"excerpt":{"rendered":"<p><img decoding=\"async\" class=\"active-logo\" src=\"https:\/\/b2b.seklos.lt\/themes\/warehouse\/img\/logo_en.png\" alt=\"Agrofirma S\u0117klos, UAB\" width=\"280\" height=\"95\" \/><\/p>\n<p>Korai, nagy hozam\u00fa, s\u00f6t\u00e9tz\u00f6ld leveleket hoz\u00f3 fajta. Eg\u00e9sz \u00e9vben termeszthet\u0151. Kompakt magass\u00e1g\u00fa, t\u00e1lc\u00e1n, cser\u00e9pben is j\u00f3l n\u0151, de szabadf\u00f6ldi \u00e9s \u00fcvegh\u00e1zi vet\u00e9sre is alkalmas. A kapor az egyik legn\u00e9pszer\u0171bb f\u0171szer- \u00e9s gy\u00f3gyn\u00f6v\u00e9ny. \u00c9lelmiszerk\u00e9nt friss, ritk\u00e1bban sz\u00e1r\u00edtott leveleket, vir\u00e1gzatokat \u00e9s sz\u00e1rakat haszn\u00e1lnak fel. K\u00f6nnyen termeszthet\u0151, kev\u00e9s karbantart\u00e1st ig\u00e9nyel. Elviseli a f\u00e9l\u00e1rny\u00e9kot.<\/p>\n<p>Mennyis\u00e9g egy csomagban 2 g<br \/>\nMagok sz\u00e1ma grammonk\u00e9nt 590-650<br \/>\nSz\u00fcret IV-X<br \/>\nVet\u00e9sid\u0151 a talajban IV\u2013VI, VIII\u2013IX , 2-3 cm<br \/>\nVet\u00e9sid\u0151 \u00fcvegh\u00e1zban II-IV, 2-3 cm<br \/>\nGy\u00e1rt\u00f3 \u017dalia stotel\u0117<br \/>\nT\u00e1vols\u00e1gok, cm 15-20&#215;3-5 cm<\/p>\n","protected":false},"featured_media":22460,"comment_status":"closed","ping_status":"closed","template":"","meta":[],"product_brand":[],"product_cat":[419],"product_tag":[],"class_list":{"0":"post-22458","1":"product","2":"type-product","3":"status-publish","4":"has-post-thumbnail","6":"product_cat-fuszer-es-gyogynovenyek-zalia-stotele","8":"first","9":"instock","10":"taxable","11":"shipping-taxable","12":"purchasable","13":"product-type-simple"},"_links":{"self":[{"href":"https:\/\/chilimag.hu\/webshop\/wp-json\/wp\/v2\/product\/22458","targetHints":{"allow":["GET"]}}],"collection":[{"href":"https:\/\/chilimag.hu\/webshop\/wp-json\/wp\/v2\/product"}],"about":[{"href":"https:\/\/chilimag.hu\/webshop\/wp-json\/wp\/v2\/types\/product"}],"replies":[{"embeddable":true,"href":"https:\/\/chilimag.hu\/webshop\/wp-json\/wp\/v2\/comments?post=22458"}],"wp:featuredmedia":[{"embeddable":true,"href":"https:\/\/chilimag.hu\/webshop\/wp-json\/wp\/v2\/media\/22460"}],"wp:attachment":[{"href":"https:\/\/chilimag.hu\/webshop\/wp-json\/wp\/v2\/media?parent=22458"}],"wp:term":[{"taxonomy":"product_brand","embeddable":true,"href":"https:\/\/chilimag.hu\/webshop\/wp-json\/wp\/v2\/product_brand?post=22458"},{"taxonomy":"product_cat","embeddable":true,"href":"https:\/\/chilimag.hu\/webshop\/wp-json\/wp\/v2\/product_cat?post=22458"},{"taxonomy":"product_tag","embeddable":true,"href":"https:\/\/chilimag.hu\/webshop\/wp-json\/wp\/v2\/product_tag?post=22458"}],"curies":[{"name":"wp","href":"https:\/\/api.w.org\/{rel}","templated":true}]}}