{"id":22456,"date":"2023-03-12T18:34:12","date_gmt":"2023-03-12T18:34:12","guid":{"rendered":"https:\/\/chilimag.hu\/webshop\/?post_type=product&#038;p=22456"},"modified":"2025-09-14T15:51:50","modified_gmt":"2025-09-14T15:51:50","slug":"karfiol-skywalker-z-s-sl","status":"publish","type":"product","link":"https:\/\/chilimag.hu\/webshop\/termek\/karfiol-skywalker-z-s-sl\/","title":{"rendered":"Karfiol Skywalker Hibrid Z.S SL"},"content":{"rendered":"","protected":false},"excerpt":{"rendered":"<p><img decoding=\"async\" class=\"active-logo\" src=\"https:\/\/b2b.seklos.lt\/themes\/warehouse\/img\/logo_en.png\" alt=\"Agrofirma S\u0117klos, UAB\" width=\"280\" height=\"95\" \/><\/p>\n<p>Magas hozam\u00fa \u00e9s intenz\u00edv n\u00f6veked\u00e9s\u0171 hibrid az \u0151szi betakar\u00edt\u00e1sra. Ellen\u00e1ll a kedvez\u0151tlen n\u00f6veked\u00e9si k\u00f6r\u00fclm\u00e9nyeknek, gomb\u00e1s \u00e9s bakteri\u00e1lis betegs\u00e9geknek. Nagy (1,5-3 kg), m\u00e9lyfeh\u00e9r, levelekkel j\u00f3l bor\u00edtott, s\u00e1rgul\u00e1sra nem hajlamos t\u00far\u00f3t ad. Friss fogyaszt\u00e1sra, fagyaszt\u00e1sra, bef\u0151z\u00e9sre alkalmas. A legjobban term\u00e9keny, laza \u00e9s nedves talajban fejl\u0151dik. A teljes veget\u00e1ci\u00f3s id\u0151szak alatt szerves \u00e9s \u00e1sv\u00e1nyi m\u0171tr\u00e1gy\u00e1k haszn\u00e1lata javasolt. A magvak kezelhet\u0151k. Ha a magvakat kezelik, a kezel\u00e9s neve a csomagol\u00e1s alj\u00e1n tal\u00e1lhat\u00f3.<\/p>\n<p>Betakar\u00edt\u00e1s VIII-X<br \/>\nA pal\u00e1nt\u00e1k vet\u00e9si ideje IV-VI, 1,5 cm<br \/>\nGy\u00e1rt\u00f3 \u017dalia stotel\u0117<br \/>\nT\u00e1vols\u00e1gok, cm V-VI,60&#215;35 cm<br \/>\nMagok sz\u00e1ma a csomagban, db. 20<\/p>\n","protected":false},"featured_media":22457,"comment_status":"closed","ping_status":"closed","template":"","meta":[],"product_brand":[],"product_cat":[415],"product_tag":[],"class_list":{"0":"post-22456","1":"product","2":"type-product","3":"status-publish","4":"has-post-thumbnail","6":"product_cat-kaposzta-es-karfiol-vetomagok-zalia-stotele","8":"first","9":"instock","10":"taxable","11":"shipping-taxable","12":"purchasable","13":"product-type-simple"},"_links":{"self":[{"href":"https:\/\/chilimag.hu\/webshop\/wp-json\/wp\/v2\/product\/22456","targetHints":{"allow":["GET"]}}],"collection":[{"href":"https:\/\/chilimag.hu\/webshop\/wp-json\/wp\/v2\/product"}],"about":[{"href":"https:\/\/chilimag.hu\/webshop\/wp-json\/wp\/v2\/types\/product"}],"replies":[{"embeddable":true,"href":"https:\/\/chilimag.hu\/webshop\/wp-json\/wp\/v2\/comments?post=22456"}],"wp:featuredmedia":[{"embeddable":true,"href":"https:\/\/chilimag.hu\/webshop\/wp-json\/wp\/v2\/media\/22457"}],"wp:attachment":[{"href":"https:\/\/chilimag.hu\/webshop\/wp-json\/wp\/v2\/media?parent=22456"}],"wp:term":[{"taxonomy":"product_brand","embeddable":true,"href":"https:\/\/chilimag.hu\/webshop\/wp-json\/wp\/v2\/product_brand?post=22456"},{"taxonomy":"product_cat","embeddable":true,"href":"https:\/\/chilimag.hu\/webshop\/wp-json\/wp\/v2\/product_cat?post=22456"},{"taxonomy":"product_tag","embeddable":true,"href":"https:\/\/chilimag.hu\/webshop\/wp-json\/wp\/v2\/product_tag?post=22456"}],"curies":[{"name":"wp","href":"https:\/\/api.w.org\/{rel}","templated":true}]}}