{"id":22433,"date":"2023-03-12T07:39:49","date_gmt":"2023-03-12T07:39:49","guid":{"rendered":"https:\/\/chilimag.hu\/webshop\/?post_type=product&#038;p=22433"},"modified":"2026-03-02T12:14:23","modified_gmt":"2026-03-02T12:14:23","slug":"gorogdinnye-megacrimson-z-s-sl","status":"publish","type":"product","link":"https:\/\/chilimag.hu\/webshop\/termek\/gorogdinnye-megacrimson-z-s-sl\/","title":{"rendered":"G\u00f6r\u00f6gdinnye Megacrimson Hibrid Z.S SL"},"content":{"rendered":"","protected":false},"excerpt":{"rendered":"<p><img decoding=\"async\" class=\"active-logo\" src=\"https:\/\/b2b.seklos.lt\/themes\/warehouse\/img\/logo_en.png\" alt=\"Agrofirma S\u0117klos, UAB\" width=\"280\" height=\"95\" \/><\/p>\n<p>K\u00f6z\u00e9pkorai, \u2018Crimson Sweet\u2019 hibrid. A gy\u00fcm\u00f6lcs\u00f6k ov\u00e1lisak \u00e9s 12-14 kg t\u00f6meg\u0171ek. A h\u00fas v\u00f6r\u00f6s, nagyon \u00e9des \u00e9s illatos. A kor\u00e1bbi betakar\u00edt\u00e1s \u00e9rdek\u00e9ben pal\u00e1nt\u00e1kat kell \u00fcltetni. \u00c1lland\u00f3 n\u00f6veked\u00e9si helyre m\u00e1jus v\u00e9g\u00e9t\u0151l j\u00fanius elej\u00e9ig kell \u00fcltetni, amikor a talaj kell\u0151en meleg. J\u00f3l terem homokos, k\u00f6nny\u0171, nem agyagos, v\u00edz\u00e1tereszt\u0151 talajban, napos helyen.<\/p>\n<p>Sz\u00fcret VIII-IX<br \/>\nVet\u00e9sid\u0151 a talajban V-VI, 2,5-3,5cm<br \/>\nA pal\u00e1nt\u00e1k vet\u00e9si ideje III-IV, 2,5-3,5 cm<br \/>\nVet\u00e9sid\u0151 \u00fcvegh\u00e1zban III-IV, 2,5-3,5 cm<br \/>\nGy\u00e1rt\u00f3 \u017dalia stotel\u0117<br \/>\nT\u00e1vols\u00e1gok, cm V-VI, 100&#215;50-70 cm<br \/>\nMagok sz\u00e1ma a csomagban, db. 10<\/p>\n","protected":false},"featured_media":22434,"comment_status":"closed","ping_status":"closed","template":"","meta":[],"product_brand":[],"product_cat":[420],"product_tag":[],"class_list":{"0":"post-22433","1":"product","2":"type-product","3":"status-publish","4":"has-post-thumbnail","6":"product_cat-dinnye-es-tok-vetomagok-zalia-stotele","8":"first","9":"instock","10":"taxable","11":"shipping-taxable","12":"purchasable","13":"product-type-simple"},"_links":{"self":[{"href":"https:\/\/chilimag.hu\/webshop\/wp-json\/wp\/v2\/product\/22433","targetHints":{"allow":["GET"]}}],"collection":[{"href":"https:\/\/chilimag.hu\/webshop\/wp-json\/wp\/v2\/product"}],"about":[{"href":"https:\/\/chilimag.hu\/webshop\/wp-json\/wp\/v2\/types\/product"}],"replies":[{"embeddable":true,"href":"https:\/\/chilimag.hu\/webshop\/wp-json\/wp\/v2\/comments?post=22433"}],"wp:featuredmedia":[{"embeddable":true,"href":"https:\/\/chilimag.hu\/webshop\/wp-json\/wp\/v2\/media\/22434"}],"wp:attachment":[{"href":"https:\/\/chilimag.hu\/webshop\/wp-json\/wp\/v2\/media?parent=22433"}],"wp:term":[{"taxonomy":"product_brand","embeddable":true,"href":"https:\/\/chilimag.hu\/webshop\/wp-json\/wp\/v2\/product_brand?post=22433"},{"taxonomy":"product_cat","embeddable":true,"href":"https:\/\/chilimag.hu\/webshop\/wp-json\/wp\/v2\/product_cat?post=22433"},{"taxonomy":"product_tag","embeddable":true,"href":"https:\/\/chilimag.hu\/webshop\/wp-json\/wp\/v2\/product_tag?post=22433"}],"curies":[{"name":"wp","href":"https:\/\/api.w.org\/{rel}","templated":true}]}}