{"id":22425,"date":"2023-03-12T07:30:21","date_gmt":"2023-03-12T07:30:21","guid":{"rendered":"https:\/\/chilimag.hu\/webshop\/?post_type=product&#038;p=22425"},"modified":"2026-01-11T09:46:01","modified_gmt":"2026-01-11T09:46:01","slug":"uborka-anulka-z-s-sl","status":"publish","type":"product","link":"https:\/\/chilimag.hu\/webshop\/termek\/uborka-anulka-z-s-sl\/","title":{"rendered":"Uborka Anulka Hibrid Z.S SL"},"content":{"rendered":"","protected":false},"excerpt":{"rendered":"<p><img decoding=\"async\" class=\"active-logo\" src=\"https:\/\/b2b.seklos.lt\/themes\/warehouse\/img\/logo_en.png\" alt=\"Agrofirma S\u0117klos, UAB\" width=\"280\" height=\"95\" \/><\/p>\n<p>K\u00f6z\u00e9pkorai, betegs\u00e9geknek ellen\u00e1ll\u00f3, uborka termeszt\u00e9s\u00e9re alkalmas, gyors n\u00f6veked\u00e9s\u0171 hibrid. A hibrid kiemelkedik az egyenletes \u00e9s magas hozamokkal. Szabadban termesztik. Gy\u00fcm\u00f6lcsei egys\u00e9gesek, kicsik, apr\u00f3 t\u00fcsk\u00e9k. Friss fogyaszt\u00e1sra, bef\u0151z\u00e9sre alkalmas. Szabadf\u00f6ldre akkor vetj\u00fck, amikor a talaj h\u0151m\u00e9rs\u00e9klete 10 cm m\u00e9lyen el\u00e9ri a +13-14 \u00b0C-ot. Meleg, sz\u00e9lt\u0151l v\u00e9dett helyen javasolt termeszteni.<\/p>\n<p>Egy csomagban l\u00e9v\u0151 mennyis\u00e9g 1 g<br \/>\nMagok sz\u00e1ma grammonk\u00e9nt 35-50<br \/>\nSz\u00fcret VI-VIII<br \/>\nVet\u00e9sid\u0151 a talajban V-VI, 2-3 cm<br \/>\nA pal\u00e1nt\u00e1k vet\u00e9si ideje IV, 2-3 cm<br \/>\nGy\u00e1rt\u00f3 \u017dalia stotel\u0117<br \/>\nT\u00e1vols\u00e1gok, cm V-VI, 80&#215;20 cm<\/p>\n","protected":false},"featured_media":22426,"comment_status":"closed","ping_status":"closed","template":"","meta":[],"product_brand":[],"product_cat":[411],"product_tag":[],"class_list":{"0":"post-22425","1":"product","2":"type-product","3":"status-publish","4":"has-post-thumbnail","6":"product_cat-uborka-es-padlizsan-vetomagok-zalia-stotele","8":"first","9":"instock","10":"taxable","11":"shipping-taxable","12":"purchasable","13":"product-type-simple"},"_links":{"self":[{"href":"https:\/\/chilimag.hu\/webshop\/wp-json\/wp\/v2\/product\/22425","targetHints":{"allow":["GET"]}}],"collection":[{"href":"https:\/\/chilimag.hu\/webshop\/wp-json\/wp\/v2\/product"}],"about":[{"href":"https:\/\/chilimag.hu\/webshop\/wp-json\/wp\/v2\/types\/product"}],"replies":[{"embeddable":true,"href":"https:\/\/chilimag.hu\/webshop\/wp-json\/wp\/v2\/comments?post=22425"}],"wp:featuredmedia":[{"embeddable":true,"href":"https:\/\/chilimag.hu\/webshop\/wp-json\/wp\/v2\/media\/22426"}],"wp:attachment":[{"href":"https:\/\/chilimag.hu\/webshop\/wp-json\/wp\/v2\/media?parent=22425"}],"wp:term":[{"taxonomy":"product_brand","embeddable":true,"href":"https:\/\/chilimag.hu\/webshop\/wp-json\/wp\/v2\/product_brand?post=22425"},{"taxonomy":"product_cat","embeddable":true,"href":"https:\/\/chilimag.hu\/webshop\/wp-json\/wp\/v2\/product_cat?post=22425"},{"taxonomy":"product_tag","embeddable":true,"href":"https:\/\/chilimag.hu\/webshop\/wp-json\/wp\/v2\/product_tag?post=22425"}],"curies":[{"name":"wp","href":"https:\/\/api.w.org\/{rel}","templated":true}]}}