{"id":22423,"date":"2023-03-12T07:28:03","date_gmt":"2023-03-12T07:28:03","guid":{"rendered":"https:\/\/chilimag.hu\/webshop\/?post_type=product&#038;p=22423"},"modified":"2026-02-09T10:08:50","modified_gmt":"2026-02-09T10:08:50","slug":"uborka-adam-z-s-sl","status":"publish","type":"product","link":"https:\/\/chilimag.hu\/webshop\/termek\/uborka-adam-z-s-sl\/","title":{"rendered":"Uborka Adam Hibrid Z.S SL"},"content":{"rendered":"","protected":false},"excerpt":{"rendered":"<p><img decoding=\"async\" class=\"active-logo\" src=\"https:\/\/b2b.seklos.lt\/themes\/warehouse\/img\/logo_en.png\" alt=\"Agrofirma S\u0117klos, UAB\" width=\"280\" height=\"95\" \/><\/p>\n<p>\u00d6nbeporz\u00f3, betegs\u00e9geknek ellen\u00e1ll\u00f3, nagyon korai (41-52 napos), uborka termeszt\u00e9s\u00e9re alkalmas, gyors n\u00f6veked\u00e9s\u0171 hibrid. Szabadf\u00f6ld\u00f6n, takar\u00f3 alatt vagy \u00fcvegh\u00e1zban termesztik. Egyenletes \u00e9s magas hozamot ad. A gy\u00fcm\u00f6lcs\u00f6ket apr\u00f3 t\u00fcsk\u00e9k bor\u00edtj\u00e1k, a term\u00e9s nagy r\u00e9sze a f\u0151 sz\u00e1ron n\u0151. Friss fogyaszt\u00e1sra, bef\u0151z\u00e9sre, savany\u00edt\u00e1sra alkalmas.<\/p>\n<p>Mennyis\u00e9g kiszerel\u00e9sben 0,4g<br \/>\nMagok sz\u00e1ma grammonk\u00e9nt 35-50<br \/>\nSz\u00fcret V-VIII<br \/>\nVet\u00e9sid\u0151 a talajban V-VI, 2-3 cm<br \/>\nA pal\u00e1nt\u00e1k vet\u00e9si ideje III-IV, 2-3 cm<br \/>\nVet\u00e9sid\u0151 \u00fcvegh\u00e1zban IV-VI, 2-3cm<br \/>\nGy\u00e1rt\u00f3 \u017dalia stotel\u0117<br \/>\nT\u00e1vols\u00e1gok, cm V-VI, 80&#215;20 cm<\/p>\n","protected":false},"featured_media":22424,"comment_status":"closed","ping_status":"closed","template":"","meta":[],"product_brand":[],"product_cat":[411],"product_tag":[],"class_list":{"0":"post-22423","1":"product","2":"type-product","3":"status-publish","4":"has-post-thumbnail","6":"product_cat-uborka-es-padlizsan-vetomagok-zalia-stotele","8":"first","9":"instock","10":"taxable","11":"shipping-taxable","12":"purchasable","13":"product-type-simple"},"_links":{"self":[{"href":"https:\/\/chilimag.hu\/webshop\/wp-json\/wp\/v2\/product\/22423","targetHints":{"allow":["GET"]}}],"collection":[{"href":"https:\/\/chilimag.hu\/webshop\/wp-json\/wp\/v2\/product"}],"about":[{"href":"https:\/\/chilimag.hu\/webshop\/wp-json\/wp\/v2\/types\/product"}],"replies":[{"embeddable":true,"href":"https:\/\/chilimag.hu\/webshop\/wp-json\/wp\/v2\/comments?post=22423"}],"wp:featuredmedia":[{"embeddable":true,"href":"https:\/\/chilimag.hu\/webshop\/wp-json\/wp\/v2\/media\/22424"}],"wp:attachment":[{"href":"https:\/\/chilimag.hu\/webshop\/wp-json\/wp\/v2\/media?parent=22423"}],"wp:term":[{"taxonomy":"product_brand","embeddable":true,"href":"https:\/\/chilimag.hu\/webshop\/wp-json\/wp\/v2\/product_brand?post=22423"},{"taxonomy":"product_cat","embeddable":true,"href":"https:\/\/chilimag.hu\/webshop\/wp-json\/wp\/v2\/product_cat?post=22423"},{"taxonomy":"product_tag","embeddable":true,"href":"https:\/\/chilimag.hu\/webshop\/wp-json\/wp\/v2\/product_tag?post=22423"}],"curies":[{"name":"wp","href":"https:\/\/api.w.org\/{rel}","templated":true}]}}