{"id":22421,"date":"2023-03-12T07:25:59","date_gmt":"2023-03-12T07:25:59","guid":{"rendered":"https:\/\/chilimag.hu\/webshop\/?post_type=product&#038;p=22421"},"modified":"2026-02-16T14:30:34","modified_gmt":"2026-02-16T14:30:34","slug":"common-bent-z-s-sl","status":"publish","type":"product","link":"https:\/\/chilimag.hu\/webshop\/termek\/common-bent-z-s-sl\/","title":{"rendered":"Common Bent Z.S SL"},"content":{"rendered":"","protected":false},"excerpt":{"rendered":"<p><img decoding=\"async\" class=\"active-logo\" src=\"https:\/\/b2b.seklos.lt\/themes\/warehouse\/img\/logo_en.png\" alt=\"Agrofirma S\u0117klos, UAB\" width=\"280\" height=\"95\" \/><\/p>\n<p>Ez egy dekorat\u00edv \u00e9vel\u0151 f\u0171, amely kora tavaszt\u00f3l k\u00e9s\u0151 \u0151szig j\u00f3l mutat. Vir\u00e1g\u00e1gy\u00e1sokba \u00fcltethet\u0151, vagy sz\u00e9p vir\u00e1gd\u00edszek k\u00e9sz\u00edt\u00e9s\u00e9re haszn\u00e1lhat\u00f3. A hajl\u00edt\u00e1sok ide\u00e1lisak naturalista vir\u00e1g\u00e1gy\u00e1sok kialak\u00edt\u00e1s\u00e1hoz is. Magjaikat vadvir\u00e1gos r\u00e9ti kever\u00e9kekben haszn\u00e1lj\u00e1k. Ez a n\u00f6v\u00e9ny sok \u00e9vig fejl\u0151dhet ugyanazon a helyen. Sokf\u00e9le talajt toler\u00e1l \u2013 a szeg\u00e9nyes semlegest\u0151l a savas talajig, valamint a homokot, kavicsot vagy ak\u00e1r az utak ment\u00e9n is.<\/p>\n<p>Egy csomagban l\u00e9v\u0151 mennyis\u00e9g 1 g<br \/>\nMagok sz\u00e1ma grammonk\u00e9nt 17000<br \/>\nVet\u00e9sid\u0151 a talajban IV-VI, X 1 cm<br \/>\nGy\u00e1rt\u00f3 \u017dalia stotel\u0117<br \/>\nVir\u00e1gz\u00e1si id\u0151szak VI-VII, 50 cm<br \/>\nT\u00e1vols\u00e1gok, cm V-VI, 15&#215;20 cm<\/p>\n","protected":false},"featured_media":22422,"comment_status":"closed","ping_status":"closed","template":"","meta":[],"product_brand":[],"product_cat":[363],"product_tag":[],"class_list":{"0":"post-22421","1":"product","2":"type-product","3":"status-publish","4":"has-post-thumbnail","6":"product_cat-virag-vetomagok-zalia-stotele","8":"first","9":"instock","10":"taxable","11":"shipping-taxable","12":"purchasable","13":"product-type-simple"},"_links":{"self":[{"href":"https:\/\/chilimag.hu\/webshop\/wp-json\/wp\/v2\/product\/22421","targetHints":{"allow":["GET"]}}],"collection":[{"href":"https:\/\/chilimag.hu\/webshop\/wp-json\/wp\/v2\/product"}],"about":[{"href":"https:\/\/chilimag.hu\/webshop\/wp-json\/wp\/v2\/types\/product"}],"replies":[{"embeddable":true,"href":"https:\/\/chilimag.hu\/webshop\/wp-json\/wp\/v2\/comments?post=22421"}],"wp:featuredmedia":[{"embeddable":true,"href":"https:\/\/chilimag.hu\/webshop\/wp-json\/wp\/v2\/media\/22422"}],"wp:attachment":[{"href":"https:\/\/chilimag.hu\/webshop\/wp-json\/wp\/v2\/media?parent=22421"}],"wp:term":[{"taxonomy":"product_brand","embeddable":true,"href":"https:\/\/chilimag.hu\/webshop\/wp-json\/wp\/v2\/product_brand?post=22421"},{"taxonomy":"product_cat","embeddable":true,"href":"https:\/\/chilimag.hu\/webshop\/wp-json\/wp\/v2\/product_cat?post=22421"},{"taxonomy":"product_tag","embeddable":true,"href":"https:\/\/chilimag.hu\/webshop\/wp-json\/wp\/v2\/product_tag?post=22421"}],"curies":[{"name":"wp","href":"https:\/\/api.w.org\/{rel}","templated":true}]}}