{"id":22419,"date":"2023-03-12T07:22:33","date_gmt":"2023-03-12T07:22:33","guid":{"rendered":"https:\/\/chilimag.hu\/webshop\/?post_type=product&#038;p=22419"},"modified":"2026-03-31T20:41:19","modified_gmt":"2026-03-31T20:41:19","slug":"salata-alborada-z-s-sl","status":"publish","type":"product","link":"https:\/\/chilimag.hu\/webshop\/termek\/salata-alborada-z-s-sl\/","title":{"rendered":"Sal\u00e1ta Alborada Z.S SL"},"content":{"rendered":"","protected":false},"excerpt":{"rendered":"<p><img decoding=\"async\" class=\"active-logo\" src=\"https:\/\/b2b.seklos.lt\/themes\/warehouse\/img\/logo_en.png\" alt=\"Agrofirma S\u0117klos, UAB\" width=\"280\" height=\"95\" \/><\/p>\n<p>Little gem t\u00edpus\u00fa, betegs\u00e9geknek ellen\u00e1ll\u00f3 r\u00f3mai sal\u00e1ta fajta, s\u0171r\u0171bb \u00fcltet\u00e9sre is alkalmas. A cs\u00edr\u00e1z\u00e1s ut\u00e1n 55-60 napon bel\u00fcl \u00e9rik. A fejek hossz\u00fak\u00e1sak, kicsik, ropog\u00f3s levelekkel. V\u00e1g\u00e1s ut\u00e1n is j\u00f3l tart. Hidroponik\u00e1ban \u00e9s szabadban termesztik tavaszi \u00e9s \u0151szi betakar\u00edt\u00e1shoz. A sal\u00e1ta talaj\u00e1nak laz\u00e1nak, term\u00e9kenynek, nedvesnek \u00e9s nem savasnak kell lennie (pH 6,0\u20136,8). Ha a talaj t\u00fals\u00e1gosan savany\u00fa, a sal\u00e1ta gyeng\u00e9n n\u00f6vekszik, a fej\u00fck kisebb lesz, a levelek s\u00e1rgulnak. Ragad\u00f3s kever\u00e9kkel bevont magvak. Nagyon fontos, hogy a cs\u00edr\u00e1z\u00e1s sor\u00e1n nedves legyen \u2013 sz\u00e1raz talajban nem cs\u00edr\u00e1znak. A bevonat \u00f6sszetev\u0151i: t\u0151zeg, dolomit, agyag. Bevonat\/mag: 3\/1<\/p>\n<p>Sz\u00fcret V-IX<br \/>\nTerm\u0151f\u00f6ld<br \/>\nVet\u00e9sid\u0151 a talajban IV-VII, 0,5-1,5 cm<br \/>\nA pal\u00e1nt\u00e1k vet\u00e9si ideje III-IV,0,5-1,5 cm<br \/>\nGy\u00e1rt\u00f3 \u017dalia stotel\u0117<br \/>\nT\u00e1vols\u00e1gok, cm IV-V, 30&#215;30 cm<br \/>\nMagok sz\u00e1ma a csomagban, db. 20<\/p>\n","protected":false},"featured_media":22420,"comment_status":"closed","ping_status":"closed","template":"","meta":[],"product_brand":[],"product_cat":[357],"product_tag":[],"class_list":{"0":"post-22419","1":"product","2":"type-product","3":"status-publish","4":"has-post-thumbnail","6":"product_cat-retek-salata-es-levelzoldseg-vetomagok","8":"first","9":"instock","10":"taxable","11":"shipping-taxable","12":"purchasable","13":"product-type-simple"},"_links":{"self":[{"href":"https:\/\/chilimag.hu\/webshop\/wp-json\/wp\/v2\/product\/22419","targetHints":{"allow":["GET"]}}],"collection":[{"href":"https:\/\/chilimag.hu\/webshop\/wp-json\/wp\/v2\/product"}],"about":[{"href":"https:\/\/chilimag.hu\/webshop\/wp-json\/wp\/v2\/types\/product"}],"replies":[{"embeddable":true,"href":"https:\/\/chilimag.hu\/webshop\/wp-json\/wp\/v2\/comments?post=22419"}],"wp:featuredmedia":[{"embeddable":true,"href":"https:\/\/chilimag.hu\/webshop\/wp-json\/wp\/v2\/media\/22420"}],"wp:attachment":[{"href":"https:\/\/chilimag.hu\/webshop\/wp-json\/wp\/v2\/media?parent=22419"}],"wp:term":[{"taxonomy":"product_brand","embeddable":true,"href":"https:\/\/chilimag.hu\/webshop\/wp-json\/wp\/v2\/product_brand?post=22419"},{"taxonomy":"product_cat","embeddable":true,"href":"https:\/\/chilimag.hu\/webshop\/wp-json\/wp\/v2\/product_cat?post=22419"},{"taxonomy":"product_tag","embeddable":true,"href":"https:\/\/chilimag.hu\/webshop\/wp-json\/wp\/v2\/product_tag?post=22419"}],"curies":[{"name":"wp","href":"https:\/\/api.w.org\/{rel}","templated":true}]}}