{"id":22412,"date":"2023-03-12T07:15:23","date_gmt":"2023-03-12T07:15:23","guid":{"rendered":"https:\/\/chilimag.hu\/webshop\/?post_type=product&#038;p=22412"},"modified":"2025-08-31T09:58:44","modified_gmt":"2025-08-31T09:58:44","slug":"salata-crunchita-z-s-sl","status":"publish","type":"product","link":"https:\/\/chilimag.hu\/webshop\/termek\/salata-crunchita-z-s-sl\/","title":{"rendered":"Sal\u00e1ta Crunchita Z.S SL"},"content":{"rendered":"","protected":false},"excerpt":{"rendered":"<p><img decoding=\"async\" class=\"active-logo\" src=\"https:\/\/b2b.seklos.lt\/themes\/warehouse\/img\/logo_en.png\" alt=\"Agrofirma S\u0117klos, UAB\" width=\"280\" height=\"95\" \/><\/p>\n<p>Ez a fajta a j\u00e9g- \u00e9s a Romaine t\u00edpus\u00fa sal\u00e1t\u00e1k keresztez\u00e9se. A r\u00f3mai sal\u00e1ta adta a fajta megjelen\u00e9s\u00e9t, a j\u00e9ghegy pedig a levelek sz\u00edn\u00e9t, l\u00e9d\u00fass\u00e1g\u00e1t \u00e9s ropog\u00f3ss\u00e1g\u00e1t. A fajta ellen\u00e1ll a lisztharmatnak, a bels\u0151 nekr\u00f3zisnak. Szabadban, takar\u00f3 alatt vagy hidroponikus k\u00f6rnyezetben termesztik. A sal\u00e1ta talaj\u00e1nak laz\u00e1nak, term\u00e9kenynek, nedvesnek \u00e9s nem savasnak kell lennie (pH 6,0\u20136,8). Ha a talaj t\u00fals\u00e1gosan savany\u00fa, a sal\u00e1ta gyeng\u00e9n n\u00f6vekszik, a fej\u00fck kisebb lesz, a levelek s\u00e1rgulnak.<\/p>\n<p>Sz\u00fcret V- IX<br \/>\nTerm\u0151f\u00f6ld<br \/>\nVet\u00e9sid\u0151 a talajban IV-VII, 0,5-1,5 cm<br \/>\nA pal\u00e1nt\u00e1k vet\u00e9si ideje III-V,0,5-1,5 cm<br \/>\nVet\u00e9sid\u0151 \u00fcvegh\u00e1zban III-IV,0,5-1,5 cm<br \/>\nGy\u00e1rt\u00f3 \u017dalia stotel\u0117<br \/>\nT\u00e1vols\u00e1gok, cm IV-V, 30&#215;20 cm<br \/>\nMagok sz\u00e1ma a csomagban, db. 20<\/p>\n","protected":false},"featured_media":22413,"comment_status":"closed","ping_status":"closed","template":"","meta":[],"product_brand":[],"product_cat":[357],"product_tag":[],"class_list":{"0":"post-22412","1":"product","2":"type-product","3":"status-publish","4":"has-post-thumbnail","6":"product_cat-retek-salata-es-levelzoldseg-vetomagok","8":"first","9":"instock","10":"taxable","11":"shipping-taxable","12":"purchasable","13":"product-type-simple"},"_links":{"self":[{"href":"https:\/\/chilimag.hu\/webshop\/wp-json\/wp\/v2\/product\/22412","targetHints":{"allow":["GET"]}}],"collection":[{"href":"https:\/\/chilimag.hu\/webshop\/wp-json\/wp\/v2\/product"}],"about":[{"href":"https:\/\/chilimag.hu\/webshop\/wp-json\/wp\/v2\/types\/product"}],"replies":[{"embeddable":true,"href":"https:\/\/chilimag.hu\/webshop\/wp-json\/wp\/v2\/comments?post=22412"}],"wp:featuredmedia":[{"embeddable":true,"href":"https:\/\/chilimag.hu\/webshop\/wp-json\/wp\/v2\/media\/22413"}],"wp:attachment":[{"href":"https:\/\/chilimag.hu\/webshop\/wp-json\/wp\/v2\/media?parent=22412"}],"wp:term":[{"taxonomy":"product_brand","embeddable":true,"href":"https:\/\/chilimag.hu\/webshop\/wp-json\/wp\/v2\/product_brand?post=22412"},{"taxonomy":"product_cat","embeddable":true,"href":"https:\/\/chilimag.hu\/webshop\/wp-json\/wp\/v2\/product_cat?post=22412"},{"taxonomy":"product_tag","embeddable":true,"href":"https:\/\/chilimag.hu\/webshop\/wp-json\/wp\/v2\/product_tag?post=22412"}],"curies":[{"name":"wp","href":"https:\/\/api.w.org\/{rel}","templated":true}]}}