{"id":22408,"date":"2023-03-12T07:11:13","date_gmt":"2023-03-12T07:11:13","guid":{"rendered":"https:\/\/chilimag.hu\/webshop\/?post_type=product&#038;p=22408"},"modified":"2026-02-18T23:43:11","modified_gmt":"2026-02-18T23:43:11","slug":"retek-felecia-z-s-sl","status":"publish","type":"product","link":"https:\/\/chilimag.hu\/webshop\/termek\/retek-felecia-z-s-sl\/","title":{"rendered":"Retek Felicia Z.S SL"},"content":{"rendered":"","protected":false},"excerpt":{"rendered":"<p><img decoding=\"async\" class=\"active-logo\" src=\"https:\/\/b2b.seklos.lt\/themes\/warehouse\/img\/logo_en.png\" alt=\"Agrofirma S\u0117klos, UAB\" width=\"280\" height=\"95\" \/><\/p>\n<p>Korai v\u00e1ltozatoss\u00e1g. A cs\u00edr\u00e1z\u00e1s ut\u00e1n 32-37 napon bel\u00fcl \u00e9rik. \u00dcvegh\u00e1zakban \u00e9s szabadban termesztik kora tavaszi betakar\u00edt\u00e1sra, valamint \u0151szi betakar\u00edt\u00e1sra. A retek optim\u00e1lis termeszt\u00e9si h\u0151m\u00e9rs\u00e9klete 15-20 \u00b0C. Az alacsonyabb h\u0151m\u00e9rs\u00e9klet nem vesz\u00e9lyes, de a cs\u00edr\u00e1z\u00e1s \u00e9s a n\u00f6veked\u00e9s egyar\u00e1nt lelassul. A retek a homokos \u00e9s k\u00f6nny\u0171 v\u00e1lyogos, leveg\u0151- \u00e9s v\u00edz\u00e1tereszt\u0151, semleges pH-j\u00fa (5,5\u20137,0) talajt kedveli. A nitrog\u00e9n m\u0171tr\u00e1gy\u00e1kat nem szabad t\u00falz\u00e1sba vinni, mert a retek gy\u00f6kerei helyett leveleket n\u00f6veszt.<\/p>\n<p>Kiszerel\u00e9s egy csomagban 3 g<br \/>\nMagok sz\u00e1ma grammonk\u00e9nt 70-130<br \/>\nSz\u00fcret IV-VI, IX<br \/>\nTerm\u0151f\u00f6ld<br \/>\nVet\u00e9sid\u0151 a talajban IV-V, VIII, 1-2 cm<br \/>\nVet\u00e9sid\u0151 \u00fcvegh\u00e1zban III-IV, 1-2 cm<br \/>\nGy\u00e1rt\u00f3 \u017dalia stotel\u0117<br \/>\nT\u00e1vols\u00e1gok, cm 15&#215;3 cm<\/p>\n","protected":false},"featured_media":22409,"comment_status":"closed","ping_status":"closed","template":"","meta":[],"product_brand":[],"product_cat":[357],"product_tag":[],"class_list":{"0":"post-22408","1":"product","2":"type-product","3":"status-publish","4":"has-post-thumbnail","6":"product_cat-retek-salata-es-levelzoldseg-vetomagok","8":"first","9":"instock","10":"taxable","11":"shipping-taxable","12":"purchasable","13":"product-type-simple"},"_links":{"self":[{"href":"https:\/\/chilimag.hu\/webshop\/wp-json\/wp\/v2\/product\/22408","targetHints":{"allow":["GET"]}}],"collection":[{"href":"https:\/\/chilimag.hu\/webshop\/wp-json\/wp\/v2\/product"}],"about":[{"href":"https:\/\/chilimag.hu\/webshop\/wp-json\/wp\/v2\/types\/product"}],"replies":[{"embeddable":true,"href":"https:\/\/chilimag.hu\/webshop\/wp-json\/wp\/v2\/comments?post=22408"}],"wp:featuredmedia":[{"embeddable":true,"href":"https:\/\/chilimag.hu\/webshop\/wp-json\/wp\/v2\/media\/22409"}],"wp:attachment":[{"href":"https:\/\/chilimag.hu\/webshop\/wp-json\/wp\/v2\/media?parent=22408"}],"wp:term":[{"taxonomy":"product_brand","embeddable":true,"href":"https:\/\/chilimag.hu\/webshop\/wp-json\/wp\/v2\/product_brand?post=22408"},{"taxonomy":"product_cat","embeddable":true,"href":"https:\/\/chilimag.hu\/webshop\/wp-json\/wp\/v2\/product_cat?post=22408"},{"taxonomy":"product_tag","embeddable":true,"href":"https:\/\/chilimag.hu\/webshop\/wp-json\/wp\/v2\/product_tag?post=22408"}],"curies":[{"name":"wp","href":"https:\/\/api.w.org\/{rel}","templated":true}]}}