{"id":22406,"date":"2023-03-12T07:09:06","date_gmt":"2023-03-12T07:09:06","guid":{"rendered":"https:\/\/chilimag.hu\/webshop\/?post_type=product&#038;p=22406"},"modified":"2026-04-20T19:41:06","modified_gmt":"2026-04-20T19:41:06","slug":"bab-bizon-lobab-z-s-sl","status":"publish","type":"product","link":"https:\/\/chilimag.hu\/webshop\/termek\/bab-bizon-lobab-z-s-sl\/","title":{"rendered":"Bab Bizon ( L\u00f3bab ) Z.S SL"},"content":{"rendered":"","protected":false},"excerpt":{"rendered":"<p><img decoding=\"async\" class=\"active-logo\" src=\"https:\/\/b2b.seklos.lt\/themes\/warehouse\/img\/logo_en.png\" alt=\"Agrofirma S\u0117klos, UAB\" width=\"280\" height=\"95\" \/><\/p>\n<p>70-75 napon bel\u00fcl \u00e9r\u0151 korai fajta. A n\u00f6v\u00e9nyek kb. 70-90 cm magas. A h\u00fcvelyek 14\u201317 cm hossz\u00faak, 2\u20135 maggal. A frissen betakar\u00edtott magok vil\u00e1gosz\u00f6ldek, sz\u00fcrke folttal, de sz\u00e1r\u00edt\u00e1skor s\u00e1rg\u00e1s sz\u00edn\u0171ek. E fajta bab nagyon nagy \u2013 1000 frissen h\u00e9jas mag s\u00falya 4,3\u20134,4 kg. F\u0151zve, p\u00e1rolva fogyaszthat\u00f3, fagyaszt\u00e1sra alkalmas. J\u00f3l n\u00f6vekszik term\u00e9keny, nem savany\u00fa, nedves agyagos talajban.<\/p>\n<p>Mennyis\u00e9g egy csomagban 30gr<br \/>\nMagok sz\u00e1ma grammonk\u00e9nt 0,5-1<br \/>\nSz\u00fcret VI-VIII<br \/>\nTerm\u0151f\u00f6ld<br \/>\nVet\u00e9sid\u0151 a talajban IV-V, 4-6 cm<br \/>\nGy\u00e1rt\u00f3 \u017dalia stotel\u0117<br \/>\nT\u00e1vols\u00e1gok, cm 50-60&#215;10 cm<\/p>\n","protected":false},"featured_media":22407,"comment_status":"closed","ping_status":"closed","template":"","meta":[],"product_brand":[],"product_cat":[416],"product_tag":[],"class_list":{"0":"post-22406","1":"product","2":"type-product","3":"status-publish","4":"has-post-thumbnail","6":"product_cat-huvelyesek-vetomagok-zalia-stotele","8":"first","9":"instock","10":"taxable","11":"shipping-taxable","12":"purchasable","13":"product-type-simple"},"_links":{"self":[{"href":"https:\/\/chilimag.hu\/webshop\/wp-json\/wp\/v2\/product\/22406","targetHints":{"allow":["GET"]}}],"collection":[{"href":"https:\/\/chilimag.hu\/webshop\/wp-json\/wp\/v2\/product"}],"about":[{"href":"https:\/\/chilimag.hu\/webshop\/wp-json\/wp\/v2\/types\/product"}],"replies":[{"embeddable":true,"href":"https:\/\/chilimag.hu\/webshop\/wp-json\/wp\/v2\/comments?post=22406"}],"wp:featuredmedia":[{"embeddable":true,"href":"https:\/\/chilimag.hu\/webshop\/wp-json\/wp\/v2\/media\/22407"}],"wp:attachment":[{"href":"https:\/\/chilimag.hu\/webshop\/wp-json\/wp\/v2\/media?parent=22406"}],"wp:term":[{"taxonomy":"product_brand","embeddable":true,"href":"https:\/\/chilimag.hu\/webshop\/wp-json\/wp\/v2\/product_brand?post=22406"},{"taxonomy":"product_cat","embeddable":true,"href":"https:\/\/chilimag.hu\/webshop\/wp-json\/wp\/v2\/product_cat?post=22406"},{"taxonomy":"product_tag","embeddable":true,"href":"https:\/\/chilimag.hu\/webshop\/wp-json\/wp\/v2\/product_tag?post=22406"}],"curies":[{"name":"wp","href":"https:\/\/api.w.org\/{rel}","templated":true}]}}