{"id":22404,"date":"2023-03-12T07:06:26","date_gmt":"2023-03-12T07:06:26","guid":{"rendered":"https:\/\/chilimag.hu\/webshop\/?post_type=product&#038;p=22404"},"modified":"2026-05-12T06:37:18","modified_gmt":"2026-05-12T06:37:18","slug":"bab-scarlet-futobab-z-s-sl","status":"publish","type":"product","link":"https:\/\/chilimag.hu\/webshop\/termek\/bab-scarlet-futobab-z-s-sl\/","title":{"rendered":"Bab Scarlet (Fut\u00f3bab) Z.S SL"},"content":{"rendered":"","protected":false},"excerpt":{"rendered":"<p><img decoding=\"async\" class=\"\" src=\"https:\/\/b2b.seklos.lt\/img\/m\/75-medium_default.jpg\" alt=\"\" width=\"150\" height=\"150\" \/><\/p>\n<h3>Term\u00e9kle\u00edr\u00e1s<\/h3>\n<p>Hosszan tart\u00f3 term\u00e9st hoz\u00f3 hegym\u00e1sz\u00f3 fut\u00f3bab fajta. A vet\u00e9s ut\u00e1n 100 nappal betakar\u00edthat\u00f3. A n\u00f6v\u00e9nyek nagyon d\u00edszesek, \u00e9l\u00e9nkv\u00f6r\u00f6s vir\u00e1gokat hoznak, ak\u00e1r 4 m magasra is megn\u0151nek, ez\u00e9rt er\u0151s t\u00e1maszt\u00e9kra van sz\u00fcks\u00e9g\u00fck. A h\u00fcvelyek vil\u00e1gosz\u00f6ldek, 17\u201322 cm hossz\u00faak. A magok nagyon nagyok, lil\u00e1s sz\u00edn\u0171ek, fekete p\u00f6tty\u00f6kkel \u00e9s cs\u00edkokkal, remek \u00edz\u0171ek. F\u0151zve, p\u00e1rolva fogyaszthat\u00f3, bef\u0151z\u00e9sre alkalmas. K\u00f6zvetlen\u00fcl a talajba vetve vagy az \u00fcvegh\u00e1zban termesztett pal\u00e1ntak\u00e9nt \u00fcltetve. K\u00f6nny\u0171-k\u00f6zepes talajban, sz\u00e9lt\u0151l v\u00e9dett meleg helyen j\u00f3l fejl\u0151dik.<\/p>\n<p>Mennyis\u00e9g egy csomagban 10 g<br \/>\nMagok sz\u00e1ma grammonk\u00e9nt 0,5-2<br \/>\nSz\u00fcret VII-IX<br \/>\nTerm\u0151f\u00f6ld<br \/>\nVet\u00e9sid\u0151 a talajban V-VI, 3-5 cm<br \/>\nGy\u00e1rt\u00f3 \u017dalia stotel\u0117<br \/>\nT\u00e1vols\u00e1gok, cm 80&#215;10 cm<\/p>\n","protected":false},"featured_media":22405,"comment_status":"closed","ping_status":"closed","template":"","meta":[],"product_brand":[],"product_cat":[416],"product_tag":[],"class_list":{"0":"post-22404","1":"product","2":"type-product","3":"status-publish","4":"has-post-thumbnail","6":"product_cat-huvelyesek-vetomagok-zalia-stotele","8":"first","9":"instock","10":"taxable","11":"shipping-taxable","12":"purchasable","13":"product-type-simple"},"_links":{"self":[{"href":"https:\/\/chilimag.hu\/webshop\/wp-json\/wp\/v2\/product\/22404","targetHints":{"allow":["GET"]}}],"collection":[{"href":"https:\/\/chilimag.hu\/webshop\/wp-json\/wp\/v2\/product"}],"about":[{"href":"https:\/\/chilimag.hu\/webshop\/wp-json\/wp\/v2\/types\/product"}],"replies":[{"embeddable":true,"href":"https:\/\/chilimag.hu\/webshop\/wp-json\/wp\/v2\/comments?post=22404"}],"wp:featuredmedia":[{"embeddable":true,"href":"https:\/\/chilimag.hu\/webshop\/wp-json\/wp\/v2\/media\/22405"}],"wp:attachment":[{"href":"https:\/\/chilimag.hu\/webshop\/wp-json\/wp\/v2\/media?parent=22404"}],"wp:term":[{"taxonomy":"product_brand","embeddable":true,"href":"https:\/\/chilimag.hu\/webshop\/wp-json\/wp\/v2\/product_brand?post=22404"},{"taxonomy":"product_cat","embeddable":true,"href":"https:\/\/chilimag.hu\/webshop\/wp-json\/wp\/v2\/product_cat?post=22404"},{"taxonomy":"product_tag","embeddable":true,"href":"https:\/\/chilimag.hu\/webshop\/wp-json\/wp\/v2\/product_tag?post=22404"}],"curies":[{"name":"wp","href":"https:\/\/api.w.org\/{rel}","templated":true}]}}