{"id":22400,"date":"2023-03-12T06:55:34","date_gmt":"2023-03-12T06:55:34","guid":{"rendered":"https:\/\/chilimag.hu\/webshop\/?post_type=product&#038;p=22400"},"modified":"2025-07-30T11:08:17","modified_gmt":"2025-07-30T11:08:17","slug":"bab-hestia-tuzbab-z-s-sl","status":"publish","type":"product","link":"https:\/\/chilimag.hu\/webshop\/termek\/bab-hestia-tuzbab-z-s-sl\/","title":{"rendered":"Bab Hestia (T\u0171zbab) Z.S SL"},"content":{"rendered":"","protected":false},"excerpt":{"rendered":"<p><img decoding=\"async\" class=\"active-logo\" src=\"https:\/\/b2b.seklos.lt\/themes\/warehouse\/img\/logo_en.png\" alt=\"Agrofirma S\u0117klos, UAB\" width=\"280\" height=\"95\" \/><\/p>\n<p>A fut\u00f3bab nagy hozam\u00fa t\u00f6rpe fajt\u00e1ja. A n\u00f6v\u00e9nyek rendk\u00edv\u00fcl d\u00edszesek, k\u00e9tsz\u00edn\u0171, piros-feh\u00e9r vir\u00e1gokat hoznak. K\u00f6zvetlen\u00fcl a talajba vetve vagy az \u00fcvegh\u00e1zban termesztett pal\u00e1ntak\u00e9nt \u00fcltetve. Ez a fajta cser\u00e9pben vagy t\u00e1lc\u00e1ban termeszthet\u0151. A h\u00fcvelyek sz\u00e9lesek, z\u00f6ldek, sz\u00e1lak n\u00e9lk\u00fcliek. A bab j\u00f3l terem term\u00e9keny, humuszban gazdag, semleges pH-j\u00fa (6,0\u20136,8), laza, gyorsan felmeleged\u0151 talajban. A fiatal h\u00fcvelyeket lehet s\u00fctni, p\u00e1rolni, bef\u0151zni.<\/p>\n<p>Mennyis\u00e9g egy csomagban 10 g<br \/>\nMagok sz\u00e1ma grammonk\u00e9nt 0,5-2<br \/>\nSz\u00fcret VII-IX<br \/>\nTerm\u0151f\u00f6ld<br \/>\nVet\u00e9sid\u0151 a talajban V-VI, 3-5 cm<br \/>\nGy\u00e1rt\u00f3 \u017dalia stotel\u0117<br \/>\nT\u00e1vols\u00e1gok, cm 40&#215;8 cm<\/p>\n","protected":false},"featured_media":22401,"comment_status":"closed","ping_status":"closed","template":"","meta":[],"product_brand":[],"product_cat":[416],"product_tag":[],"class_list":{"0":"post-22400","1":"product","2":"type-product","3":"status-publish","4":"has-post-thumbnail","6":"product_cat-huvelyesek-vetomagok-zalia-stotele","8":"first","9":"instock","10":"taxable","11":"shipping-taxable","12":"purchasable","13":"product-type-simple"},"_links":{"self":[{"href":"https:\/\/chilimag.hu\/webshop\/wp-json\/wp\/v2\/product\/22400","targetHints":{"allow":["GET"]}}],"collection":[{"href":"https:\/\/chilimag.hu\/webshop\/wp-json\/wp\/v2\/product"}],"about":[{"href":"https:\/\/chilimag.hu\/webshop\/wp-json\/wp\/v2\/types\/product"}],"replies":[{"embeddable":true,"href":"https:\/\/chilimag.hu\/webshop\/wp-json\/wp\/v2\/comments?post=22400"}],"wp:featuredmedia":[{"embeddable":true,"href":"https:\/\/chilimag.hu\/webshop\/wp-json\/wp\/v2\/media\/22401"}],"wp:attachment":[{"href":"https:\/\/chilimag.hu\/webshop\/wp-json\/wp\/v2\/media?parent=22400"}],"wp:term":[{"taxonomy":"product_brand","embeddable":true,"href":"https:\/\/chilimag.hu\/webshop\/wp-json\/wp\/v2\/product_brand?post=22400"},{"taxonomy":"product_cat","embeddable":true,"href":"https:\/\/chilimag.hu\/webshop\/wp-json\/wp\/v2\/product_cat?post=22400"},{"taxonomy":"product_tag","embeddable":true,"href":"https:\/\/chilimag.hu\/webshop\/wp-json\/wp\/v2\/product_tag?post=22400"}],"curies":[{"name":"wp","href":"https:\/\/api.w.org\/{rel}","templated":true}]}}