{"id":22396,"date":"2023-03-12T06:49:21","date_gmt":"2023-03-12T06:49:21","guid":{"rendered":"https:\/\/chilimag.hu\/webshop\/?post_type=product&#038;p=22396"},"modified":"2026-02-22T09:15:50","modified_gmt":"2026-02-22T09:15:50","slug":"porehagyma-tango-z-s-sl","status":"publish","type":"product","link":"https:\/\/chilimag.hu\/webshop\/termek\/porehagyma-tango-z-s-sl\/","title":{"rendered":"P\u00f3r\u00e9hagyma Tango Z.S SL"},"content":{"rendered":"","protected":false},"excerpt":{"rendered":"<p><img decoding=\"async\" class=\"active-logo\" src=\"https:\/\/b2b.seklos.lt\/themes\/warehouse\/img\/logo_en.png\" alt=\"Agrofirma S\u0117klos, UAB\" width=\"280\" height=\"95\" \/><\/p>\n<p>\u0150szi betakar\u00edt\u00e1sra termesztett k\u00e9s\u0151i fajta. Pal\u00e1ntak\u00e9nt \u00fcltetve vagy k\u00f6zvetlen\u00fcl a talajba vetve. A veget\u00e1ci\u00f3s id\u0151szak a vet\u00e9s ut\u00e1n 180-200 nap. Levelei fel\u00e1ll\u00f3k, z\u00f6ldesk\u00e9kek, a sz\u00e1r feh\u00e9r r\u00e9sze nagy, 25-30 cm hossz\u00fa. A n\u00f6v\u00e9nyek ellen\u00e1llnak a -10 \u00b0C-os fagynak. A legjobban term\u00e9keny, nem savany\u00fa v\u00e1lyogtalajban fejl\u0151dik. Frissen vagy h\u0151kezelve fogyasztva. Hossz\u00fa ideig t\u00e1rolhat\u00f3.<\/p>\n<p>Egy csomagban l\u00e9v\u0151 mennyis\u00e9g 1 g<br \/>\nMagok sz\u00e1ma grammonk\u00e9nt 300-320<br \/>\nSz\u00fcret IX-X<br \/>\nTerm\u0151f\u00f6ld<br \/>\nVet\u00e9sid\u0151 a talajban III-IV,1,5-2,5 cm<br \/>\nA pal\u00e1nt\u00e1k vet\u00e9si ideje II-III, 1,5-2,5 cm<br \/>\nGy\u00e1rt\u00f3 \u017dalia stotel\u0117<br \/>\nT\u00e1vols\u00e1gok, cm IV-VI,30&#215;15 cm<\/p>\n","protected":false},"featured_media":22397,"comment_status":"closed","ping_status":"closed","template":"","meta":[],"product_brand":[],"product_cat":[417],"product_tag":[],"class_list":{"0":"post-22396","1":"product","2":"type-product","3":"status-publish","4":"has-post-thumbnail","6":"product_cat-hagyma-vetomagok-zalia-stotele","8":"first","9":"instock","10":"taxable","11":"shipping-taxable","12":"purchasable","13":"product-type-simple"},"_links":{"self":[{"href":"https:\/\/chilimag.hu\/webshop\/wp-json\/wp\/v2\/product\/22396","targetHints":{"allow":["GET"]}}],"collection":[{"href":"https:\/\/chilimag.hu\/webshop\/wp-json\/wp\/v2\/product"}],"about":[{"href":"https:\/\/chilimag.hu\/webshop\/wp-json\/wp\/v2\/types\/product"}],"replies":[{"embeddable":true,"href":"https:\/\/chilimag.hu\/webshop\/wp-json\/wp\/v2\/comments?post=22396"}],"wp:featuredmedia":[{"embeddable":true,"href":"https:\/\/chilimag.hu\/webshop\/wp-json\/wp\/v2\/media\/22397"}],"wp:attachment":[{"href":"https:\/\/chilimag.hu\/webshop\/wp-json\/wp\/v2\/media?parent=22396"}],"wp:term":[{"taxonomy":"product_brand","embeddable":true,"href":"https:\/\/chilimag.hu\/webshop\/wp-json\/wp\/v2\/product_brand?post=22396"},{"taxonomy":"product_cat","embeddable":true,"href":"https:\/\/chilimag.hu\/webshop\/wp-json\/wp\/v2\/product_cat?post=22396"},{"taxonomy":"product_tag","embeddable":true,"href":"https:\/\/chilimag.hu\/webshop\/wp-json\/wp\/v2\/product_tag?post=22396"}],"curies":[{"name":"wp","href":"https:\/\/api.w.org\/{rel}","templated":true}]}}