{"id":22392,"date":"2023-03-12T06:44:55","date_gmt":"2023-03-12T06:44:55","guid":{"rendered":"https:\/\/chilimag.hu\/webshop\/?post_type=product&#038;p=22392"},"modified":"2026-03-25T13:27:01","modified_gmt":"2026-03-25T13:27:01","slug":"paradicsom-ricciolo-z-s-sl","status":"publish","type":"product","link":"https:\/\/chilimag.hu\/webshop\/termek\/paradicsom-ricciolo-z-s-sl\/","title":{"rendered":"Paradicsom Ricciolo Hibrid Z.S SL"},"content":{"rendered":"","protected":false},"excerpt":{"rendered":"<p><img decoding=\"async\" class=\"active-logo\" src=\"https:\/\/b2b.seklos.lt\/themes\/warehouse\/img\/logo_en.png\" alt=\"Agrofirma S\u0117klos, UAB\" width=\"280\" height=\"95\" \/><\/p>\n<p>Korai, hat\u00e1rozatlan, betegs\u00e9grezisztens hibrid. Gy\u00fcm\u00f6lcsei sz\u00edv alak\u00faak, bord\u00e1zottak, h\u00fasosak, 200-300 g t\u00f6meg\u0171ek, kiv\u00e1l\u00f3 \u00edz\u00fck \u00e9s illat\u00faak. \u00dcvegh\u00e1zakban termesztik. Frissen fogyasztva, bef\u0151z\u00e9sre, sz\u00f3szok, paradicsomp\u00fcr\u00e9 k\u00e9sz\u00edt\u00e9s\u00e9re alkalmas. A paradicsom termeszt\u00e9s\u00e9nek legjobb h\u0151m\u00e9rs\u00e9klete +20-32 \u00b0C. A gy\u00f6k\u00e9rn\u00f6veked\u00e9shez a talaj optim\u00e1lis h\u0151m\u00e9rs\u00e9klete +20-22 \u00b0C.<\/p>\n<p>Sz\u00fcret VII-IX<br \/>\nTermeszt\u00e9si hely \u00dcvegh\u00e1zban<br \/>\nA fajta korai ideje Korai<br \/>\nA pal\u00e1nt\u00e1k vet\u00e9si ideje III, 0,5-1,5 cm<br \/>\nGy\u00e1rt\u00f3 \u017dalia stotel\u0117<br \/>\nT\u00e1vols\u00e1gok, cm V, 90&#215;40 cm<br \/>\nN\u00f6v\u00e9nymagass\u00e1g, cm Auk\u0161ta\u016bgiai<br \/>\nMagok sz\u00e1ma a csomagban, db. 10<\/p>\n","protected":false},"featured_media":22393,"comment_status":"closed","ping_status":"closed","template":"","meta":[],"product_brand":[],"product_cat":[413],"product_tag":[],"class_list":{"0":"post-22392","1":"product","2":"type-product","3":"status-publish","4":"has-post-thumbnail","6":"product_cat-paradicsom-vetomagok-zalia-stotele","8":"first","9":"instock","10":"taxable","11":"shipping-taxable","12":"purchasable","13":"product-type-simple"},"_links":{"self":[{"href":"https:\/\/chilimag.hu\/webshop\/wp-json\/wp\/v2\/product\/22392","targetHints":{"allow":["GET"]}}],"collection":[{"href":"https:\/\/chilimag.hu\/webshop\/wp-json\/wp\/v2\/product"}],"about":[{"href":"https:\/\/chilimag.hu\/webshop\/wp-json\/wp\/v2\/types\/product"}],"replies":[{"embeddable":true,"href":"https:\/\/chilimag.hu\/webshop\/wp-json\/wp\/v2\/comments?post=22392"}],"wp:featuredmedia":[{"embeddable":true,"href":"https:\/\/chilimag.hu\/webshop\/wp-json\/wp\/v2\/media\/22393"}],"wp:attachment":[{"href":"https:\/\/chilimag.hu\/webshop\/wp-json\/wp\/v2\/media?parent=22392"}],"wp:term":[{"taxonomy":"product_brand","embeddable":true,"href":"https:\/\/chilimag.hu\/webshop\/wp-json\/wp\/v2\/product_brand?post=22392"},{"taxonomy":"product_cat","embeddable":true,"href":"https:\/\/chilimag.hu\/webshop\/wp-json\/wp\/v2\/product_cat?post=22392"},{"taxonomy":"product_tag","embeddable":true,"href":"https:\/\/chilimag.hu\/webshop\/wp-json\/wp\/v2\/product_tag?post=22392"}],"curies":[{"name":"wp","href":"https:\/\/api.w.org\/{rel}","templated":true}]}}