{"id":22383,"date":"2023-03-12T06:39:03","date_gmt":"2023-03-12T06:39:03","guid":{"rendered":"https:\/\/chilimag.hu\/webshop\/?post_type=product&#038;p=22383"},"modified":"2026-01-27T18:51:45","modified_gmt":"2026-01-27T18:51:45","slug":"paradicsom-nerondo-z-s-sl","status":"publish","type":"product","link":"https:\/\/chilimag.hu\/webshop\/termek\/paradicsom-nerondo-z-s-sl\/","title":{"rendered":"Paradicsom Nerondo Hibrid Z.S SL"},"content":{"rendered":"","protected":false},"excerpt":{"rendered":"<p><img decoding=\"async\" class=\"active-logo\" src=\"https:\/\/b2b.seklos.lt\/themes\/warehouse\/img\/logo_en.png\" alt=\"Agrofirma S\u0117klos, UAB\" width=\"280\" height=\"95\" \/><\/p>\n<p>K\u00f6zepesen korai, hat\u00e1rozatlan, betegs\u00e9grezisztens hibrid, hossz\u00fa t\u00e1von term\u0151 term\u00e9s. Gy\u00fcm\u00f6lcsei v\u00e9kony h\u00e9j\u00faak, l\u00e9d\u00fasak, \u00edzletesek \u00e9s 130-150 g t\u00f6meg\u0171ek. Gazdag likopin karotinoidban, az egyik leger\u0151sebb term\u00e9szetes antioxid\u00e1nsban. Alkalmas r\u00e1gcs\u00e1lnival\u00f3k, sal\u00e1t\u00e1k, sz\u00f3szok k\u00e9sz\u00edt\u00e9s\u00e9re. \u00dcvegh\u00e1zakban termesztik. A paradicsom termeszt\u00e9s\u00e9nek legjobb h\u0151m\u00e9rs\u00e9klete +20\u201332 \u00b0 C. A gy\u00fcm\u00f6lcs\u00e9r\u00e9s sor\u00e1n a n\u00f6v\u00e9nyeknek sokkal t\u00f6bb v\u00edzre van sz\u00fcks\u00e9g\u00fck, mint a fiatal n\u00f6v\u00e9nyeknek. A gy\u00f6kerekn\u00e9l \u00f6nt\u00f6zik \u2013 a leveleknek \u00e9s a n\u00f6v\u00e9ny als\u00f3 r\u00e9sz\u00e9nek sz\u00e1raznak kell maradnia.<\/p>\n<p>Sz\u00fcret VII-IX<br \/>\nTermeszt\u00e9si hely \u00dcvegh\u00e1zban<br \/>\nA fajta korai ideje M\u00e9rs\u00e9kelten korai<br \/>\nA pal\u00e1nt\u00e1k vet\u00e9si ideje III-IV,0,5-1,5 cm<br \/>\nGy\u00e1rt\u00f3 \u017dalia stotel\u0117<br \/>\nT\u00e1vols\u00e1gok, cm IV-V, 90&#215;40 cm<br \/>\nN\u00f6v\u00e9nymagass\u00e1g, cm Auk\u0161ta\u016bgiai<br \/>\nMagok sz\u00e1ma a csomagban, db. 7<\/p>\n","protected":false},"featured_media":22387,"comment_status":"closed","ping_status":"closed","template":"","meta":[],"product_brand":[],"product_cat":[413],"product_tag":[],"class_list":{"0":"post-22383","1":"product","2":"type-product","3":"status-publish","4":"has-post-thumbnail","6":"product_cat-paradicsom-vetomagok-zalia-stotele","8":"first","9":"instock","10":"taxable","11":"shipping-taxable","12":"purchasable","13":"product-type-simple"},"_links":{"self":[{"href":"https:\/\/chilimag.hu\/webshop\/wp-json\/wp\/v2\/product\/22383","targetHints":{"allow":["GET"]}}],"collection":[{"href":"https:\/\/chilimag.hu\/webshop\/wp-json\/wp\/v2\/product"}],"about":[{"href":"https:\/\/chilimag.hu\/webshop\/wp-json\/wp\/v2\/types\/product"}],"replies":[{"embeddable":true,"href":"https:\/\/chilimag.hu\/webshop\/wp-json\/wp\/v2\/comments?post=22383"}],"wp:featuredmedia":[{"embeddable":true,"href":"https:\/\/chilimag.hu\/webshop\/wp-json\/wp\/v2\/media\/22387"}],"wp:attachment":[{"href":"https:\/\/chilimag.hu\/webshop\/wp-json\/wp\/v2\/media?parent=22383"}],"wp:term":[{"taxonomy":"product_brand","embeddable":true,"href":"https:\/\/chilimag.hu\/webshop\/wp-json\/wp\/v2\/product_brand?post=22383"},{"taxonomy":"product_cat","embeddable":true,"href":"https:\/\/chilimag.hu\/webshop\/wp-json\/wp\/v2\/product_cat?post=22383"},{"taxonomy":"product_tag","embeddable":true,"href":"https:\/\/chilimag.hu\/webshop\/wp-json\/wp\/v2\/product_tag?post=22383"}],"curies":[{"name":"wp","href":"https:\/\/api.w.org\/{rel}","templated":true}]}}