{"id":22367,"date":"2023-03-11T18:57:02","date_gmt":"2023-03-11T18:57:02","guid":{"rendered":"https:\/\/chilimag.hu\/webshop\/?post_type=product&#038;p=22367"},"modified":"2026-03-04T08:35:22","modified_gmt":"2026-03-04T08:35:22","slug":"paradicsom-bellandine-z-s-sl","status":"publish","type":"product","link":"https:\/\/chilimag.hu\/webshop\/termek\/paradicsom-bellandine-z-s-sl\/","title":{"rendered":"Paradicsom Bellandine Hibrid  Z.S SL"},"content":{"rendered":"","protected":false},"excerpt":{"rendered":"<p><img decoding=\"async\" class=\"active-logo\" src=\"https:\/\/b2b.seklos.lt\/themes\/warehouse\/img\/logo_en.png\" alt=\"Agrofirma S\u0117klos, UAB\" width=\"280\" height=\"95\" \/><\/p>\n<p>Korai, hat\u00e1rozatlan, betegs\u00e9grezisztens hibrid term\u0151 betakar\u00edt\u00e1s hossz\u00fa ideig. Gy\u00fcm\u00f6lcse szarv alak\u00fa, 200-230 g t\u00f6meg\u0171. A h\u00fas h\u00fasos, finom \u00e9s nagyon kev\u00e9s magot tartalmaz. Frissen fogyasztva, sz\u00e1r\u00edt\u00e1sra, sz\u00f3szok vagy paradicsomp\u00fcr\u00e9 k\u00e9sz\u00edt\u00e9s\u00e9re alkalmas. A paradicsom termeszt\u00e9s\u00e9nek legjobb h\u0151m\u00e9rs\u00e9klete +20-32 \u00b0C. A gy\u00fcm\u00f6lcs\u00e9r\u00e9s sor\u00e1n a n\u00f6v\u00e9nyeknek sokkal t\u00f6bb v\u00edzre van sz\u00fcks\u00e9g\u00fck, mint a fiatal n\u00f6v\u00e9nyeknek. A gy\u00f6kerekn\u00e9l \u00f6nt\u00f6zik \u2013 a leveleknek \u00e9s a n\u00f6v\u00e9ny als\u00f3 r\u00e9sz\u00e9nek sz\u00e1raznak kell maradnia.<br \/>\nSz\u00fcret VI-IX<br \/>\nTerm\u0151f\u00f6ld<br \/>\nA pal\u00e1nt\u00e1k vet\u00e9si ideje III, 0,5-1,5 cm<br \/>\nGy\u00e1rt\u00f3 \u017dalia stotel\u0117<br \/>\nT\u00e1vols\u00e1gok, cm IV-V, 90&#215;40 cm<br \/>\nGy\u00e1rt\u00f3 \u017dALIA STOTEL\u0116<br \/>\nMagok sz\u00e1ma a csomagban, db. 7<\/p>\n","protected":false},"featured_media":22368,"comment_status":"closed","ping_status":"closed","template":"","meta":[],"product_brand":[],"product_cat":[413],"product_tag":[],"class_list":{"0":"post-22367","1":"product","2":"type-product","3":"status-publish","4":"has-post-thumbnail","6":"product_cat-paradicsom-vetomagok-zalia-stotele","8":"first","9":"instock","10":"taxable","11":"shipping-taxable","12":"purchasable","13":"product-type-simple"},"_links":{"self":[{"href":"https:\/\/chilimag.hu\/webshop\/wp-json\/wp\/v2\/product\/22367","targetHints":{"allow":["GET"]}}],"collection":[{"href":"https:\/\/chilimag.hu\/webshop\/wp-json\/wp\/v2\/product"}],"about":[{"href":"https:\/\/chilimag.hu\/webshop\/wp-json\/wp\/v2\/types\/product"}],"replies":[{"embeddable":true,"href":"https:\/\/chilimag.hu\/webshop\/wp-json\/wp\/v2\/comments?post=22367"}],"wp:featuredmedia":[{"embeddable":true,"href":"https:\/\/chilimag.hu\/webshop\/wp-json\/wp\/v2\/media\/22368"}],"wp:attachment":[{"href":"https:\/\/chilimag.hu\/webshop\/wp-json\/wp\/v2\/media?parent=22367"}],"wp:term":[{"taxonomy":"product_brand","embeddable":true,"href":"https:\/\/chilimag.hu\/webshop\/wp-json\/wp\/v2\/product_brand?post=22367"},{"taxonomy":"product_cat","embeddable":true,"href":"https:\/\/chilimag.hu\/webshop\/wp-json\/wp\/v2\/product_cat?post=22367"},{"taxonomy":"product_tag","embeddable":true,"href":"https:\/\/chilimag.hu\/webshop\/wp-json\/wp\/v2\/product_tag?post=22367"}],"curies":[{"name":"wp","href":"https:\/\/api.w.org\/{rel}","templated":true}]}}