{"id":22365,"date":"2023-03-11T18:54:57","date_gmt":"2023-03-11T18:54:57","guid":{"rendered":"https:\/\/chilimag.hu\/webshop\/?post_type=product&#038;p=22365"},"modified":"2025-08-26T11:26:24","modified_gmt":"2025-08-26T11:26:24","slug":"paradicsom-baton-rouge-z-s-sl","status":"publish","type":"product","link":"https:\/\/chilimag.hu\/webshop\/termek\/paradicsom-baton-rouge-z-s-sl\/","title":{"rendered":"Paradicsom Baton Rouge Hibrid Z.S SL"},"content":{"rendered":"","protected":false},"excerpt":{"rendered":"<p><img decoding=\"async\" class=\"active-logo\" src=\"https:\/\/b2b.seklos.lt\/themes\/warehouse\/img\/logo_en.png\" alt=\"Agrofirma S\u0117klos, UAB\" width=\"280\" height=\"95\" \/><\/p>\n<p>Hat\u00e1rozatlan, k\u00f6z\u00e9pkorai, nagy hozam\u00fa, sal\u00e1ta t\u00edpus\u00fa paradicsom hibrid. A n\u00f6v\u00e9nyek er\u0151sek, s\u00f6t\u00e9tz\u00f6ld levelekkel, a legt\u00f6bb betegs\u00e9ggel szembeni ellen\u00e1ll\u00f3 k\u00e9pess\u00e9g\u00fck miatt kiemelkednek j\u00f3 eg\u00e9szs\u00e9g\u00fckb\u0151l. Csokronk\u00e9nt 5-6 egyforma m\u00e9ret\u0171, h\u00fasos, nem kem\u00e9ny, 120-130 g t\u00f6meg\u0171 gy\u00fcm\u00f6lcs n\u0151. \u00dcvegh\u00e1zakban termesztik. Frissen fogyasztva, alkalmas bef\u0151z\u00e9sre, sz\u00f3szok, paszt\u00e1k k\u00e9sz\u00edt\u00e9s\u00e9re.<br \/>\nSz\u00fcret VI-IX<br \/>\nTermeszt\u00e9si hely \u00dcvegh\u00e1zban<br \/>\nA pal\u00e1nt\u00e1k vet\u00e9si ideje II-III, 0,5-1,5 cm<br \/>\nGy\u00e1rt\u00f3 \u017dalia stotel\u0117<br \/>\nT\u00e1vols\u00e1gok, cm IV-V, 90&#215;40 cm<br \/>\nMagok sz\u00e1ma a csomagban, db. 10<\/p>\n","protected":false},"featured_media":22366,"comment_status":"closed","ping_status":"closed","template":"","meta":[],"product_brand":[],"product_cat":[413],"product_tag":[],"class_list":{"0":"post-22365","1":"product","2":"type-product","3":"status-publish","4":"has-post-thumbnail","6":"product_cat-paradicsom-vetomagok-zalia-stotele","8":"first","9":"instock","10":"taxable","11":"shipping-taxable","12":"purchasable","13":"product-type-simple"},"_links":{"self":[{"href":"https:\/\/chilimag.hu\/webshop\/wp-json\/wp\/v2\/product\/22365","targetHints":{"allow":["GET"]}}],"collection":[{"href":"https:\/\/chilimag.hu\/webshop\/wp-json\/wp\/v2\/product"}],"about":[{"href":"https:\/\/chilimag.hu\/webshop\/wp-json\/wp\/v2\/types\/product"}],"replies":[{"embeddable":true,"href":"https:\/\/chilimag.hu\/webshop\/wp-json\/wp\/v2\/comments?post=22365"}],"wp:featuredmedia":[{"embeddable":true,"href":"https:\/\/chilimag.hu\/webshop\/wp-json\/wp\/v2\/media\/22366"}],"wp:attachment":[{"href":"https:\/\/chilimag.hu\/webshop\/wp-json\/wp\/v2\/media?parent=22365"}],"wp:term":[{"taxonomy":"product_brand","embeddable":true,"href":"https:\/\/chilimag.hu\/webshop\/wp-json\/wp\/v2\/product_brand?post=22365"},{"taxonomy":"product_cat","embeddable":true,"href":"https:\/\/chilimag.hu\/webshop\/wp-json\/wp\/v2\/product_cat?post=22365"},{"taxonomy":"product_tag","embeddable":true,"href":"https:\/\/chilimag.hu\/webshop\/wp-json\/wp\/v2\/product_tag?post=22365"}],"curies":[{"name":"wp","href":"https:\/\/api.w.org\/{rel}","templated":true}]}}