{"id":22362,"date":"2023-03-11T18:53:02","date_gmt":"2023-03-11T18:53:02","guid":{"rendered":"https:\/\/chilimag.hu\/webshop\/?post_type=product&#038;p=22362"},"modified":"2026-01-04T22:00:34","modified_gmt":"2026-01-04T22:00:34","slug":"paprika-rewia-z-s-sl","status":"publish","type":"product","link":"https:\/\/chilimag.hu\/webshop\/termek\/paprika-rewia-z-s-sl\/","title":{"rendered":"Paprika Rewia Z.S SL"},"content":{"rendered":"","protected":false},"excerpt":{"rendered":"<p><img decoding=\"async\" class=\"active-logo\" src=\"https:\/\/b2b.seklos.lt\/themes\/warehouse\/img\/logo_en.png\" alt=\"Agrofirma S\u0117klos, UAB\" width=\"280\" height=\"95\" \/><\/p>\n<p>Korai v\u00e1ltozatoss\u00e1g. A n\u00f6v\u00e9nyek 50-60 cm magasak. Az \u00e9rett gy\u00fcm\u00f6lcs l\u00e9d\u00fas, narancss\u00e1rga, 3-4 kar\u00e9j\u00fa, 7 mm vastag fal\u00fa, s\u00falya kb. 140-160 g. \u00dcvegh\u00e1zakban \u00e9s szabadban termesztik. Ny\u00edlt ter\u00fcleten t\u00f6rt\u00e9n\u0151 termeszt\u00e9skor napos, sz\u00e9lt\u0151l v\u00e9dett helyet kell v\u00e1lasztani. J\u00f3l n\u00f6vekszik a term\u00e9keny, nedves \u00e9s meleg humuszban gazdag, m\u0171velt, nem savas (pH 6,5) homokos vagy k\u00f6nny\u0171 agyagos talajban. A gy\u00fcm\u00f6lcsfejl\u0151d\u00e9s sor\u00e1n az \u00e9des paprik\u00e1t hetente 2-3 alkalommal, lehet\u0151leg d\u00e9lig b\u0151s\u00e9gesen kell \u00f6nt\u00f6zni.<br \/>\nMennyis\u00e9g egy csomagban 0,2g<br \/>\nMagok sz\u00e1ma grammonk\u00e9nt 120-160<br \/>\nSz\u00fcret VII-VIII<br \/>\nTerm\u0151f\u00f6ld<br \/>\nA pal\u00e1nt\u00e1k vet\u00e9si ideje II-III, 0,5-1,5 cm<br \/>\nGy\u00e1rt\u00f3 \u017dalia stotel\u0117<br \/>\nT\u00e1vols\u00e1gok, cm IV\u2013VI, 60&#215;40 cm<\/p>\n","protected":false},"featured_media":22363,"comment_status":"closed","ping_status":"closed","template":"","meta":[],"product_brand":[],"product_cat":[414],"product_tag":[],"class_list":{"0":"post-22362","1":"product","2":"type-product","3":"status-publish","4":"has-post-thumbnail","6":"product_cat-paprika-vetomagok-zalia-stotele","8":"first","9":"instock","10":"taxable","11":"shipping-taxable","12":"purchasable","13":"product-type-simple"},"_links":{"self":[{"href":"https:\/\/chilimag.hu\/webshop\/wp-json\/wp\/v2\/product\/22362","targetHints":{"allow":["GET"]}}],"collection":[{"href":"https:\/\/chilimag.hu\/webshop\/wp-json\/wp\/v2\/product"}],"about":[{"href":"https:\/\/chilimag.hu\/webshop\/wp-json\/wp\/v2\/types\/product"}],"replies":[{"embeddable":true,"href":"https:\/\/chilimag.hu\/webshop\/wp-json\/wp\/v2\/comments?post=22362"}],"wp:featuredmedia":[{"embeddable":true,"href":"https:\/\/chilimag.hu\/webshop\/wp-json\/wp\/v2\/media\/22363"}],"wp:attachment":[{"href":"https:\/\/chilimag.hu\/webshop\/wp-json\/wp\/v2\/media?parent=22362"}],"wp:term":[{"taxonomy":"product_brand","embeddable":true,"href":"https:\/\/chilimag.hu\/webshop\/wp-json\/wp\/v2\/product_brand?post=22362"},{"taxonomy":"product_cat","embeddable":true,"href":"https:\/\/chilimag.hu\/webshop\/wp-json\/wp\/v2\/product_cat?post=22362"},{"taxonomy":"product_tag","embeddable":true,"href":"https:\/\/chilimag.hu\/webshop\/wp-json\/wp\/v2\/product_tag?post=22362"}],"curies":[{"name":"wp","href":"https:\/\/api.w.org\/{rel}","templated":true}]}}