{"id":22360,"date":"2023-03-11T18:51:06","date_gmt":"2023-03-11T18:51:06","guid":{"rendered":"https:\/\/chilimag.hu\/webshop\/?post_type=product&#038;p=22360"},"modified":"2025-09-21T21:01:04","modified_gmt":"2025-09-21T21:01:04","slug":"paprika-hallo-z-s-sl","status":"publish","type":"product","link":"https:\/\/chilimag.hu\/webshop\/termek\/paprika-hallo-z-s-sl\/","title":{"rendered":"Paprika Hallo Z.S SL"},"content":{"rendered":"","protected":false},"excerpt":{"rendered":"<p><img decoding=\"async\" class=\"active-logo\" src=\"https:\/\/b2b.seklos.lt\/themes\/warehouse\/img\/logo_en.png\" alt=\"Agrofirma S\u0117klos, UAB\" width=\"280\" height=\"95\" \/><\/p>\n<p>K\u00f6z\u00e9pkorai fajta. N\u00f6v\u00e9nymagass\u00e1g &#8211; 60-70 cm. A term\u00e9sfalak 7-9 mm vastagok, s\u00falyuk kb. 180-250 g. Egy n\u00f6v\u00e9ny 10-14 term\u00e9st hoz. Alagutakban, polietil\u00e9nben \u00e9s \u00fcvegh\u00e1zban termesztik. J\u00f3l n\u00f6vekszik humuszban gazdag, m\u0171velt, nem savas (pH 6,5) homokos vagy k\u00f6nny\u0171 agyagos talajban. A gy\u00fcm\u00f6lcsfejl\u0151d\u00e9s sor\u00e1n az \u00e9des paprik\u00e1t hetente 2-3 alkalommal, lehet\u0151leg d\u00e9lig b\u0151s\u00e9gesen kell \u00f6nt\u00f6zni.<br \/>\nMennyis\u00e9g egy csomagban 0,2g<br \/>\nMagok sz\u00e1ma grammonk\u00e9nt 120-160<br \/>\nSz\u00fcret VII-IX<br \/>\nTermeszt\u00e9si hely \u00dcvegh\u00e1zban<br \/>\nA pal\u00e1nt\u00e1k vet\u00e9si ideje II-III, 0,5-1,5cm<br \/>\nGy\u00e1rt\u00f3 \u017dalia stotel\u0117<br \/>\nT\u00e1vols\u00e1gok, cm IV\u2013VI, 60&#215;40 cm<\/p>\n","protected":false},"featured_media":22361,"comment_status":"closed","ping_status":"closed","template":"","meta":[],"product_brand":[],"product_cat":[414],"product_tag":[],"class_list":{"0":"post-22360","1":"product","2":"type-product","3":"status-publish","4":"has-post-thumbnail","6":"product_cat-paprika-vetomagok-zalia-stotele","8":"first","9":"instock","10":"taxable","11":"shipping-taxable","12":"purchasable","13":"product-type-simple"},"_links":{"self":[{"href":"https:\/\/chilimag.hu\/webshop\/wp-json\/wp\/v2\/product\/22360","targetHints":{"allow":["GET"]}}],"collection":[{"href":"https:\/\/chilimag.hu\/webshop\/wp-json\/wp\/v2\/product"}],"about":[{"href":"https:\/\/chilimag.hu\/webshop\/wp-json\/wp\/v2\/types\/product"}],"replies":[{"embeddable":true,"href":"https:\/\/chilimag.hu\/webshop\/wp-json\/wp\/v2\/comments?post=22360"}],"wp:featuredmedia":[{"embeddable":true,"href":"https:\/\/chilimag.hu\/webshop\/wp-json\/wp\/v2\/media\/22361"}],"wp:attachment":[{"href":"https:\/\/chilimag.hu\/webshop\/wp-json\/wp\/v2\/media?parent=22360"}],"wp:term":[{"taxonomy":"product_brand","embeddable":true,"href":"https:\/\/chilimag.hu\/webshop\/wp-json\/wp\/v2\/product_brand?post=22360"},{"taxonomy":"product_cat","embeddable":true,"href":"https:\/\/chilimag.hu\/webshop\/wp-json\/wp\/v2\/product_cat?post=22360"},{"taxonomy":"product_tag","embeddable":true,"href":"https:\/\/chilimag.hu\/webshop\/wp-json\/wp\/v2\/product_tag?post=22360"}],"curies":[{"name":"wp","href":"https:\/\/api.w.org\/{rel}","templated":true}]}}